{"id":41,"date":"2019-05-15T23:09:35","date_gmt":"2019-05-15T21:09:35","guid":{"rendered":"https:\/\/pb.edu.pl\/znp\/?page_id=41"},"modified":"2023-04-18T10:36:48","modified_gmt":"2023-04-18T08:36:48","slug":"kontakt","status":"publish","type":"page","link":"https:\/\/pb.edu.pl\/znp\/kontakt\/","title":{"rendered":"Kontakt"},"content":{"rendered":"<p><img loading=\"lazy\" decoding=\"async\" class=\"alignleft size-full wp-image-61\" src=\"https:\/\/pb.edu.pl\/znp\/wp-content\/uploads\/sites\/33\/2019\/05\/logo_znp.gif\" alt=\"\" width=\"69\" height=\"100\"><strong>Biuro Zwi\u0105zku Nauczycielstwa Polskiego w Politechnice Bia\u0142ostockiej<\/strong><\/p>\n<p>Siedziba: ul. Wiejska 45 A (budynek Rektoratu)<br \/>\nPok\u00f3j nr 11 (w cz\u0119\u015bci C)<\/p>\n<p>NIP 542-23-91-008<\/p>\n<div style=\"clear: both\">&nbsp;<\/div>\n<p>&nbsp;<strong>Zapraszamy:<\/strong><br \/>\nponiedzia\u0142ek &#8211; 7.30 &#8211; 13.30<br \/>\nwtorek &#8211; 7.30 &#8211; 13.30<br \/>\n\u015broda &#8211; 8.30 &#8211; 14.30<\/p>\n<p>&nbsp;<\/p>\n<p style=\"font-weight: 400\">Obs\u0142uga administracyjna&nbsp;<em>\u2013 Lucyna Kowalczyk<\/em><\/p>\n<p style=\"font-weight: 400\"><i class=\"fa fa-phone\" aria-hidden=\"true\"><\/i> (85) 746-95-51<\/p>\n<p style=\"font-weight: 400\"><i class=\"fa fa-phone\" aria-hidden=\"true\"><\/i> (+48) 506- 111-188<\/p>\n<p>&nbsp;<\/p>\n<p>W pilnych sprawach kontakt: <i class=\"fa fa-envelope-o\" aria-hidden=\"true\"><\/i> <a href=\"#\" rel=\"nofollow\"  onclick=\"this.href='mailto:' + 'znp' + '@' + 'pb.edu.pl'\">znp [at] pb.edu.pl<\/a>\n<p><b>lub tel. <i class=\"fa fa-phone\" aria-hidden=\"true\"><\/i> (+48) 571-443-190 (<i>Prezes Rady ZNP Stanis\u0142aw S\u0142owikowski<\/i>)<\/b><\/p>\n","protected":false},"excerpt":{"rendered":"<p>Biuro Zwi\u0105zku Nauczycielstwa Polskiego w Politechnice Bia\u0142ostockiej Siedziba: ul. Wiejska 45 A (budynek Rektoratu) Pok\u00f3j<\/p>\n","protected":false},"author":2,"featured_media":0,"parent":0,"menu_order":7,"comment_status":"closed","ping_status":"closed","template":"","meta":{"_acf_changed":false,"ngg_post_thumbnail":0,"footnotes":""},"class_list":["post-41","page","type-page","status-publish","hentry"],"acf":[],"_links":{"self":[{"href":"https:\/\/pb.edu.pl\/znp\/wp-json\/wp\/v2\/pages\/41","targetHints":{"allow":["GET"]}}],"collection":[{"href":"https:\/\/pb.edu.pl\/znp\/wp-json\/wp\/v2\/pages"}],"about":[{"href":"https:\/\/pb.edu.pl\/znp\/wp-json\/wp\/v2\/types\/page"}],"author":[{"embeddable":true,"href":"https:\/\/pb.edu.pl\/znp\/wp-json\/wp\/v2\/users\/2"}],"replies":[{"embeddable":true,"href":"https:\/\/pb.edu.pl\/znp\/wp-json\/wp\/v2\/comments?post=41"}],"version-history":[{"count":0,"href":"https:\/\/pb.edu.pl\/znp\/wp-json\/wp\/v2\/pages\/41\/revisions"}],"wp:attachment":[{"href":"https:\/\/pb.edu.pl\/znp\/wp-json\/wp\/v2\/media?parent=41"}],"curies":[{"name":"wp","href":"https:\/\/api.w.org\/{rel}","templated":true}]}}