{"id":39,"date":"2019-05-15T23:09:14","date_gmt":"2019-05-15T21:09:14","guid":{"rendered":"https:\/\/pb.edu.pl\/znp\/?page_id=39"},"modified":"2019-09-09T13:14:41","modified_gmt":"2019-09-09T11:14:41","slug":"przydatne-linki","status":"publish","type":"page","link":"https:\/\/pb.edu.pl\/znp\/przydatne-linki\/","title":{"rendered":"Przydatne linki"},"content":{"rendered":"<p><a class=\"pdf\" href=\"https:\/\/pb.edu.pl\/znp\/wp-content\/uploads\/sites\/33\/2019\/09\/Ustawa-o-zw.-2019.pdf\" target=\"_blank\" rel=\"noopener\">Ustawa o zwi\u0105zkach zawodowych (tekst jednolity, aktualizacja na dzien 01.01.2019 )<\/a><\/p>\n<p><a href=\"http:\/\/rszwin.znp.edu.pl\/\" target=\"_blank\" rel=\"noopener\">Rada Szkolnictwa Wy\u017cszego i Nauki<\/a><\/p>\n<p><a href=\"http:\/\/pb.edu.pl\/\" target=\"_blank\" rel=\"noopener\">Strona g\u0142\u00f3wna Politechniki Bia\u0142ostockiej<\/a><\/p>\n","protected":false},"excerpt":{"rendered":"<p>Ustawa o zwi\u0105zkach zawodowych (tekst jednolity, aktualizacja na dzien 01.01.2019 ) Rada Szkolnictwa Wy\u017cszego i<\/p>\n","protected":false},"author":2,"featured_media":0,"parent":0,"menu_order":6,"comment_status":"closed","ping_status":"closed","template":"","meta":{"_acf_changed":false,"ngg_post_thumbnail":0,"footnotes":""},"class_list":["post-39","page","type-page","status-publish","hentry"],"acf":[],"_links":{"self":[{"href":"https:\/\/pb.edu.pl\/znp\/wp-json\/wp\/v2\/pages\/39","targetHints":{"allow":["GET"]}}],"collection":[{"href":"https:\/\/pb.edu.pl\/znp\/wp-json\/wp\/v2\/pages"}],"about":[{"href":"https:\/\/pb.edu.pl\/znp\/wp-json\/wp\/v2\/types\/page"}],"author":[{"embeddable":true,"href":"https:\/\/pb.edu.pl\/znp\/wp-json\/wp\/v2\/users\/2"}],"replies":[{"embeddable":true,"href":"https:\/\/pb.edu.pl\/znp\/wp-json\/wp\/v2\/comments?post=39"}],"version-history":[{"count":0,"href":"https:\/\/pb.edu.pl\/znp\/wp-json\/wp\/v2\/pages\/39\/revisions"}],"wp:attachment":[{"href":"https:\/\/pb.edu.pl\/znp\/wp-json\/wp\/v2\/media?parent=39"}],"curies":[{"name":"wp","href":"https:\/\/api.w.org\/{rel}","templated":true}]}}