{"id":37,"date":"2019-05-15T23:08:57","date_gmt":"2019-05-15T21:08:57","guid":{"rendered":"https:\/\/pb.edu.pl\/znp\/?page_id=37"},"modified":"2023-10-24T12:34:08","modified_gmt":"2023-10-24T10:34:08","slug":"pliki-do-pobrania","status":"publish","type":"page","link":"https:\/\/pb.edu.pl\/znp\/pliki-do-pobrania\/","title":{"rendered":"Pliki do pobrania"},"content":{"rendered":"<p><a href=\"https:\/\/pb.edu.pl\/znp\/wp-content\/uploads\/sites\/33\/2023\/10\/Ustawa-o-zwiazkach-zawodowych-tekst-jednolity.pdf\">Ustawa o zwi\u0105zkach zawodowych &#8211; tekst jednolity<\/a><\/p>\n<p><a href=\"https:\/\/pb.edu.pl\/znp\/wp-content\/uploads\/sites\/33\/2023\/10\/Deklaracja-czlonkowska.doc\">Deklaracja cz\u0142onkowska<\/a><\/p>\n<p><a href=\"https:\/\/pb.edu.pl\/znp\/wp-content\/uploads\/sites\/33\/2023\/10\/oswidczenie-o-skladkach.docx\">o\u015bwiadczenie o sk\u0142adkach<\/a><\/p>\n","protected":false},"excerpt":{"rendered":"<p>Ustawa o zwi\u0105zkach zawodowych &#8211; tekst jednolity Deklaracja cz\u0142onkowska o\u015bwiadczenie o sk\u0142adkach<\/p>\n","protected":false},"author":2,"featured_media":0,"parent":0,"menu_order":5,"comment_status":"closed","ping_status":"closed","template":"","meta":{"_acf_changed":false,"ngg_post_thumbnail":0,"footnotes":""},"class_list":["post-37","page","type-page","status-publish","hentry"],"acf":[],"_links":{"self":[{"href":"https:\/\/pb.edu.pl\/znp\/wp-json\/wp\/v2\/pages\/37","targetHints":{"allow":["GET"]}}],"collection":[{"href":"https:\/\/pb.edu.pl\/znp\/wp-json\/wp\/v2\/pages"}],"about":[{"href":"https:\/\/pb.edu.pl\/znp\/wp-json\/wp\/v2\/types\/page"}],"author":[{"embeddable":true,"href":"https:\/\/pb.edu.pl\/znp\/wp-json\/wp\/v2\/users\/2"}],"replies":[{"embeddable":true,"href":"https:\/\/pb.edu.pl\/znp\/wp-json\/wp\/v2\/comments?post=37"}],"version-history":[{"count":0,"href":"https:\/\/pb.edu.pl\/znp\/wp-json\/wp\/v2\/pages\/37\/revisions"}],"wp:attachment":[{"href":"https:\/\/pb.edu.pl\/znp\/wp-json\/wp\/v2\/media?parent=37"}],"curies":[{"name":"wp","href":"https:\/\/api.w.org\/{rel}","templated":true}]}}