{"id":35,"date":"2019-05-15T23:08:36","date_gmt":"2019-05-15T21:08:36","guid":{"rendered":"https:\/\/pb.edu.pl\/znp\/?page_id=35"},"modified":"2019-05-23T11:07:39","modified_gmt":"2019-05-23T09:07:39","slug":"historia-zwiazku","status":"publish","type":"page","link":"https:\/\/pb.edu.pl\/znp\/historia-zwiazku\/","title":{"rendered":"Historia zwi\u0105zku"},"content":{"rendered":"<p>Dzia\u0142alno\u015b\u0107 Zwi\u0105zku Nauczycielstwa Polskiego w Politechnice Bia\u0142ostockiej si\u0119ga jej pocz\u0105tk\u00f3w tj. 1 XI 1949r. W\u00f3wczas to w Wieczorowej Szkole In\u017cynierskiej powsta\u0142a grupa zwi\u0105zkowa ZNP licz\u0105ca 11 os\u00f3b. Pierwszym prezesem by\u0142 kol. Witold Bohatyrewicz. Wraz z rozwojem Uczelni i zwi\u0119kszaj\u0105c\u0105 si\u0119 liczb\u0105 pracownik\u00f3w ognisko ZNP licz\u0105ce ju\u017c 400 cz\u0142onk\u00f3w przekszta\u0142ci\u0142o si\u0119 w Rad\u0119 Zak\u0142adow\u0105 ZNP. Pierwszym jej prezesem zosta\u0142 kol. W.Skorko.<\/p>\n<p><strong>Z inicjatywy ZNP w uczelni w latach 1953 &#8211; 1969 powsta\u0142y:<\/strong><\/p>\n<ul>\n<li>Kasa Zapomogowo &#8211; po\u017cyczkowa;<\/li>\n<li>Klub Zwi\u0105zkowy, przekszta\u0142cony w 1964r. w Klub Pracowniczy;<\/li>\n<li>O\u015brodek Wypoczynkowy w Augustowie;<\/li>\n<li>O\u015brodek Pracy Tw\u00f3rczej w Ho\u0142nach Mejera;<\/li>\n<li>Klub Seniora;<\/li>\n<li>Klub \u017beglarski;<\/li>\n<li>Wypo\u017cyczalnia Sprz\u0119tu Sportowego;<\/li>\n<\/ul>\n<p>Najwi\u0119kszy rozw\u00f3j dzia\u0142alno\u015bci zwi\u0105zkowej przypada na lata 1965-79. Zwi\u0105zane to by\u0142o z przekszta\u0142ceniem Wieczorowej Szko\u0142y In\u017cynierskiej w Wy\u017csz\u0105 Szko\u0142\u0119 In\u017cyniersk\u0105 a nast\u0119pnie w Politechnik\u0119 Bia\u0142ostock\u0105. W tym okresie Zwi\u0105zek liczy\u0142 oko\u0142o 1000 cz\u0142onk\u00f3w. Dzia\u0142alno\u015b\u0107 ZNP koncentrowa\u0142a si\u0119 na sprawach socjalno &#8211; bytowych, kulturalno &#8211; o\u015bwiatowych, prowadzeniu kasy zapomogowo po\u017cyczkowej, organizacji imprez kulturalnych.<\/p>\n<p>W grudniu 1981r. dzia\u0142alno\u015b\u0107 zwi\u0105zk\u00f3w zawodowych w Polsce zosta\u0142a zawieszona<\/p>\n<p>Ustawa o Zwi\u0105zkach zawodowych z 1983r. umo\u017cliwi\u0142a reaktywowanie dzia\u0142alno\u015bci ZNP. Z inicjatywy grupy pracownik\u00f3w powsta\u0142 komitet za\u0142o\u017cycielski nowych samorz\u0105dnych niezale\u017cnych Zwi\u0105zk\u00f3w Zawodowych. Komitet za\u0142o\u017cycielski po opracowaniu statutu zarejestrowa\u0142 w S\u0105dzie Wojew\u00f3dzkim w Bia\u0142ymstoku Zwi\u0105zek Nauczycielstwa Polskiego w Politechnice Bia\u0142ostockiej. ZNP w PB przyst\u0105pi\u0142 do federacji ZNP Szk\u00f3\u0142 Wy\u017cszych i Nauki. Na walnym zebraniu w dniu 26marca 1983r. wybrano nowy Zarz\u0105d. Przewodnicz\u0105cym zosta\u0142 Kol. Eugeniusz Kondrusik. Rok 1989 by\u0142 pocz\u0105tkiem transformacji ustrojowej w Polsce. W pewnym zakresie zmiany te dotyczy\u0142y r\u00f3wnie\u017c naszego zwi\u0105zku. Cz\u0119\u015b\u0107 koleg\u00f3w zrezygnowa\u0142a z przynale\u017cno\u015bci do organizacji lub przesz\u0142a do innych zwi\u0105zk\u00f3w tj. NSZZ Solidarno\u015b\u0107 i Zwi\u0105zku Zawodowego Pracownik\u00f3w Technicznych. Zwi\u0105zek nasz nadal zrzesza wielu pracownik\u00f3w ze wszystkich grup zawodowych, kt\u00f3re s\u0105 w uczelni. Ko\u0142a nasze dzia\u0142aj\u0105 na wszystkich wydzia\u0142ach, przedstawiciele zwi\u0105zku uczestnicz\u0105 w pracach wszystkich organ\u00f3w uczelni. tj. senatu PB, Rad wydzia\u0142\u00f3w oraz komisji sta\u0142ych i dora\u017anych powo\u0142ywanych przez Senat lub Rektora PB.<\/p>\n<p>Zgodnie ze znowelizowan\u0105 Ustaw\u0105 o Zwi\u0105zkach Zawodowych z 23 maja 1991r. oraz K.P. art. 241 25a nasza organizacja zwi\u0105zkowa ma pe\u0142n\u0105 reprezentatywno\u015b\u0107 wobec pracodawcy.<br \/>\n&nbsp;<\/p>\n<p><a class=\"pdf\" href=\"https:\/\/pb.edu.pl\/znp\/wp-content\/uploads\/sites\/33\/2019\/05\/opis-uroczystosci-65-lecia-znp.pdf\" target=\"_blank\" rel=\"noopener\">Uroczysto\u015b\u0107 65-lecia ZNP w PB<\/a><\/p>\n","protected":false},"excerpt":{"rendered":"<p>Dzia\u0142alno\u015b\u0107 Zwi\u0105zku Nauczycielstwa Polskiego w Politechnice Bia\u0142ostockiej si\u0119ga jej pocz\u0105tk\u00f3w tj. 1 XI 1949r. W\u00f3wczas<\/p>\n","protected":false},"author":2,"featured_media":0,"parent":0,"menu_order":4,"comment_status":"closed","ping_status":"closed","template":"","meta":{"_acf_changed":false,"ngg_post_thumbnail":0,"footnotes":""},"class_list":["post-35","page","type-page","status-publish","hentry"],"acf":[],"_links":{"self":[{"href":"https:\/\/pb.edu.pl\/znp\/wp-json\/wp\/v2\/pages\/35","targetHints":{"allow":["GET"]}}],"collection":[{"href":"https:\/\/pb.edu.pl\/znp\/wp-json\/wp\/v2\/pages"}],"about":[{"href":"https:\/\/pb.edu.pl\/znp\/wp-json\/wp\/v2\/types\/page"}],"author":[{"embeddable":true,"href":"https:\/\/pb.edu.pl\/znp\/wp-json\/wp\/v2\/users\/2"}],"replies":[{"embeddable":true,"href":"https:\/\/pb.edu.pl\/znp\/wp-json\/wp\/v2\/comments?post=35"}],"version-history":[{"count":0,"href":"https:\/\/pb.edu.pl\/znp\/wp-json\/wp\/v2\/pages\/35\/revisions"}],"wp:attachment":[{"href":"https:\/\/pb.edu.pl\/znp\/wp-json\/wp\/v2\/media?parent=35"}],"curies":[{"name":"wp","href":"https:\/\/api.w.org\/{rel}","templated":true}]}}