{"id":33,"date":"2019-05-15T23:08:08","date_gmt":"2019-05-15T21:08:08","guid":{"rendered":"https:\/\/pb.edu.pl\/znp\/?page_id=33"},"modified":"2024-07-09T09:17:03","modified_gmt":"2024-07-09T07:17:03","slug":"zarzad-zwiazku","status":"publish","type":"page","link":"https:\/\/pb.edu.pl\/znp\/zarzad-zwiazku\/","title":{"rendered":"Rada Zwi\u0105zku Nauczycielstwa Polskiego w Politechnice Bia\u0142ostockiej na kadencj\u0119 2024 \u2013 2029r."},"content":{"rendered":"<p align=\"center\"><strong>&nbsp;<\/strong><\/p>\n<table style=\"width: 37.503%;height: 220px\" border=\"0\" cellspacing=\"0\" cellpadding=\"0\">\n<tbody>\n<tr style=\"height: 22px\">\n<td style=\"width: 64.0065%;height: 22px\">1. S\u0142owikowski Stanis\u0142aw Daniel<\/td>\n<td style=\"width: 67.0301%;height: 22px\">&#8211; Prezes Rady<\/td>\n<\/tr>\n<tr style=\"height: 22px\">\n<td style=\"width: 64.0065%;height: 22px\">2. Tokajuk Andrzej<\/td>\n<td style=\"width: 67.0301%;height: 22px\">&#8211; Wiceprezes Rady<\/td>\n<\/tr>\n<tr style=\"height: 22px\">\n<td style=\"width: 64.0065%;height: 22px\">3. Girejko Ewa<\/td>\n<td style=\"width: 67.0301%;height: 22px\">&#8211; Cz\u0142onek Rady<\/td>\n<\/tr>\n<tr style=\"height: 22px\">\n<td style=\"width: 64.0065%;height: 22px\">4. Kobyli\u0144ska Urszula<\/td>\n<td style=\"width: 67.0301%;height: 22px\">&#8211; Cz\u0142onek Rady<\/td>\n<\/tr>\n<tr style=\"height: 22px\">\n<td style=\"width: 64.0065%;height: 22px\">5. Kowalczyk Lucyna<\/td>\n<td style=\"width: 67.0301%;height: 22px\">&#8211; Cz\u0142onek Rady<\/td>\n<\/tr>\n<tr style=\"height: 22px\">\n<td style=\"width: 64.0065%;height: 22px\">6. Kowalska Barbara<\/td>\n<td style=\"width: 67.0301%;height: 22px\">&#8211; Cz\u0142onek Rady<\/td>\n<\/tr>\n<tr style=\"height: 22px\">\n<td style=\"width: 64.0065%;height: 22px\">7. Magdziak Monika<\/td>\n<td style=\"width: 67.0301%;height: 22px\">&#8211; Cz\u0142onek Rady<\/td>\n<\/tr>\n<tr style=\"height: 22px\">\n<td style=\"width: 64.0065%;height: 22px\">8. Putko Joanna<\/td>\n<td style=\"width: 67.0301%;height: 22px\">&#8211; Cz\u0142onek Rady<\/td>\n<\/tr>\n<tr style=\"height: 22px\">\n<td style=\"width: 64.0065%;height: 22px\">9. To\u0142stoj &#8211; Sienkiewicz Justyna<\/td>\n<td style=\"width: 67.0301%;height: 22px\">&#8211; Cz\u0142onek Rady<\/td>\n<\/tr>\n<tr style=\"height: 22px\">\n<td style=\"width: 64.0065%;height: 22px\">10. Zalewski Wojciech<\/td>\n<td style=\"width: 67.0301%;height: 22px\">&#8211; Cz\u0142onek Rady<\/td>\n<\/tr>\n<\/tbody>\n<\/table>\n<p align=\"center\"><strong>PREZYDIUM RADY<\/strong><\/p>\n<table style=\"width: 42.7973%;height: 62px\">\n<tbody>\n<tr style=\"height: 22px\">\n<td style=\"width: 4.06699%;text-align: center;height: 22px\">1.<\/td>\n<td style=\"width: 53.4749%;text-align: left;height: 22px\">S\u0142owikowski Stanis\u0142aw Daniel<\/td>\n<td style=\"width: 74.9695%;text-align: left;height: 22px\">&#8211; Prezes Rady<\/td>\n<\/tr>\n<tr style=\"height: 22px\">\n<td style=\"width: 4.06699%;text-align: center;height: 22px\">2.<\/td>\n<td style=\"width: 53.4749%;text-align: left;height: 22px\">Tokajuk Andrzej<\/td>\n<td style=\"width: 74.9695%;text-align: left;height: 22px\">&#8211; Wiceprezes Rady<\/td>\n<\/tr>\n<tr style=\"height: 22px\">\n<td style=\"width: 4.06699%;text-align: center;height: 22px\">3.<\/td>\n<td style=\"width: 53.4749%;text-align: left;height: 22px\">Kowalczyk Lucyna<\/td>\n<td style=\"width: 74.9695%;text-align: left;height: 22px\">&#8211; Cz\u0142onek Prezydium Rady<\/td>\n<\/tr>\n<\/tbody>\n<\/table>\n<p align=\"center\">&nbsp;<\/p>\n<p align=\"center\"><strong>KOMISJA REWIZYJNA<\/strong><\/p>\n<table style=\"border-collapse: collapse;width: 36.0091%;height: 48px\">\n<tbody>\n<tr>\n<td style=\"width: 5.09256%\">1.<\/td>\n<td style=\"width: 61.574%\">Wojciuk Ewa<\/td>\n<td style=\"width: 44.4444%\">&#8211; Przewodnicz\u0105ca<\/td>\n<\/tr>\n<tr>\n<td style=\"width: 5.09256%\">2.<\/td>\n<td style=\"width: 61.574%\">Czarnecka Joanna<\/td>\n<td style=\"width: 44.4444%\">&#8211; Cz\u0142onek<\/td>\n<\/tr>\n<tr>\n<td style=\"width: 5.09256%\">&nbsp;<\/td>\n<td style=\"width: 61.574%\">&nbsp;<\/td>\n<td style=\"width: 44.4444%\">&nbsp;<\/td>\n<\/tr>\n<\/tbody>\n<\/table>\n<p align=\"center\">&nbsp;<\/p>\n<p align=\"center\"><strong>PREZESI GRUP ZWI\u0104ZKOWYCH:<\/strong><\/p>\n<p>&nbsp;<\/p>\n<table style=\"width: 54.7695%;height: 186px\" border=\"0\" cellspacing=\"0\" cellpadding=\"0\">\n<tbody>\n<tr style=\"height: 10px\">\n<td style=\"width: 62.3024%;height: 10px;text-align: center\">GRUPA ZWI\u0104ZKOWA<\/td>\n<td style=\"width: 53.0457%;height: 10px;text-align: center\">PREZES<\/td>\n<\/tr>\n<tr>\n<td style=\"width: 62.3024%\">&nbsp;<\/td>\n<td style=\"width: 53.0457%\">&nbsp;<\/td>\n<\/tr>\n<tr style=\"height: 22px\">\n<td style=\"width: 62.3024%;height: 22px\">1. Wydzia\u0142u Informatyki<\/td>\n<td style=\"width: 53.0457%;height: 22px\">&#8211; Girejko Ewa<\/td>\n<\/tr>\n<tr style=\"height: 22px\">\n<td style=\"width: 62.3024%;height: 22px\">2. Wydzia\u0142u In\u017cynierii Zarz\u0105dzania<\/td>\n<td style=\"width: 53.0457%;height: 22px\">&#8211; Kobyli\u0144ska Urszula<\/td>\n<\/tr>\n<tr style=\"height: 22px\">\n<td style=\"width: 62.3024%;height: 22px\">3. Emeryt\u00f3w<\/td>\n<td style=\"width: 53.0457%;height: 22px\">&#8211; Kowalczyk Lucyna<\/td>\n<\/tr>\n<tr style=\"height: 22px\">\n<td style=\"width: 62.3024%;height: 22px\">4. Pracownik\u00f3w Administracji<\/td>\n<td style=\"width: 53.0457%;height: 22px\">&#8211; Kowalska Barbara<\/td>\n<\/tr>\n<tr style=\"height: 22px\">\n<td style=\"width: 62.3024%;height: 22px\">5. Wydzia\u0142u Architektury<\/td>\n<td style=\"width: 53.0457%;height: 22px\">&#8211; Magdziak Monika<\/td>\n<\/tr>\n<tr style=\"height: 22px\">\n<td style=\"width: 62.3024%;height: 22px\">6. Wydzia\u0142u Budownictwa i Nauk o \u015arodowisku, Wydzia\u0142u Elektrycznego, Studium J\u0119zyk\u00f3w Obcych i Biblioteki&nbsp; &nbsp; &nbsp;<\/td>\n<td style=\"width: 53.0457%;height: 22px\">&#8211; mgr Joanna Putko<\/td>\n<\/tr>\n<tr style=\"height: 22px\">\n<td style=\"width: 62.3024%;height: 22px\">7. Wydzia\u0142u Mechanicznego<\/td>\n<td style=\"width: 53.0457%;height: 22px\">&#8211; To\u0142stoj-Sienkiewicz Justyna<\/td>\n<\/tr>\n<tr style=\"height: 22px\">\n<td style=\"width: 62.3024%;height: 22px\">8. Pracownik\u00f3w Obs\u0142ugi<\/td>\n<td style=\"width: 53.0457%;height: 22px\">&#8211; Zalewski Wojciech<\/td>\n<\/tr>\n<\/tbody>\n<\/table>\n<p>&nbsp;<\/p>\n","protected":false},"excerpt":{"rendered":"<p>&nbsp; 1. S\u0142owikowski Stanis\u0142aw Daniel &#8211; Prezes Rady 2. Tokajuk Andrzej &#8211; Wiceprezes Rady 3.<\/p>\n","protected":false},"author":2,"featured_media":0,"parent":0,"menu_order":3,"comment_status":"closed","ping_status":"closed","template":"","meta":{"_acf_changed":false,"ngg_post_thumbnail":0,"footnotes":""},"class_list":["post-33","page","type-page","status-publish","hentry"],"acf":[],"_links":{"self":[{"href":"https:\/\/pb.edu.pl\/znp\/wp-json\/wp\/v2\/pages\/33","targetHints":{"allow":["GET"]}}],"collection":[{"href":"https:\/\/pb.edu.pl\/znp\/wp-json\/wp\/v2\/pages"}],"about":[{"href":"https:\/\/pb.edu.pl\/znp\/wp-json\/wp\/v2\/types\/page"}],"author":[{"embeddable":true,"href":"https:\/\/pb.edu.pl\/znp\/wp-json\/wp\/v2\/users\/2"}],"replies":[{"embeddable":true,"href":"https:\/\/pb.edu.pl\/znp\/wp-json\/wp\/v2\/comments?post=33"}],"version-history":[{"count":0,"href":"https:\/\/pb.edu.pl\/znp\/wp-json\/wp\/v2\/pages\/33\/revisions"}],"wp:attachment":[{"href":"https:\/\/pb.edu.pl\/znp\/wp-json\/wp\/v2\/media?parent=33"}],"curies":[{"name":"wp","href":"https:\/\/api.w.org\/{rel}","templated":true}]}}