{"id":31,"date":"2019-05-15T23:07:49","date_gmt":"2019-05-15T21:07:49","guid":{"rendered":"https:\/\/pb.edu.pl\/znp\/?page_id=31"},"modified":"2020-03-04T08:44:58","modified_gmt":"2020-03-04T07:44:58","slug":"statut-zwiazku","status":"publish","type":"page","link":"https:\/\/pb.edu.pl\/znp\/statut-zwiazku\/","title":{"rendered":"Statut Zwi\u0105zku"},"content":{"rendered":"<p align=\"justify\">Zwi\u0105zek Nauczycielstwa Polskiego dzia\u0142a na podstawie statutu, zgodnie z Konstytucj\u0105 Rzeczpospolitej Polski, ustaw\u0105 o zwi\u0105zkach zawodowych, ustaw\u0105 o szkolnictwie wy\u017cszym oraz ratyfikowanymi przez Polsk\u0119 Konferencjami Mi\u0119dzynarodowej Organizacji Pracy.<\/p>\n<p align=\"justify\">Zwi\u0105zek Nauczycielstwa Polskiego w Politechnice Bia\u0142ostockiej jest organizacj\u0105 dobrowoln\u0105, niezale\u017cn\u0105 i samorz\u0105dn\u0105.<br \/>\nNadrz\u0119dnymi zasadami jakimi kieruje si\u0119 Zwi\u0105zek Nauczycielstwa Polskiego, to samodzielno\u015b\u0107 i suwerenno\u015b\u0107. Stoimy na stanowisku zachowania neutralno\u015bci politycznej.<\/p>\n<p align=\"justify\"><strong>Celem zwi\u0105zku jest obrona praw, godno\u015bci i interes\u00f3w pracownik\u00f3w Politechniki Bia\u0142ostockie, w tym:<\/strong><\/p>\n<div>\n<ul>\n<li>obrona interes\u00f3w zawodowych, materialnych i socjalno &#8211; bytowych pracownik\u00f3w oraz ich rodzin;<\/li>\n<li>inicjowanie i popieranie dzia\u0142a\u0144 na rzecz stwarzania pracownikom warunk\u00f3w do podnoszenia kwalifikacji zawodowych, pracy naukowo &#8211; dydaktycznej oraz adaptacji w uczelni;<\/li>\n<li>dzia\u0142ania na rzecz w\u0142a\u015bciwego, zgodnego z poczuciem sprawiedliwo\u015bci podzia\u0142u \u015brodk\u00f3w finansowych ZF\u015aS PB dla wszystkich grup pracowniczych.<\/li>\n<\/ul>\n<\/div>\n<p align=\"justify\"><strong>Zadania stoj\u0105ce przed zwi\u0105zkiem realizujemy poprzez:<\/strong><\/p>\n<div>\n<ul>\n<li>opiniowanie lub uzgadnianie postanowie\u0144, zarz\u0105dze\u0144 i innych akt\u00f3w prawnych W\u0142adz Uczelni dotycz\u0105cych kluczowych spraw pracowniczych;<\/li>\n<li>wsp\u00f3\u0142prac\u0119 z innymi zwi\u0105zkami dzia\u0142aj\u0105cymi na terenie uczelni;<\/li>\n<li>organizacj\u0119 imprez oraz wycieczek krajowych i zagranicznych;<\/li>\n<li>organizowanie wybor\u00f3w i nadzorowanie dzia\u0142alno\u015bci spo\u0142ecznych inspektor\u00f3w pracy;<\/li>\n<li>inicjatywy wobec w\u0142adz uczelni w istotnych sprawach zg\u0142aszanych przez cz\u0142onk\u00f3w zwi\u0105zku i niezrzeszonych pracownik\u00f3w uczelni.<\/li>\n<\/ul>\n<\/div>\n<p><a href=\"https:\/\/pb.edu.pl\/znp\/wp-content\/uploads\/sites\/33\/2020\/03\/Statut_ZNP.pdf\">Statut_Zwi\u0105zku Nauczycielstwa Polskiego<\/a><\/p>\n","protected":false},"excerpt":{"rendered":"<p>Zwi\u0105zek Nauczycielstwa Polskiego dzia\u0142a na podstawie statutu, zgodnie z Konstytucj\u0105 Rzeczpospolitej Polski, ustaw\u0105 o zwi\u0105zkach<\/p>\n","protected":false},"author":2,"featured_media":0,"parent":0,"menu_order":2,"comment_status":"closed","ping_status":"closed","template":"","meta":{"_acf_changed":false,"ngg_post_thumbnail":0,"footnotes":""},"class_list":["post-31","page","type-page","status-publish","hentry"],"acf":[],"_links":{"self":[{"href":"https:\/\/pb.edu.pl\/znp\/wp-json\/wp\/v2\/pages\/31","targetHints":{"allow":["GET"]}}],"collection":[{"href":"https:\/\/pb.edu.pl\/znp\/wp-json\/wp\/v2\/pages"}],"about":[{"href":"https:\/\/pb.edu.pl\/znp\/wp-json\/wp\/v2\/types\/page"}],"author":[{"embeddable":true,"href":"https:\/\/pb.edu.pl\/znp\/wp-json\/wp\/v2\/users\/2"}],"replies":[{"embeddable":true,"href":"https:\/\/pb.edu.pl\/znp\/wp-json\/wp\/v2\/comments?post=31"}],"version-history":[{"count":0,"href":"https:\/\/pb.edu.pl\/znp\/wp-json\/wp\/v2\/pages\/31\/revisions"}],"wp:attachment":[{"href":"https:\/\/pb.edu.pl\/znp\/wp-json\/wp\/v2\/media?parent=31"}],"curies":[{"name":"wp","href":"https:\/\/api.w.org\/{rel}","templated":true}]}}