{"id":11,"date":"2019-05-15T22:53:20","date_gmt":"2019-05-15T20:53:20","guid":{"rendered":"https:\/\/pb.edu.pl\/znp\/?page_id=11"},"modified":"2021-03-24T21:17:27","modified_gmt":"2021-03-24T20:17:27","slug":"zwiazek-nauczycielstwa-polskiego","status":"publish","type":"page","link":"https:\/\/pb.edu.pl\/znp\/","title":{"rendered":"Zwi\u0105zek Nauczycielstwa Polskiego"},"content":{"rendered":"<div id=\"aktualnosci\" class=\"href\"><\/div>\n<h2><a style=\"text-decoration: none\" title=\"Aktualno\u015bci\" href=\"\/znp\/aktualnosci\/\">Aktualno\u015bci <i class=\"fa fa-caret-right\" aria-hidden=\"true\"><\/i><\/a><\/h2>\n\t\t<div class=\"box news-box \">\n\t\t<div class=\"row\">\n\t\t\t\n\t\t\t\n\t\t\t\t\n\t\t\t\t\t\t\t\t\t\t<div class=\"col-sm-3\">\n\t\t\t\t\t\t\t\n<article class=\"format-standard\">\n    <span class=\"date text-right\"><i class=\"fal fa-calendar-alt\"><\/i> 09-03-2026<\/span>\n    <a href=\"https:\/\/pb.edu.pl\/znp\/2026\/03\/09\/swiadczenia-statutowe-w-2026-roku\/\">\n      <div class=\"article-image\">\n              <\/div>\n      <h3>\u015awiadczenia statutowe w 2026 roku<\/h3>\n      Zgodnie z art. 10.1 pkt.9 Statutu ZNP cz\u0142onkowie zawi\u0105zku, maj\u0105 prawo    <\/a>\n<\/article>\t\t\t\t\t\t<\/div>\n\t\t\t\t\t\t\t\t\t\t\t<div class=\"col-sm-3\">\n\t\t\t\t\t\t\t\n<article class=\"format-standard\">\n    <span class=\"date text-right\"><i class=\"fal fa-calendar-alt\"><\/i> 12-02-2025<\/span>\n    <a href=\"https:\/\/pb.edu.pl\/znp\/2025\/02\/12\/swiadczenia-statutowe-w-2025r\/\">\n      <div class=\"article-image\">\n              <\/div>\n      <h3>\u015awiadczenia statutowe w 2025r.<\/h3>\n      Zgodnie z Uchwa\u0142\u0105 nr 03\/2025&nbsp; z dnia 11.02.2025 r. Rady Zwi\u0105zku    <\/a>\n<\/article>\t\t\t\t\t\t<\/div>\n\t\t\t\t\t\t\t\t\t\t\t<div class=\"col-sm-3\">\n\t\t\t\t\t\t\t\n<article class=\"format-standard\">\n    <span class=\"date text-right\"><i class=\"fal fa-calendar-alt\"><\/i> 04-07-2024<\/span>\n    <a href=\"https:\/\/pb.edu.pl\/znp\/2024\/07\/04\/konferencja-sprawozdawczo-wyborcza-delegatow-znp-w-politechnice-bialostockiej\/\">\n      <div class=\"article-image\">\n              <\/div>\n      <h3>Konferencja Sprawozdawczo &#8211; Wyborcza Delegat\u00f3w ZNP w Politechnice Bia\u0142ostockiej<\/h3>\n      W dniu 12 czerwca 2024r. w budynku Rektoratu odby\u0142a si\u0119 Konferencja    <\/a>\n<\/article>\t\t\t\t\t\t<\/div>\n\t\t\t\t\t\t\t\t\t\t\t<div class=\"col-sm-3\">\n\t\t\t\t\t\t\t\n<article class=\"format-standard\">\n    <span class=\"date text-right\"><i class=\"fal fa-calendar-alt\"><\/i> 29-02-2024<\/span>\n    <a href=\"https:\/\/pb.edu.pl\/znp\/2024\/02\/29\/169\/\">\n      <div class=\"article-image\">\n              <\/div>\n      <h3>\u015aWIADCZENIA STATUTOWE ZNP w 2024\u00a0 r.<\/h3>\n      Zgodnie z Uchwa\u0142\u0105 nr 05\/2024&nbsp; z dnia 21.02.2024 r.&nbsp;oraz Uchwa\u0142\u0105 nr    <\/a>\n<\/article>\t\t\t\t\t\t<\/div>\n\t\t\t\t\t\n\t\t\t\t\n\t\t\t\t\t<\/div>\n\t\t\t\t\t<\/div>\n\n&nbsp;<\/p>\n<div id=\"box-menu\" class=\"href\"><\/div>\n<div class=\"row\">\n<div class=\"col-sm-4\">\n<div class=\"panel panel-default panel-sport animated zoomIn\">\n<div class=\"panel-heading text-center\">Statut Zwi\u0105zku<\/div>\n<div class=\"panel-body\">\n<div class=\"image\"><a title=\"Statut Zwi\u0105zku\" href=\"\/znp\/statut-zwiazku\/\"><img loading=\"lazy\" decoding=\"async\" class=\"aligncenter size-full wp-image-74\" src=\"https:\/\/pb.edu.pl\/znp\/wp-content\/uploads\/sites\/33\/2019\/05\/ZNP_status.jpg\" alt=\"statut\" width=\"600\" height=\"363\" srcset=\"https:\/\/pb.edu.pl\/znp\/wp-content\/uploads\/sites\/33\/2019\/05\/ZNP_status.jpg 600w, https:\/\/pb.edu.pl\/znp\/wp-content\/uploads\/sites\/33\/2019\/05\/ZNP_status-300x182.jpg 300w\" sizes=\"auto, (max-width: 600px) 100vw, 600px\" \/><\/a><\/div>\n<\/div>\n<\/div>\n<\/div>\n<div class=\"col-sm-4\">\n<div class=\"panel panel-default panel-sport animated zoomIn\">\n<div class=\"panel-heading text-center\">Rada Zwi\u0105zku<\/div>\n<div class=\"panel-body\">\n<div class=\"image\"><a title=\"Zarz\u0105d Zwi\u0105zku\" href=\"\/znp\/zarzad-zwiazku\/\"><img loading=\"lazy\" decoding=\"async\" class=\"aligncenter size-full wp-image-71\" src=\"https:\/\/pb.edu.pl\/znp\/wp-content\/uploads\/sites\/33\/2019\/05\/zarzad.png\" alt=\"osoby przy biurku\" width=\"600\" height=\"363\" srcset=\"https:\/\/pb.edu.pl\/znp\/wp-content\/uploads\/sites\/33\/2019\/05\/zarzad.png 600w, https:\/\/pb.edu.pl\/znp\/wp-content\/uploads\/sites\/33\/2019\/05\/zarzad-300x182.png 300w\" sizes=\"auto, (max-width: 600px) 100vw, 600px\" \/><\/a><\/div>\n<\/div>\n<\/div>\n<\/div>\n<div class=\"col-sm-4\">\n<div class=\"panel panel-default panel-sport animated zoomIn\">\n<div class=\"panel-heading text-center\">Historia zwi\u0105zku<\/div>\n<div class=\"panel-body\">\n<div class=\"image\"><a title=\"Historia zwi\u0105zku\" href=\"\/znp\/historia-zwiazku\/\"><img loading=\"lazy\" decoding=\"async\" class=\"aligncenter size-full wp-image-75\" src=\"https:\/\/pb.edu.pl\/znp\/wp-content\/uploads\/sites\/33\/2019\/05\/ZNP_historia.jpg\" alt=\"historia\" width=\"600\" height=\"363\" srcset=\"https:\/\/pb.edu.pl\/znp\/wp-content\/uploads\/sites\/33\/2019\/05\/ZNP_historia.jpg 600w, https:\/\/pb.edu.pl\/znp\/wp-content\/uploads\/sites\/33\/2019\/05\/ZNP_historia-300x182.jpg 300w\" sizes=\"auto, (max-width: 600px) 100vw, 600px\" \/><\/a><\/div>\n<\/div>\n<\/div>\n<\/div>\n<\/div>\n<div class=\"row\">\n<div class=\"col-sm-4\">\n<div class=\"panel panel-default panel-sport animated zoomIn\">\n<div class=\"panel-heading text-center\">Pliki do pobrania<\/div>\n<div class=\"panel-body\">\n<div class=\"image\"><a title=\"Pliki do pobrania\" href=\"\/znp\/pliki-do-pobrania\/\"><img loading=\"lazy\" decoding=\"async\" class=\"aligncenter size-full wp-image-76\" src=\"https:\/\/pb.edu.pl\/znp\/wp-content\/uploads\/sites\/33\/2019\/05\/ZNP_pliki.jpg\" alt=\"pliki do pobrania\" width=\"600\" height=\"363\" srcset=\"https:\/\/pb.edu.pl\/znp\/wp-content\/uploads\/sites\/33\/2019\/05\/ZNP_pliki.jpg 600w, https:\/\/pb.edu.pl\/znp\/wp-content\/uploads\/sites\/33\/2019\/05\/ZNP_pliki-300x182.jpg 300w\" sizes=\"auto, (max-width: 600px) 100vw, 600px\" \/><\/a><\/div>\n<\/div>\n<\/div>\n<\/div>\n<div class=\"col-sm-4\">\n<div class=\"panel panel-default panel-sport animated zoomIn\">\n<div class=\"panel-heading text-center\">Przydatne linki<\/div>\n<div class=\"panel-body\">\n<div class=\"image\"><a title=\"Przydatne linki\" href=\"\/znp\/przydatne-linki\/\"><img loading=\"lazy\" decoding=\"async\" class=\"aligncenter size-full wp-image-73\" src=\"https:\/\/pb.edu.pl\/znp\/wp-content\/uploads\/sites\/33\/2019\/05\/ZNP_przydatne_linki.jpg\" alt=\"przydatne linki\" width=\"600\" height=\"363\" srcset=\"https:\/\/pb.edu.pl\/znp\/wp-content\/uploads\/sites\/33\/2019\/05\/ZNP_przydatne_linki.jpg 600w, https:\/\/pb.edu.pl\/znp\/wp-content\/uploads\/sites\/33\/2019\/05\/ZNP_przydatne_linki-300x182.jpg 300w\" sizes=\"auto, (max-width: 600px) 100vw, 600px\" \/><\/a><\/div>\n<\/div>\n<\/div>\n<\/div>\n<div class=\"col-sm-4\">\n<div class=\"panel panel-default panel-sport animated zoomIn\">\n<div class=\"panel-heading text-center\">Kontakt<\/div>\n<div class=\"panel-body\">\n<div class=\"image\"><a title=\"Kontakt\" href=\"\/znp\/kontakt\/\"><img loading=\"lazy\" decoding=\"async\" class=\"aligncenter size-full wp-image-70\" src=\"https:\/\/pb.edu.pl\/znp\/wp-content\/uploads\/sites\/33\/2019\/05\/kontakt.png\" alt=\"koperta\" width=\"600\" height=\"363\" srcset=\"https:\/\/pb.edu.pl\/znp\/wp-content\/uploads\/sites\/33\/2019\/05\/kontakt.png 600w, https:\/\/pb.edu.pl\/znp\/wp-content\/uploads\/sites\/33\/2019\/05\/kontakt-300x182.png 300w\" sizes=\"auto, (max-width: 600px) 100vw, 600px\" \/><\/a><\/div>\n<\/div>\n<\/div>\n<\/div>\n<\/div>\n","protected":false},"excerpt":{"rendered":"<p>Aktualno\u015bci &nbsp; Statut Zwi\u0105zku Rada Zwi\u0105zku Historia zwi\u0105zku Pliki do pobrania Przydatne linki Kontakt<\/p>\n","protected":false},"author":2,"featured_media":0,"parent":0,"menu_order":0,"comment_status":"closed","ping_status":"closed","template":"templates\/dzial.php","meta":{"_acf_changed":false,"ngg_post_thumbnail":0,"footnotes":""},"class_list":["post-11","page","type-page","status-publish","hentry"],"acf":[],"_links":{"self":[{"href":"https:\/\/pb.edu.pl\/znp\/wp-json\/wp\/v2\/pages\/11","targetHints":{"allow":["GET"]}}],"collection":[{"href":"https:\/\/pb.edu.pl\/znp\/wp-json\/wp\/v2\/pages"}],"about":[{"href":"https:\/\/pb.edu.pl\/znp\/wp-json\/wp\/v2\/types\/page"}],"author":[{"embeddable":true,"href":"https:\/\/pb.edu.pl\/znp\/wp-json\/wp\/v2\/users\/2"}],"replies":[{"embeddable":true,"href":"https:\/\/pb.edu.pl\/znp\/wp-json\/wp\/v2\/comments?post=11"}],"version-history":[{"count":0,"href":"https:\/\/pb.edu.pl\/znp\/wp-json\/wp\/v2\/pages\/11\/revisions"}],"wp:attachment":[{"href":"https:\/\/pb.edu.pl\/znp\/wp-json\/wp\/v2\/media?parent=11"}],"curies":[{"name":"wp","href":"https:\/\/api.w.org\/{rel}","templated":true}]}}