{"id":844,"date":"2022-11-07T09:05:55","date_gmt":"2022-11-07T08:05:55","guid":{"rendered":"https:\/\/pb.edu.pl\/zireg\/?page_id=844"},"modified":"2025-06-24T12:39:06","modified_gmt":"2025-06-24T10:39:06","slug":"kadra-administracyjna-formularz-zgloszeniowy-do-projektu-zireg-2022","status":"publish","type":"page","link":"https:\/\/pb.edu.pl\/zireg\/zireg\/rekrutacja-do-projektu\/rekrutacja-pracownikow\/kadra-administracyjna-formularz-zgloszeniowy-do-projektu-zireg-2022\/","title":{"rendered":"Kadra administracyjna &#8211; formularz zg\u0142oszeniowy do projektu ZIREG 2022"},"content":{"rendered":"<div><img loading=\"lazy\" decoding=\"async\" class=\"alignnone size-full wp-image-814\" src=\"https:\/\/pb.edu.pl\/zireg\/wp-content\/uploads\/sites\/43\/2022\/10\/belka-POWER_pl.jpg\" alt=\"\" width=\"1871\" height=\"183\" srcset=\"https:\/\/pb.edu.pl\/zireg\/wp-content\/uploads\/sites\/43\/2022\/10\/belka-POWER_pl.jpg 1871w, https:\/\/pb.edu.pl\/zireg\/wp-content\/uploads\/sites\/43\/2022\/10\/belka-POWER_pl-300x29.jpg 300w, https:\/\/pb.edu.pl\/zireg\/wp-content\/uploads\/sites\/43\/2022\/10\/belka-POWER_pl-1024x100.jpg 1024w, https:\/\/pb.edu.pl\/zireg\/wp-content\/uploads\/sites\/43\/2022\/10\/belka-POWER_pl-768x75.jpg 768w, https:\/\/pb.edu.pl\/zireg\/wp-content\/uploads\/sites\/43\/2022\/10\/belka-POWER_pl-1536x150.jpg 1536w\" sizes=\"auto, (max-width: 1871px) 100vw, 1871px\" \/><\/div>\n<div class=\"h2\">MODU\u0141 PROJEKTU &#8211; MODU\u0141 VI STAFFSKILLS 3<\/div>\n<div class=\"h3\">Instrukcja po wype\u0142nieniu cz\u0119\u015bci z danymi osobowymi<\/div>\n<p>Po wype\u0142nieniu cz\u0119\u015bci z danymi osobowymi, prosz\u0119 przej\u015b\u0107 do wskazania szkole\u0144, kt\u00f3rymi s\u0105 Pa\u0144stwo zainteresowani:<\/p>\n<ol>\n<li>Prosz\u0119 wybra\u0107 maksymalnie <strong>dwa szkolenia<\/strong> z przypisanych do Pa\u0144stwa dzia\u0142u lub og\u00f3lnych.<\/li>\n<li>Rekrutacja dotyczy os\u00f3b, kt\u00f3re nie s\u0105 do tej pory uczestnikami projektu ZIREG.<\/li>\n<\/ol>\n<p>Rejestracja zako\u0144czona.<\/p>\n","protected":false},"excerpt":{"rendered":"<p>MODU\u0141 PROJEKTU &#8211; MODU\u0141 VI STAFFSKILLS 3 Instrukcja po wype\u0142nieniu cz\u0119\u015bci z danymi osobowymi Po<\/p>\n","protected":false},"author":147,"featured_media":0,"parent":289,"menu_order":0,"comment_status":"closed","ping_status":"closed","template":"","meta":{"_acf_changed":false,"ngg_post_thumbnail":0,"footnotes":""},"class_list":["post-844","page","type-page","status-publish","hentry"],"acf":[],"_links":{"self":[{"href":"https:\/\/pb.edu.pl\/zireg\/wp-json\/wp\/v2\/pages\/844","targetHints":{"allow":["GET"]}}],"collection":[{"href":"https:\/\/pb.edu.pl\/zireg\/wp-json\/wp\/v2\/pages"}],"about":[{"href":"https:\/\/pb.edu.pl\/zireg\/wp-json\/wp\/v2\/types\/page"}],"author":[{"embeddable":true,"href":"https:\/\/pb.edu.pl\/zireg\/wp-json\/wp\/v2\/users\/147"}],"replies":[{"embeddable":true,"href":"https:\/\/pb.edu.pl\/zireg\/wp-json\/wp\/v2\/comments?post=844"}],"version-history":[{"count":0,"href":"https:\/\/pb.edu.pl\/zireg\/wp-json\/wp\/v2\/pages\/844\/revisions"}],"up":[{"embeddable":true,"href":"https:\/\/pb.edu.pl\/zireg\/wp-json\/wp\/v2\/pages\/289"}],"wp:attachment":[{"href":"https:\/\/pb.edu.pl\/zireg\/wp-json\/wp\/v2\/media?parent=844"}],"curies":[{"name":"wp","href":"https:\/\/api.w.org\/{rel}","templated":true}]}}