{"id":80,"date":"2020-03-05T10:10:11","date_gmt":"2020-03-05T09:10:11","guid":{"rendered":"https:\/\/pb.edu.pl\/zireg\/?page_id=80"},"modified":"2020-12-30T20:27:27","modified_gmt":"2020-12-30T19:27:27","slug":"harmonogramy-wsparcia-studia","status":"publish","type":"page","link":"https:\/\/pb.edu.pl\/zireg\/harmonogramy\/harmonogramy-wsparcia\/harmonogram-wsparcia-studentow\/harmonogramy-wsparcia-studia\/","title":{"rendered":"Harmonogram zaj\u0119\u0107 na studiach I i II stopnia"},"content":{"rendered":"<p><img loading=\"lazy\" decoding=\"async\" class=\"alignnone wp-image-42 size-full\" src=\"https:\/\/pb.edu.pl\/zireg\/wp-content\/uploads\/sites\/43\/2020\/03\/FE_POWER_poziom_pl-1_rgb-scaled.jpg\" alt=\"Z lewej strony logotyp Programu Operacyjnego Wiedza Edukacja Rozw\u00f3j, z prawej strony logo Unii Europejskiej oraz napis Unia Europejska Europejski Funduszu Spo\u0142eczny. Na \u015brodku bia\u0142o-czerwona flaga Polski z napisem Rzeczypospolita Polska\" width=\"2560\" height=\"329\" srcset=\"https:\/\/pb.edu.pl\/zireg\/wp-content\/uploads\/sites\/43\/2020\/03\/FE_POWER_poziom_pl-1_rgb-scaled.jpg 2560w, https:\/\/pb.edu.pl\/zireg\/wp-content\/uploads\/sites\/43\/2020\/03\/FE_POWER_poziom_pl-1_rgb-300x39.jpg 300w, https:\/\/pb.edu.pl\/zireg\/wp-content\/uploads\/sites\/43\/2020\/03\/FE_POWER_poziom_pl-1_rgb-1024x132.jpg 1024w, https:\/\/pb.edu.pl\/zireg\/wp-content\/uploads\/sites\/43\/2020\/03\/FE_POWER_poziom_pl-1_rgb-768x99.jpg 768w, https:\/\/pb.edu.pl\/zireg\/wp-content\/uploads\/sites\/43\/2020\/03\/FE_POWER_poziom_pl-1_rgb-1536x197.jpg 1536w, https:\/\/pb.edu.pl\/zireg\/wp-content\/uploads\/sites\/43\/2020\/03\/FE_POWER_poziom_pl-1_rgb-2048x263.jpg 2048w\" sizes=\"auto, (max-width: 2560px) 100vw, 2560px\" \/><\/p>\n<p><strong>Kierunki wsparte z Projektu:<\/strong><\/p>\n<p>Rozk\u0142ady zaj\u0119\u0107 zmodernizowanych kierunk\u00f3w studi\u00f3w, kt\u00f3re ruszaj\u0105 od 01.10.2019 r.:<\/p>\n<p><strong>Wydzia\u0142 Budownictwa i Nauk o \u015arodowisku:<\/strong><br \/>\nKierunek: Gospodarka Przestrzenna I stopnia (studia stacjonarne)<br \/>\nKierunek: Gospodarka Przestrzenna II stopnia (studia stacjonarne)<br \/>\nKierunek: Budownictwo II stopnia (studia stacjonarne)<\/p>\n<p><a href=\"https:\/\/wb.pb.edu.pl\/studenci\/organizacja-toku-studiow\/rozklady-zajec\/\">wb.pb.edu.pl\/studenci\/organizacja-toku-studiow\/rozklady-zajec\/<\/a><\/p>\n<p><strong>Wydzia\u0142 Informatyki (WI):<\/strong><br \/>\nKierunek: Informatyka II stopnia (studia stacjonarne)<\/p>\n<p><a href=\"https:\/\/wb.pb.edu.pl\/studenci\/organizacja-toku-studiow\/rozklady-zajec\/\">wi.pb.edu.pl\/studenci\/organizacja-toku-studiow\/rozklady-zajec\/<\/a><\/p>\n","protected":false},"excerpt":{"rendered":"<p>Kierunki wsparte z Projektu: Rozk\u0142ady zaj\u0119\u0107 zmodernizowanych kierunk\u00f3w studi\u00f3w, kt\u00f3re ruszaj\u0105 od 01.10.2019 r.: Wydzia\u0142<\/p>\n","protected":false},"author":33,"featured_media":0,"parent":74,"menu_order":0,"comment_status":"closed","ping_status":"closed","template":"","meta":{"_acf_changed":false,"ngg_post_thumbnail":0,"footnotes":""},"class_list":["post-80","page","type-page","status-publish","hentry"],"acf":[],"_links":{"self":[{"href":"https:\/\/pb.edu.pl\/zireg\/wp-json\/wp\/v2\/pages\/80","targetHints":{"allow":["GET"]}}],"collection":[{"href":"https:\/\/pb.edu.pl\/zireg\/wp-json\/wp\/v2\/pages"}],"about":[{"href":"https:\/\/pb.edu.pl\/zireg\/wp-json\/wp\/v2\/types\/page"}],"author":[{"embeddable":true,"href":"https:\/\/pb.edu.pl\/zireg\/wp-json\/wp\/v2\/users\/33"}],"replies":[{"embeddable":true,"href":"https:\/\/pb.edu.pl\/zireg\/wp-json\/wp\/v2\/comments?post=80"}],"version-history":[{"count":0,"href":"https:\/\/pb.edu.pl\/zireg\/wp-json\/wp\/v2\/pages\/80\/revisions"}],"up":[{"embeddable":true,"href":"https:\/\/pb.edu.pl\/zireg\/wp-json\/wp\/v2\/pages\/74"}],"wp:attachment":[{"href":"https:\/\/pb.edu.pl\/zireg\/wp-json\/wp\/v2\/media?parent=80"}],"curies":[{"name":"wp","href":"https:\/\/api.w.org\/{rel}","templated":true}]}}