{"id":61,"date":"2020-03-05T09:32:46","date_gmt":"2020-03-05T08:32:46","guid":{"rendered":"https:\/\/pb.edu.pl\/zireg\/?page_id=61"},"modified":"2022-10-05T15:56:07","modified_gmt":"2022-10-05T13:56:07","slug":"harmonogram-wsparcia-kadra-zarzadzajaca","status":"publish","type":"page","link":"https:\/\/pb.edu.pl\/zireg\/harmonogramy\/harmonogramy-wsparcia\/harmonogram-wsparcia-kadra-zarzadzajaca\/","title":{"rendered":"Harmonogram wsparcia kadra zarz\u0105dzaj\u0105ca"},"content":{"rendered":"<p><img loading=\"lazy\" decoding=\"async\" class=\"alignnone size-full wp-image-814\" src=\"https:\/\/pb.edu.pl\/zireg\/wp-content\/uploads\/sites\/43\/2022\/10\/belka-POWER_pl.jpg\" alt=\"\" width=\"1871\" height=\"183\" srcset=\"https:\/\/pb.edu.pl\/zireg\/wp-content\/uploads\/sites\/43\/2022\/10\/belka-POWER_pl.jpg 1871w, https:\/\/pb.edu.pl\/zireg\/wp-content\/uploads\/sites\/43\/2022\/10\/belka-POWER_pl-300x29.jpg 300w, https:\/\/pb.edu.pl\/zireg\/wp-content\/uploads\/sites\/43\/2022\/10\/belka-POWER_pl-1024x100.jpg 1024w, https:\/\/pb.edu.pl\/zireg\/wp-content\/uploads\/sites\/43\/2022\/10\/belka-POWER_pl-768x75.jpg 768w, https:\/\/pb.edu.pl\/zireg\/wp-content\/uploads\/sites\/43\/2022\/10\/belka-POWER_pl-1536x150.jpg 1536w\" sizes=\"auto, (max-width: 1871px) 100vw, 1871px\" \/><\/p>\n<p>Harmonogram wsparcia zostanie uzupe\u0142niony po uruchomieniu zaj\u0119\u0107.<\/p>\n","protected":false},"excerpt":{"rendered":"<p>Harmonogram wsparcia zostanie uzupe\u0142niony po uruchomieniu zaj\u0119\u0107.<\/p>\n","protected":false},"author":33,"featured_media":0,"parent":58,"menu_order":0,"comment_status":"closed","ping_status":"closed","template":"","meta":{"_acf_changed":false,"ngg_post_thumbnail":0,"footnotes":""},"class_list":["post-61","page","type-page","status-publish","hentry"],"acf":[],"_links":{"self":[{"href":"https:\/\/pb.edu.pl\/zireg\/wp-json\/wp\/v2\/pages\/61","targetHints":{"allow":["GET"]}}],"collection":[{"href":"https:\/\/pb.edu.pl\/zireg\/wp-json\/wp\/v2\/pages"}],"about":[{"href":"https:\/\/pb.edu.pl\/zireg\/wp-json\/wp\/v2\/types\/page"}],"author":[{"embeddable":true,"href":"https:\/\/pb.edu.pl\/zireg\/wp-json\/wp\/v2\/users\/33"}],"replies":[{"embeddable":true,"href":"https:\/\/pb.edu.pl\/zireg\/wp-json\/wp\/v2\/comments?post=61"}],"version-history":[{"count":0,"href":"https:\/\/pb.edu.pl\/zireg\/wp-json\/wp\/v2\/pages\/61\/revisions"}],"up":[{"embeddable":true,"href":"https:\/\/pb.edu.pl\/zireg\/wp-json\/wp\/v2\/pages\/58"}],"wp:attachment":[{"href":"https:\/\/pb.edu.pl\/zireg\/wp-json\/wp\/v2\/media?parent=61"}],"curies":[{"name":"wp","href":"https:\/\/api.w.org\/{rel}","templated":true}]}}