{"id":536,"date":"2021-04-08T21:20:37","date_gmt":"2021-04-08T19:20:37","guid":{"rendered":"https:\/\/pb.edu.pl\/zireg\/?page_id=536"},"modified":"2025-06-24T12:35:40","modified_gmt":"2025-06-24T10:35:40","slug":"ankieta-ewaluacyjna-modul-v","status":"publish","type":"page","link":"https:\/\/pb.edu.pl\/zireg\/ankiety-ewaluacyjne\/ankieta-ewaluacyjna-modul-v\/","title":{"rendered":"Ankieta ewaluacyjna Modu\u0142 V"},"content":{"rendered":"<div class=\"h3\">Interdyscyplinarna Szko\u0142a Doktorska PB<\/div>\n<p>Pola oznaczone (*) musz\u0105 by\u0107 wype\u0142nione obowi\u0105zkowo.<\/p>\n<div class=\"h3 text-center\">Dzi\u0119kujemy za udzia\u0142 w badaniu ankietowym!<\/div>\n","protected":false},"excerpt":{"rendered":"<p>Interdyscyplinarna Szko\u0142a Doktorska PB Pola oznaczone (*) musz\u0105 by\u0107 wype\u0142nione obowi\u0105zkowo. Dzi\u0119kujemy za udzia\u0142 w<\/p>\n","protected":false},"author":2,"featured_media":0,"parent":529,"menu_order":2,"comment_status":"closed","ping_status":"closed","template":"","meta":{"_acf_changed":false,"ngg_post_thumbnail":0,"footnotes":""},"class_list":["post-536","page","type-page","status-publish","hentry"],"acf":[],"_links":{"self":[{"href":"https:\/\/pb.edu.pl\/zireg\/wp-json\/wp\/v2\/pages\/536","targetHints":{"allow":["GET"]}}],"collection":[{"href":"https:\/\/pb.edu.pl\/zireg\/wp-json\/wp\/v2\/pages"}],"about":[{"href":"https:\/\/pb.edu.pl\/zireg\/wp-json\/wp\/v2\/types\/page"}],"author":[{"embeddable":true,"href":"https:\/\/pb.edu.pl\/zireg\/wp-json\/wp\/v2\/users\/2"}],"replies":[{"embeddable":true,"href":"https:\/\/pb.edu.pl\/zireg\/wp-json\/wp\/v2\/comments?post=536"}],"version-history":[{"count":0,"href":"https:\/\/pb.edu.pl\/zireg\/wp-json\/wp\/v2\/pages\/536\/revisions"}],"up":[{"embeddable":true,"href":"https:\/\/pb.edu.pl\/zireg\/wp-json\/wp\/v2\/pages\/529"}],"wp:attachment":[{"href":"https:\/\/pb.edu.pl\/zireg\/wp-json\/wp\/v2\/media?parent=536"}],"curies":[{"name":"wp","href":"https:\/\/api.w.org\/{rel}","templated":true}]}}