{"id":533,"date":"2021-04-08T21:18:17","date_gmt":"2021-04-08T19:18:17","guid":{"rendered":"https:\/\/pb.edu.pl\/zireg\/?page_id=533"},"modified":"2025-06-24T12:35:45","modified_gmt":"2025-06-24T10:35:45","slug":"ankieta-ewaluacyjna-modul-i","status":"publish","type":"page","link":"https:\/\/pb.edu.pl\/zireg\/ankiety-ewaluacyjne\/ankieta-ewaluacyjna-modul-i\/","title":{"rendered":"Ankieta ewaluacyjna Modu\u0142 I"},"content":{"rendered":"<p>Pola oznaczone (*) musz\u0105 by\u0107 wype\u0142nione obowi\u0105zkowo.<\/p>\n<div class=\"h3 text-center\">Dzi\u0119kujemy za udzia\u0142 w badaniu ankietowym!<\/div>\n","protected":false},"excerpt":{"rendered":"<p>Pola oznaczone (*) musz\u0105 by\u0107 wype\u0142nione obowi\u0105zkowo. Dzi\u0119kujemy za udzia\u0142 w badaniu ankietowym!<\/p>\n","protected":false},"author":2,"featured_media":0,"parent":529,"menu_order":1,"comment_status":"closed","ping_status":"closed","template":"","meta":{"_acf_changed":false,"ngg_post_thumbnail":0,"footnotes":""},"class_list":["post-533","page","type-page","status-publish","hentry"],"acf":[],"_links":{"self":[{"href":"https:\/\/pb.edu.pl\/zireg\/wp-json\/wp\/v2\/pages\/533","targetHints":{"allow":["GET"]}}],"collection":[{"href":"https:\/\/pb.edu.pl\/zireg\/wp-json\/wp\/v2\/pages"}],"about":[{"href":"https:\/\/pb.edu.pl\/zireg\/wp-json\/wp\/v2\/types\/page"}],"author":[{"embeddable":true,"href":"https:\/\/pb.edu.pl\/zireg\/wp-json\/wp\/v2\/users\/2"}],"replies":[{"embeddable":true,"href":"https:\/\/pb.edu.pl\/zireg\/wp-json\/wp\/v2\/comments?post=533"}],"version-history":[{"count":0,"href":"https:\/\/pb.edu.pl\/zireg\/wp-json\/wp\/v2\/pages\/533\/revisions"}],"up":[{"embeddable":true,"href":"https:\/\/pb.edu.pl\/zireg\/wp-json\/wp\/v2\/pages\/529"}],"wp:attachment":[{"href":"https:\/\/pb.edu.pl\/zireg\/wp-json\/wp\/v2\/media?parent=533"}],"curies":[{"name":"wp","href":"https:\/\/api.w.org\/{rel}","templated":true}]}}