{"id":529,"date":"2021-04-08T21:16:17","date_gmt":"2021-04-08T19:16:17","guid":{"rendered":"https:\/\/pb.edu.pl\/zireg\/?page_id=529"},"modified":"2022-10-05T15:59:52","modified_gmt":"2022-10-05T13:59:52","slug":"ankiety-ewaluacyjne","status":"publish","type":"page","link":"https:\/\/pb.edu.pl\/zireg\/ankiety-ewaluacyjne\/","title":{"rendered":"Ankiety ewaluacyjne"},"content":{"rendered":"<p><img loading=\"lazy\" decoding=\"async\" class=\"alignnone size-full wp-image-814\" src=\"https:\/\/pb.edu.pl\/zireg\/wp-content\/uploads\/sites\/43\/2022\/10\/belka-POWER_pl.jpg\" alt=\"\" width=\"1871\" height=\"183\" srcset=\"https:\/\/pb.edu.pl\/zireg\/wp-content\/uploads\/sites\/43\/2022\/10\/belka-POWER_pl.jpg 1871w, https:\/\/pb.edu.pl\/zireg\/wp-content\/uploads\/sites\/43\/2022\/10\/belka-POWER_pl-300x29.jpg 300w, https:\/\/pb.edu.pl\/zireg\/wp-content\/uploads\/sites\/43\/2022\/10\/belka-POWER_pl-1024x100.jpg 1024w, https:\/\/pb.edu.pl\/zireg\/wp-content\/uploads\/sites\/43\/2022\/10\/belka-POWER_pl-768x75.jpg 768w, https:\/\/pb.edu.pl\/zireg\/wp-content\/uploads\/sites\/43\/2022\/10\/belka-POWER_pl-1536x150.jpg 1536w\" sizes=\"auto, (max-width: 1871px) 100vw, 1871px\" \/><\/p>\n<p><a href=\"\/zireg\/ankiety-ewaluacyjne\/ankieta-ewaluacyjna-modul-i\/\">Ankieta ewaluacyjna Modu\u0142 I<\/a><\/p>\n<p><a href=\"\/zireg\/ankiety-ewaluacyjne\/ankieta-ewaluacyjna-modul-v\/\">Ankieta ewaluacyjna Modu\u0142 V &#8211; Interdyscyplinarna Szko\u0142a Doktorska PB<\/a><\/p>\n<p><a href=\"\/zireg\/ankiety-ewaluacyjne\/ankieta-ewaluacyjna-modul-vi\/\">Ankieta ewaluacyjna Modu\u0142 VI<\/a><\/p>\n","protected":false},"excerpt":{"rendered":"<p>Ankieta ewaluacyjna Modu\u0142 I Ankieta ewaluacyjna Modu\u0142 V &#8211; Interdyscyplinarna Szko\u0142a Doktorska PB Ankieta ewaluacyjna<\/p>\n","protected":false},"author":2,"featured_media":0,"parent":0,"menu_order":100,"comment_status":"closed","ping_status":"closed","template":"","meta":{"_acf_changed":false,"ngg_post_thumbnail":0,"footnotes":""},"class_list":["post-529","page","type-page","status-publish","hentry"],"acf":[],"_links":{"self":[{"href":"https:\/\/pb.edu.pl\/zireg\/wp-json\/wp\/v2\/pages\/529","targetHints":{"allow":["GET"]}}],"collection":[{"href":"https:\/\/pb.edu.pl\/zireg\/wp-json\/wp\/v2\/pages"}],"about":[{"href":"https:\/\/pb.edu.pl\/zireg\/wp-json\/wp\/v2\/types\/page"}],"author":[{"embeddable":true,"href":"https:\/\/pb.edu.pl\/zireg\/wp-json\/wp\/v2\/users\/2"}],"replies":[{"embeddable":true,"href":"https:\/\/pb.edu.pl\/zireg\/wp-json\/wp\/v2\/comments?post=529"}],"version-history":[{"count":0,"href":"https:\/\/pb.edu.pl\/zireg\/wp-json\/wp\/v2\/pages\/529\/revisions"}],"wp:attachment":[{"href":"https:\/\/pb.edu.pl\/zireg\/wp-json\/wp\/v2\/media?parent=529"}],"curies":[{"name":"wp","href":"https:\/\/api.w.org\/{rel}","templated":true}]}}