{"id":493,"date":"2021-03-24T14:10:30","date_gmt":"2021-03-24T13:10:30","guid":{"rendered":"https:\/\/pb.edu.pl\/zireg\/?page_id=493"},"modified":"2025-06-24T12:46:42","modified_gmt":"2025-06-24T10:46:42","slug":"warsztaty-wystapien-publicznych","status":"publish","type":"page","link":"https:\/\/pb.edu.pl\/zireg\/zireg\/szkolenia\/szkolenia-studentow-fdi\/warsztaty-wystapien-publicznych\/","title":{"rendered":"Warsztaty wyst\u0105pie\u0144 publicznych"},"content":{"rendered":"<p><img loading=\"lazy\" decoding=\"async\" class=\"aligncenter size-full wp-image-42\" src=\"https:\/\/pb.edu.pl\/zireg\/wp-content\/uploads\/sites\/43\/2020\/03\/FE_POWER_poziom_pl-1_rgb-scaled.jpg\" alt=\"Z lewej strony logotyp Programu Operacyjnego Wiedza Edukacja Rozw\u00f3j zawieraj\u0105cy jedn\u0105 gwiazdk\u0119 bia\u0142\u0105, jedn\u0105 \u017c\u00f3\u0142t\u0105 oraz jedn\u0105 czerwon\u0105 na niebieskim tle, z prawej strony logo Unii Europejskiej, \u017c\u00f3\u0142te gwiazdki u\u0142o\u017cone w k\u00f3\u0142ko na niebieskim tle oraz napis Unia Europejska Europejski Funduszu Spo\u0142eczny. Na \u015brodku bia\u0142o-czerwona flaga Polski z napisem Rzeczypospolita Polska\" width=\"2560\" height=\"329\" srcset=\"https:\/\/pb.edu.pl\/zireg\/wp-content\/uploads\/sites\/43\/2020\/03\/FE_POWER_poziom_pl-1_rgb-scaled.jpg 2560w, https:\/\/pb.edu.pl\/zireg\/wp-content\/uploads\/sites\/43\/2020\/03\/FE_POWER_poziom_pl-1_rgb-300x39.jpg 300w, https:\/\/pb.edu.pl\/zireg\/wp-content\/uploads\/sites\/43\/2020\/03\/FE_POWER_poziom_pl-1_rgb-1024x132.jpg 1024w, https:\/\/pb.edu.pl\/zireg\/wp-content\/uploads\/sites\/43\/2020\/03\/FE_POWER_poziom_pl-1_rgb-768x99.jpg 768w, https:\/\/pb.edu.pl\/zireg\/wp-content\/uploads\/sites\/43\/2020\/03\/FE_POWER_poziom_pl-1_rgb-1536x197.jpg 1536w, https:\/\/pb.edu.pl\/zireg\/wp-content\/uploads\/sites\/43\/2020\/03\/FE_POWER_poziom_pl-1_rgb-2048x263.jpg 2048w\" sizes=\"auto, (max-width: 2560px) 100vw, 2560px\" \/><\/p>\n<p><strong>Termin kursu:<\/strong> 11-12.12.2021 w godzinach 9:00 &#8211; 16:00<br \/>\n<strong>Liczba godzin kursu:<\/strong>&nbsp;16 godz. (1 godz. = 45 min)<br \/>\n<strong>Liczba os\u00f3b:<\/strong>&nbsp;min. 10 max. 15<br \/>\n<strong>Miejsce szkolenia:<\/strong> Radio Akadera<\/p>\n<p><strong>Tre\u015bci programowe<\/strong><\/p>\n<ul>\n<li>jak m\u00f3wi\u0107, aby by\u0107 s\u0142uchanym i zrozumianym,<\/li>\n<li>jak pokona\u0107 trem\u0119 i wygra\u0107 ze stresem,<\/li>\n<li>pisanie wyst\u0105pie\u0144,<\/li>\n<li>prezentacje w grupie \u0107wiczeniowej,<\/li>\n<li>pr\u00f3ba swoich si\u0142 w naturalnym \u015brodowisku studia radiowego.<\/li>\n<\/ul>\n<div class=\"h2\">Rejestracja na szkolenie:<\/div>\n<p>Warunkiem uruchomienia szkolenia jest zapisanie si\u0119 minimum 10 os\u00f3b.<br \/>\nLiczba miejsc jest ograniczona do 15 os\u00f3b. Decyduje kolejno\u015b\u0107 zg\u0142osze\u0144.<\/p>\n<p>Rejestracja zako\u0144czona.<\/p>\n","protected":false},"excerpt":{"rendered":"<p>Termin kursu: 11-12.12.2021 w godzinach 9:00 &#8211; 16:00 Liczba godzin kursu:&nbsp;16 godz. (1 godz. =<\/p>\n","protected":false},"author":147,"featured_media":0,"parent":481,"menu_order":0,"comment_status":"closed","ping_status":"closed","template":"","meta":{"_acf_changed":false,"ngg_post_thumbnail":0,"footnotes":""},"class_list":["post-493","page","type-page","status-publish","hentry"],"acf":[],"_links":{"self":[{"href":"https:\/\/pb.edu.pl\/zireg\/wp-json\/wp\/v2\/pages\/493","targetHints":{"allow":["GET"]}}],"collection":[{"href":"https:\/\/pb.edu.pl\/zireg\/wp-json\/wp\/v2\/pages"}],"about":[{"href":"https:\/\/pb.edu.pl\/zireg\/wp-json\/wp\/v2\/types\/page"}],"author":[{"embeddable":true,"href":"https:\/\/pb.edu.pl\/zireg\/wp-json\/wp\/v2\/users\/147"}],"replies":[{"embeddable":true,"href":"https:\/\/pb.edu.pl\/zireg\/wp-json\/wp\/v2\/comments?post=493"}],"version-history":[{"count":0,"href":"https:\/\/pb.edu.pl\/zireg\/wp-json\/wp\/v2\/pages\/493\/revisions"}],"up":[{"embeddable":true,"href":"https:\/\/pb.edu.pl\/zireg\/wp-json\/wp\/v2\/pages\/481"}],"wp:attachment":[{"href":"https:\/\/pb.edu.pl\/zireg\/wp-json\/wp\/v2\/media?parent=493"}],"curies":[{"name":"wp","href":"https:\/\/api.w.org\/{rel}","templated":true}]}}