{"id":481,"date":"2021-03-24T13:52:01","date_gmt":"2021-03-24T12:52:01","guid":{"rendered":"https:\/\/pb.edu.pl\/zireg\/?page_id=481"},"modified":"2022-10-05T16:00:19","modified_gmt":"2022-10-05T14:00:19","slug":"szkolenia-studentow-fdi","status":"publish","type":"page","link":"https:\/\/pb.edu.pl\/zireg\/zireg\/szkolenia\/szkolenia-studentow-fdi\/","title":{"rendered":"Szkolenia student\u00f3w FDI"},"content":{"rendered":"<p><img loading=\"lazy\" decoding=\"async\" class=\"alignnone size-full wp-image-814\" src=\"https:\/\/pb.edu.pl\/zireg\/wp-content\/uploads\/sites\/43\/2022\/10\/belka-POWER_pl.jpg\" alt=\"\" width=\"1871\" height=\"183\" srcset=\"https:\/\/pb.edu.pl\/zireg\/wp-content\/uploads\/sites\/43\/2022\/10\/belka-POWER_pl.jpg 1871w, https:\/\/pb.edu.pl\/zireg\/wp-content\/uploads\/sites\/43\/2022\/10\/belka-POWER_pl-300x29.jpg 300w, https:\/\/pb.edu.pl\/zireg\/wp-content\/uploads\/sites\/43\/2022\/10\/belka-POWER_pl-1024x100.jpg 1024w, https:\/\/pb.edu.pl\/zireg\/wp-content\/uploads\/sites\/43\/2022\/10\/belka-POWER_pl-768x75.jpg 768w, https:\/\/pb.edu.pl\/zireg\/wp-content\/uploads\/sites\/43\/2022\/10\/belka-POWER_pl-1536x150.jpg 1536w\" sizes=\"auto, (max-width: 1871px) 100vw, 1871px\" \/><\/p>\n<div class=\"panel-group\" id=\"custom-collapse-0\">\n<div class=\"panel panel-default\">\n\t\t\t\t<div class=\"panel-heading\">\n\t\t\t\t\t<div class=\"panel-title\">\n\t\t\t\t\t\t<a class=\"collapsed h4\" data-toggle=\"collapse\" data-parent=\"#custom-collapse-0\" href=\"#custom-collapse-0-0\">Uruchamianie w\u0142asnej dzia\u0142alno\u015bci grupa 3<\/a>\n\t\t\t\t\t<\/div>\n\t\t\t\t<\/div>\n\t\t\t\t<div id=\"custom-collapse-0-0\" class=\"panel-collapse collapse\">\n\t\t\t\t\t<div class=\"panel-body\">\nSzkolenia skierowane do student\u00f3w, zakwalifikowanych do realizacji szkole\u0144 komunikacyjnych w ramach Fabryki Dobrego In\u017cyniera z projektu &#8222;ZIREG \u2013 Zintegrowany Program Politechniki Bia\u0142ostockiej na rzecz Rozwoju Regionalnego&#8221; realizowanego z Programu Operacyjnego Wiedza Edukacja Rozw\u00f3j.<\/p>\n<p><a title=\"Przejd\u017a do opisu szkolenia: Design Thinking\" href=\"https:\/\/pb.edu.pl\/zireg\/zireg\/szkolenia\/szkolenia-studentow-fdi\/uruchamianie-wlasnej-dzialalnosci-grupa-3\/\">Poznaj szczeg\u00f3\u0142ow\u0105 ofert\u0105<\/a><br \/>\n<\/div>\n\t\t\t\t<\/div>\n\t\t\t<\/div>\n<div class=\"panel panel-default\">\n\t\t\t\t<div class=\"panel-heading\">\n\t\t\t\t\t<div class=\"panel-title\">\n\t\t\t\t\t\t<a class=\"collapsed h4\" data-toggle=\"collapse\" data-parent=\"#custom-collapse-0\" href=\"#custom-collapse-0-1\">Warsztaty wyst\u0105pie\u0144 publicznych<\/a>\n\t\t\t\t\t<\/div>\n\t\t\t\t<\/div>\n\t\t\t\t<div id=\"custom-collapse-0-1\" class=\"panel-collapse collapse\">\n\t\t\t\t\t<div class=\"panel-body\">\nSzkolenia skierowane do student\u00f3w, zakwalifikowanych do realizacji szkole\u0144 komunikacyjnych w ramach Fabryki Dobrego In\u017cyniera z projektu &#8222;ZIREG \u2013 Zintegrowany Program Politechniki Bia\u0142ostockiej na rzecz Rozwoju Regionalnego&#8221; realizowanego z Programu Operacyjnego Wiedza Edukacja Rozw\u00f3j.<\/p>\n<p><a title=\"Przejd\u017a do opisu szkolenia: Warsztaty wyst\u0105pie\u0144 publicznych\" href=\"\/zireg\/szkolenia\/szkolenia-studentow-fdi\/warsztaty-wystapien-publicznych\/\">Poznaj szczeg\u00f3\u0142ow\u0105 ofert\u0105<\/a><br \/>\n<\/div>\n\t\t\t\t<\/div>\n\t\t\t<\/div>\n<\/div>\n","protected":false},"excerpt":{"rendered":"","protected":false},"author":33,"featured_media":0,"parent":89,"menu_order":0,"comment_status":"closed","ping_status":"closed","template":"","meta":{"_acf_changed":false,"ngg_post_thumbnail":0,"footnotes":""},"class_list":["post-481","page","type-page","status-publish","hentry"],"acf":[],"_links":{"self":[{"href":"https:\/\/pb.edu.pl\/zireg\/wp-json\/wp\/v2\/pages\/481","targetHints":{"allow":["GET"]}}],"collection":[{"href":"https:\/\/pb.edu.pl\/zireg\/wp-json\/wp\/v2\/pages"}],"about":[{"href":"https:\/\/pb.edu.pl\/zireg\/wp-json\/wp\/v2\/types\/page"}],"author":[{"embeddable":true,"href":"https:\/\/pb.edu.pl\/zireg\/wp-json\/wp\/v2\/users\/33"}],"replies":[{"embeddable":true,"href":"https:\/\/pb.edu.pl\/zireg\/wp-json\/wp\/v2\/comments?post=481"}],"version-history":[{"count":0,"href":"https:\/\/pb.edu.pl\/zireg\/wp-json\/wp\/v2\/pages\/481\/revisions"}],"up":[{"embeddable":true,"href":"https:\/\/pb.edu.pl\/zireg\/wp-json\/wp\/v2\/pages\/89"}],"wp:attachment":[{"href":"https:\/\/pb.edu.pl\/zireg\/wp-json\/wp\/v2\/media?parent=481"}],"curies":[{"name":"wp","href":"https:\/\/api.w.org\/{rel}","templated":true}]}}