{"id":39,"date":"2020-02-23T21:47:02","date_gmt":"2020-02-23T20:47:02","guid":{"rendered":"https:\/\/pb.edu.pl\/zireg\/?page_id=39"},"modified":"2020-12-30T20:31:14","modified_gmt":"2020-12-30T19:31:14","slug":"redakcja-serwisu-www","status":"publish","type":"page","link":"https:\/\/pb.edu.pl\/zireg\/redakcja-serwisu-www\/","title":{"rendered":"Redakcja serwisu www"},"content":{"rendered":"<p style=\"text-align: justify\"><img loading=\"lazy\" decoding=\"async\" class=\"alignleft wp-image-5194 animated zoomIn\" style=\"margin-top: 14px\" src=\"https:\/\/pb.edu.pl\/wp-content\/uploads\/2017\/10\/redakcja-kontakt-640x360.jpg\" alt=\"\" width=\"400\" height=\"225\"><\/p>\n<div class=\"h2\" style=\"margin-top: 0rem;padding-top: 0rem;text-align: justify\">Serwis internetowy<\/div>\n<p style=\"text-align: justify\">Uwagi dotycz\u0105ce <strong>funkcjonowania<\/strong> oraz <strong>zawarto\u015bci (opisy, fotografie itp.)<\/strong> poszczeg\u00f3lnych stron www serwisu internetowego projektu ZIREG prosz\u0119 przysy\u0142a\u0107 do redaktora serwisu na adres:<\/p>\n<p> <i class=\"fa fa-envelope-o\" aria-hidden=\"true\"><\/i> <a href=\"#\" rel=\"nofollow\"  onclick=\"this.href='mailto:' + 'maciej.lukaszuk' + '@' + 'pb.edu.pl'\">maciej.lukaszuk [at] pb.edu.pl<\/a>\n","protected":false},"excerpt":{"rendered":"<p>Serwis internetowy Uwagi dotycz\u0105ce funkcjonowania oraz zawarto\u015bci (opisy, fotografie itp.) poszczeg\u00f3lnych stron www serwisu internetowego<\/p>\n","protected":false},"author":2,"featured_media":0,"parent":0,"menu_order":7,"comment_status":"closed","ping_status":"closed","template":"","meta":{"_acf_changed":false,"ngg_post_thumbnail":0,"footnotes":""},"class_list":["post-39","page","type-page","status-publish","hentry"],"acf":[],"_links":{"self":[{"href":"https:\/\/pb.edu.pl\/zireg\/wp-json\/wp\/v2\/pages\/39","targetHints":{"allow":["GET"]}}],"collection":[{"href":"https:\/\/pb.edu.pl\/zireg\/wp-json\/wp\/v2\/pages"}],"about":[{"href":"https:\/\/pb.edu.pl\/zireg\/wp-json\/wp\/v2\/types\/page"}],"author":[{"embeddable":true,"href":"https:\/\/pb.edu.pl\/zireg\/wp-json\/wp\/v2\/users\/2"}],"replies":[{"embeddable":true,"href":"https:\/\/pb.edu.pl\/zireg\/wp-json\/wp\/v2\/comments?post=39"}],"version-history":[{"count":0,"href":"https:\/\/pb.edu.pl\/zireg\/wp-json\/wp\/v2\/pages\/39\/revisions"}],"wp:attachment":[{"href":"https:\/\/pb.edu.pl\/zireg\/wp-json\/wp\/v2\/media?parent=39"}],"curies":[{"name":"wp","href":"https:\/\/api.w.org\/{rel}","templated":true}]}}