{"id":176,"date":"2020-06-08T15:34:45","date_gmt":"2020-06-08T13:34:45","guid":{"rendered":"https:\/\/pb.edu.pl\/zireg\/?page_id=176"},"modified":"2025-06-24T12:42:09","modified_gmt":"2025-06-24T10:42:09","slug":"staze-studenci-wm","status":"publish","type":"page","link":"https:\/\/pb.edu.pl\/zireg\/zireg\/rekrutacja-do-projektu\/rekrutacja-studentow\/staze-studenci-wm\/","title":{"rendered":"Sta\u017ce studenci WM"},"content":{"rendered":"<p>Pola oznaczone (*) musz\u0105 by\u0107 wype\u0142nione obowi\u0105zkowo.<\/p>\n<p>Rejestracja zako\u0144czona.<\/p>\n","protected":false},"excerpt":{"rendered":"<p>Pola oznaczone (*) musz\u0105 by\u0107 wype\u0142nione obowi\u0105zkowo. Rejestracja zako\u0144czona.<\/p>\n","protected":false},"author":2,"featured_media":0,"parent":293,"menu_order":4,"comment_status":"closed","ping_status":"closed","template":"","meta":{"_acf_changed":false,"ngg_post_thumbnail":0,"footnotes":""},"class_list":["post-176","page","type-page","status-publish","hentry"],"acf":[],"_links":{"self":[{"href":"https:\/\/pb.edu.pl\/zireg\/wp-json\/wp\/v2\/pages\/176","targetHints":{"allow":["GET"]}}],"collection":[{"href":"https:\/\/pb.edu.pl\/zireg\/wp-json\/wp\/v2\/pages"}],"about":[{"href":"https:\/\/pb.edu.pl\/zireg\/wp-json\/wp\/v2\/types\/page"}],"author":[{"embeddable":true,"href":"https:\/\/pb.edu.pl\/zireg\/wp-json\/wp\/v2\/users\/2"}],"replies":[{"embeddable":true,"href":"https:\/\/pb.edu.pl\/zireg\/wp-json\/wp\/v2\/comments?post=176"}],"version-history":[{"count":0,"href":"https:\/\/pb.edu.pl\/zireg\/wp-json\/wp\/v2\/pages\/176\/revisions"}],"up":[{"embeddable":true,"href":"https:\/\/pb.edu.pl\/zireg\/wp-json\/wp\/v2\/pages\/293"}],"wp:attachment":[{"href":"https:\/\/pb.edu.pl\/zireg\/wp-json\/wp\/v2\/media?parent=176"}],"curies":[{"name":"wp","href":"https:\/\/api.w.org\/{rel}","templated":true}]}}