{"id":132,"date":"2020-04-22T22:07:40","date_gmt":"2020-04-22T20:07:40","guid":{"rendered":"https:\/\/pb.edu.pl\/zireg\/?page_id=132"},"modified":"2023-09-29T09:11:57","modified_gmt":"2023-09-29T07:11:57","slug":"pliki-do-pobrania","status":"publish","type":"page","link":"https:\/\/pb.edu.pl\/zireg\/zireg\/dokumenty\/pliki-do-pobrania\/","title":{"rendered":"Pliki do pobrania"},"content":{"rendered":"<p><img loading=\"lazy\" decoding=\"async\" class=\"alignnone size-full wp-image-814\" src=\"https:\/\/pb.edu.pl\/zireg\/wp-content\/uploads\/sites\/43\/2022\/10\/belka-POWER_pl.jpg\" alt=\"\" width=\"1871\" height=\"183\" srcset=\"https:\/\/pb.edu.pl\/zireg\/wp-content\/uploads\/sites\/43\/2022\/10\/belka-POWER_pl.jpg 1871w, https:\/\/pb.edu.pl\/zireg\/wp-content\/uploads\/sites\/43\/2022\/10\/belka-POWER_pl-300x29.jpg 300w, https:\/\/pb.edu.pl\/zireg\/wp-content\/uploads\/sites\/43\/2022\/10\/belka-POWER_pl-1024x100.jpg 1024w, https:\/\/pb.edu.pl\/zireg\/wp-content\/uploads\/sites\/43\/2022\/10\/belka-POWER_pl-768x75.jpg 768w, https:\/\/pb.edu.pl\/zireg\/wp-content\/uploads\/sites\/43\/2022\/10\/belka-POWER_pl-1536x150.jpg 1536w\" sizes=\"auto, (max-width: 1871px) 100vw, 1871px\" \/><\/p>\n<p><a href=\"https:\/\/pb.edu.pl\/zireg\/wp-content\/uploads\/sites\/43\/2021\/08\/Zalacznik-nr-1-A-FORMULARZ-REKRUTACYJNI-STUDENCI-MODUL-II.docx\">Za\u0142\u0105cznik nr 1 A &#8211; FORMULARZ REKRUTACYJNY STUDENCI &#8211; FMI3<\/a><\/p>\n<p><a href=\"https:\/\/pb.edu.pl\/zireg\/wp-content\/uploads\/sites\/43\/2020\/05\/Za\u0142\u0105cznik-nr-1-B-do-Regulaminu-Projektu-ZIREG-FORMULARZ-REKRUTACYJNY-TEACHSKILLS3.docx\">Za\u0142\u0105cznik nr 1 B &#8211; do Regulaminu Projektu ZIREG &#8211; FORMULARZ REKRUTACYJNY TEACHSKILLS3<\/a><\/p>\n<p><a href=\"https:\/\/pb.edu.pl\/zireg\/wp-content\/uploads\/sites\/43\/2020\/05\/Za\u0142\u0105cznik-nr-1-C-FORMULARZ-REKRUTACYJNY-STAFFSKILLS3-ZIREG.docx\">Za\u0142\u0105cznik nr 1 C &#8211; FORMULARZ REKRUTACYJNY STAFFSKILLS3 ZIREG<\/a><\/p>\n<p><a href=\"https:\/\/pb.edu.pl\/zireg\/wp-content\/uploads\/sites\/43\/2020\/05\/Za\u0142\u0105cznik-nr-1-D-FORMULARZ-REKRUTACYJNY-KADRA-ZARZ\u0104DZAJ\u0104CA-ZIREG.docx\">Za\u0142\u0105cznik nr 1 D &#8211; FORMULARZ REKRUTACYJNY KADRA ZARZ\u0104DZAJ\u0104CA ZIREG<\/a><\/p>\n<p><a href=\"https:\/\/pb.edu.pl\/zireg\/wp-content\/uploads\/sites\/43\/2020\/05\/Za\u0142\u0105cznik-nr-2-do-Regulaminu-Projektu-ZIREG.docx\">Za\u0142\u0105cznik nr 2 &#8211; do Regulaminu Projektu ZIREG<\/a><\/p>\n<p><a class=\"pdf\" title=\"Strona otworzy si\u0119 w nowym oknie.\" href=\"https:\/\/pb.edu.pl\/zireg\/wp-content\/uploads\/sites\/43\/2023\/09\/Zalacznik-nr-3-\u2013-do-Regulaminu-Projektu-ZIREG-\u2013-Umowa-uczestnictwa-activ.pdf\">Za\u0142\u0105cznik nr 3 \u2013 do Regulaminu Projektu ZIREG \u2013 Umowa uczestnictwa (pdf, wersja dost\u0119pna cyfrowo, 563 KB)<\/a><\/p>\n<p><a class=\"pdf\" title=\"Strona otworzy si\u0119 w nowym oknie.\" href=\"https:\/\/pb.edu.pl\/zireg\/wp-content\/uploads\/sites\/43\/2022\/04\/Regulamin-stazy-projektu-ZIREG-edycja-III-aktualizacja-25.04.2022-r..pdf\">Za\u0142\u0105cznik-nr-4-do-Regulaminu-Projektu-ZIREG-Regulamin-sta\u017cy 25.04.2022 (pdf, wersja dost\u0119pna cyfrowo, 659 KB)<\/a><\/p>\n","protected":false},"excerpt":{"rendered":"<p>Za\u0142\u0105cznik nr 1 A &#8211; FORMULARZ REKRUTACYJNY STUDENCI &#8211; FMI3 Za\u0142\u0105cznik nr 1 B &#8211;<\/p>\n","protected":false},"author":33,"featured_media":0,"parent":21,"menu_order":0,"comment_status":"closed","ping_status":"closed","template":"","meta":{"_acf_changed":false,"ngg_post_thumbnail":0,"footnotes":""},"class_list":["post-132","page","type-page","status-publish","hentry"],"acf":[],"_links":{"self":[{"href":"https:\/\/pb.edu.pl\/zireg\/wp-json\/wp\/v2\/pages\/132","targetHints":{"allow":["GET"]}}],"collection":[{"href":"https:\/\/pb.edu.pl\/zireg\/wp-json\/wp\/v2\/pages"}],"about":[{"href":"https:\/\/pb.edu.pl\/zireg\/wp-json\/wp\/v2\/types\/page"}],"author":[{"embeddable":true,"href":"https:\/\/pb.edu.pl\/zireg\/wp-json\/wp\/v2\/users\/33"}],"replies":[{"embeddable":true,"href":"https:\/\/pb.edu.pl\/zireg\/wp-json\/wp\/v2\/comments?post=132"}],"version-history":[{"count":0,"href":"https:\/\/pb.edu.pl\/zireg\/wp-json\/wp\/v2\/pages\/132\/revisions"}],"up":[{"embeddable":true,"href":"https:\/\/pb.edu.pl\/zireg\/wp-json\/wp\/v2\/pages\/21"}],"wp:attachment":[{"href":"https:\/\/pb.edu.pl\/zireg\/wp-json\/wp\/v2\/media?parent=132"}],"curies":[{"name":"wp","href":"https:\/\/api.w.org\/{rel}","templated":true}]}}