{"id":13,"date":"2020-02-23T21:19:38","date_gmt":"2020-02-23T20:19:38","guid":{"rendered":"https:\/\/pb.edu.pl\/zireg\/?page_id=13"},"modified":"2022-10-05T15:54:49","modified_gmt":"2022-10-05T13:54:49","slug":"aktualnosci","status":"publish","type":"page","link":"https:\/\/pb.edu.pl\/zireg\/aktualnosci\/","title":{"rendered":"Aktualno\u015bci"},"content":{"rendered":"<p><img loading=\"lazy\" decoding=\"async\" class=\"alignnone size-full wp-image-814\" src=\"https:\/\/pb.edu.pl\/zireg\/wp-content\/uploads\/sites\/43\/2022\/10\/belka-POWER_pl.jpg\" alt=\"\" width=\"1871\" height=\"183\" srcset=\"https:\/\/pb.edu.pl\/zireg\/wp-content\/uploads\/sites\/43\/2022\/10\/belka-POWER_pl.jpg 1871w, https:\/\/pb.edu.pl\/zireg\/wp-content\/uploads\/sites\/43\/2022\/10\/belka-POWER_pl-300x29.jpg 300w, https:\/\/pb.edu.pl\/zireg\/wp-content\/uploads\/sites\/43\/2022\/10\/belka-POWER_pl-1024x100.jpg 1024w, https:\/\/pb.edu.pl\/zireg\/wp-content\/uploads\/sites\/43\/2022\/10\/belka-POWER_pl-768x75.jpg 768w, https:\/\/pb.edu.pl\/zireg\/wp-content\/uploads\/sites\/43\/2022\/10\/belka-POWER_pl-1536x150.jpg 1536w\" sizes=\"auto, (max-width: 1871px) 100vw, 1871px\" \/><\/p>\n\t\t<div class=\"box news-box \">\n\t\t<div class=\"row\">\n\t\t\t\n\t\t\t\n\t\t\t\t\n\t\t\t\t\t\t\t\t\t\t<div class=\"col-sm-3\">\n\t\t\t\t\t\t\t\n<article class=\"format-standard\">\n    <span class=\"date text-right\"><i class=\"fal fa-calendar-alt\"><\/i> 27-07-2023<\/span>\n    <a href=\"https:\/\/pb.edu.pl\/zireg\/2023\/07\/27\/szacowanie-zamowienia-przygotowanie-kursow-z-3-obszarow\/\">\n      <div class=\"article-image\">\n        <img loading=\"lazy\" decoding=\"async\" width=\"480\" height=\"290\" src=\"https:\/\/pb.edu.pl\/zireg\/wp-content\/uploads\/sites\/43\/2020\/02\/zireg_aktualnosci.png\" class=\"attachment-medium-image-16x10 size-medium-image-16x10 wp-post-image\" alt=\"\" srcset=\"https:\/\/pb.edu.pl\/zireg\/wp-content\/uploads\/sites\/43\/2020\/02\/zireg_aktualnosci.png 600w, https:\/\/pb.edu.pl\/zireg\/wp-content\/uploads\/sites\/43\/2020\/02\/zireg_aktualnosci-300x182.png 300w\" sizes=\"auto, (max-width: 480px) 100vw, 480px\" \/>      <\/div>\n      <h3>Szacowanie zam\u00f3wienia &#8211; przygotowanie kurs\u00f3w z 3 obszar\u00f3w<\/h3>\n      Politechnika Bia\u0142ostocka w ramach realizowanych projekt\u00f3w zintegrowanych (PB2.0, ZIREG, PB2020) planuje    <\/a>\n<\/article>\t\t\t\t\t\t<\/div>\n\t\t\t\t\t\t\t\t\t\t\t<div class=\"col-sm-3\">\n\t\t\t\t\t\t\t\n<article class=\"format-standard\">\n    <span class=\"date text-right\"><i class=\"fal fa-calendar-alt\"><\/i> 07-06-2023<\/span>\n    <a href=\"https:\/\/pb.edu.pl\/zireg\/2023\/06\/07\/rekrutacja-na-staze-studentow\/\">\n      <div class=\"article-image\">\n        <img loading=\"lazy\" decoding=\"async\" width=\"480\" height=\"290\" src=\"https:\/\/pb.edu.pl\/zireg\/wp-content\/uploads\/sites\/43\/2020\/02\/zireg_aktualnosci.png\" class=\"attachment-medium-image-16x10 size-medium-image-16x10 wp-post-image\" alt=\"\" srcset=\"https:\/\/pb.edu.pl\/zireg\/wp-content\/uploads\/sites\/43\/2020\/02\/zireg_aktualnosci.png 600w, https:\/\/pb.edu.pl\/zireg\/wp-content\/uploads\/sites\/43\/2020\/02\/zireg_aktualnosci-300x182.png 300w\" sizes=\"auto, (max-width: 480px) 100vw, 480px\" \/>      <\/div>\n      <h3>Rekrutacja na sta\u017ce student\u00f3w<\/h3>\n      Serdecznie zapraszamy student\u00f3w, kt\u00f3rzy jeszcze nie brali udzia\u0142u w projekcie \u201eZIREG    <\/a>\n<\/article>\t\t\t\t\t\t<\/div>\n\t\t\t\t\t\t\t\t\t\t\t<div class=\"col-sm-3\">\n\t\t\t\t\t\t\t\n<article class=\"format-standard\">\n    <span class=\"date text-right\"><i class=\"fal fa-calendar-alt\"><\/i> 29-05-2023<\/span>\n    <a href=\"https:\/\/pb.edu.pl\/zireg\/2023\/05\/29\/wycena-szkolenia-design-thinking\/\">\n      <div class=\"article-image\">\n              <\/div>\n      <h3>Wycena szkolenia Design Thinking<\/h3>\n      &nbsp; Zwracamy si\u0119 z pro\u015bb\u0105 o przes\u0142anie wyceny oczekiwanego wynagrodzenia brutto    <\/a>\n<\/article>\t\t\t\t\t\t<\/div>\n\t\t\t\t\t\t\t\t\t\t\t<div class=\"col-sm-3\">\n\t\t\t\t\t\t\t\n<article class=\"format-standard\">\n    <span class=\"date text-right\"><i class=\"fal fa-calendar-alt\"><\/i> 20-04-2023<\/span>\n    <a href=\"https:\/\/pb.edu.pl\/zireg\/2023\/04\/20\/wyniki-rekrutacji-do-fdi-iii-zireg-2023\/\">\n      <div class=\"article-image\">\n        <img loading=\"lazy\" decoding=\"async\" width=\"480\" height=\"210\" src=\"https:\/\/pb.edu.pl\/zireg\/wp-content\/uploads\/sites\/43\/2021\/01\/Fotolia_130705503_XS.jpg\" class=\"attachment-medium-image-16x10 size-medium-image-16x10 wp-post-image\" alt=\"\" srcset=\"https:\/\/pb.edu.pl\/zireg\/wp-content\/uploads\/sites\/43\/2021\/01\/Fotolia_130705503_XS.jpg 523w, https:\/\/pb.edu.pl\/zireg\/wp-content\/uploads\/sites\/43\/2021\/01\/Fotolia_130705503_XS-300x131.jpg 300w\" sizes=\"auto, (max-width: 480px) 100vw, 480px\" \/>      <\/div>\n      <h3>Wyniki rekrutacji do FDI III &#8211; ZIREG 2023<\/h3>\n      Zapraszamy do zapoznania si\u0119 z wynikami rekrutacji do projektu. Lista rankingowa    <\/a>\n<\/article>\t\t\t\t\t\t<\/div>\n\t\t\t\t\t\t\t\t\t\t\t<div class=\"col-sm-3\">\n\t\t\t\t\t\t\t\n<article class=\"format-standard\">\n    <span class=\"date text-right\"><i class=\"fal fa-calendar-alt\"><\/i> 22-03-2023<\/span>\n    <a href=\"https:\/\/pb.edu.pl\/zireg\/2023\/03\/22\/rekrutacja-do-fabryki-dobrego-inzyniera-iii-2023\/\">\n      <div class=\"article-image\">\n        <img loading=\"lazy\" decoding=\"async\" width=\"213\" height=\"300\" src=\"https:\/\/pb.edu.pl\/zireg\/wp-content\/uploads\/sites\/43\/2020\/11\/2020_11_Fabryka_Dobrego_Inzyniera-III.jpg\" class=\"attachment-medium-image-16x10 size-medium-image-16x10 wp-post-image\" alt=\"\" srcset=\"https:\/\/pb.edu.pl\/zireg\/wp-content\/uploads\/sites\/43\/2020\/11\/2020_11_Fabryka_Dobrego_Inzyniera-III.jpg 1200w, https:\/\/pb.edu.pl\/zireg\/wp-content\/uploads\/sites\/43\/2020\/11\/2020_11_Fabryka_Dobrego_Inzyniera-III-213x300.jpg 213w, https:\/\/pb.edu.pl\/zireg\/wp-content\/uploads\/sites\/43\/2020\/11\/2020_11_Fabryka_Dobrego_Inzyniera-III-727x1024.jpg 727w, https:\/\/pb.edu.pl\/zireg\/wp-content\/uploads\/sites\/43\/2020\/11\/2020_11_Fabryka_Dobrego_Inzyniera-III-768x1082.jpg 768w, https:\/\/pb.edu.pl\/zireg\/wp-content\/uploads\/sites\/43\/2020\/11\/2020_11_Fabryka_Dobrego_Inzyniera-III-1091x1536.jpg 1091w\" sizes=\"auto, (max-width: 213px) 100vw, 213px\" \/>      <\/div>\n      <h3>Rekrutacja do Fabryki Dobrego In\u017cyniera III \u2013 2023<\/h3>\n      W dniu 22.03.2023 r.&nbsp;rusza rekrutacja do&nbsp;Fabryki Dobrego In\u017cyniera II w ramach    <\/a>\n<\/article>\t\t\t\t\t\t<\/div>\n\t\t\t\t\t\t\t\t\t\t\t<div class=\"col-sm-3\">\n\t\t\t\t\t\t\t\n<article class=\"format-standard\">\n    <span class=\"date text-right\"><i class=\"fal fa-calendar-alt\"><\/i> 23-11-2022<\/span>\n    <a href=\"https:\/\/pb.edu.pl\/zireg\/2022\/11\/23\/rusza-nabor-wnioskow-o-sfinansowanie-w-ramach-isd\/\">\n      <div class=\"article-image\">\n        <img loading=\"lazy\" decoding=\"async\" width=\"480\" height=\"290\" src=\"https:\/\/pb.edu.pl\/zireg\/wp-content\/uploads\/sites\/43\/2020\/02\/zireg_aktualnosci.png\" class=\"attachment-medium-image-16x10 size-medium-image-16x10 wp-post-image\" alt=\"\" srcset=\"https:\/\/pb.edu.pl\/zireg\/wp-content\/uploads\/sites\/43\/2020\/02\/zireg_aktualnosci.png 600w, https:\/\/pb.edu.pl\/zireg\/wp-content\/uploads\/sites\/43\/2020\/02\/zireg_aktualnosci-300x182.png 300w\" sizes=\"auto, (max-width: 480px) 100vw, 480px\" \/>      <\/div>\n      <h3>Rusza nab\u00f3r wniosk\u00f3w o sfinansowanie w ramach ISD<\/h3>\n      Rusza nab\u00f3r wniosk\u00f3w o sfinansowanie: finansowanie druku publikacji naukowych, finansowanie udzia\u0142u    <\/a>\n<\/article>\t\t\t\t\t\t<\/div>\n\t\t\t\t\t\t\t\t\t\t\t<div class=\"col-sm-3\">\n\t\t\t\t\t\t\t\n<article class=\"format-standard\">\n    <span class=\"date text-right\"><i class=\"fal fa-calendar-alt\"><\/i> 18-11-2022<\/span>\n    <a href=\"https:\/\/pb.edu.pl\/zireg\/2022\/11\/18\/wyniki-przyznania-stypendium-zireg\/\">\n      <div class=\"article-image\">\n        <img loading=\"lazy\" decoding=\"async\" width=\"480\" height=\"290\" src=\"https:\/\/pb.edu.pl\/zireg\/wp-content\/uploads\/sites\/43\/2020\/02\/zireg_aktualnosci.png\" class=\"attachment-medium-image-16x10 size-medium-image-16x10 wp-post-image\" alt=\"\" srcset=\"https:\/\/pb.edu.pl\/zireg\/wp-content\/uploads\/sites\/43\/2020\/02\/zireg_aktualnosci.png 600w, https:\/\/pb.edu.pl\/zireg\/wp-content\/uploads\/sites\/43\/2020\/02\/zireg_aktualnosci-300x182.png 300w\" sizes=\"auto, (max-width: 480px) 100vw, 480px\" \/>      <\/div>\n      <h3>Wyniki przyznania stypendium ZIREG<\/h3>\n      W dniu 15 listopada 2022 r. na posiedzeniu Rady Naukowej Szko\u0142y    <\/a>\n<\/article>\t\t\t\t\t\t<\/div>\n\t\t\t\t\t\t\t\t\t\t\t<div class=\"col-sm-3\">\n\t\t\t\t\t\t\t\n<article class=\"format-standard\">\n    <span class=\"date text-right\"><i class=\"fal fa-calendar-alt\"><\/i> 08-11-2022<\/span>\n    <a href=\"https:\/\/pb.edu.pl\/zireg\/2022\/11\/08\/rekrutacja-uzupelniajaca-kadry-administracyjnej\/\">\n      <div class=\"article-image\">\n        <img loading=\"lazy\" decoding=\"async\" width=\"480\" height=\"290\" src=\"https:\/\/pb.edu.pl\/zireg\/wp-content\/uploads\/sites\/43\/2020\/02\/zireg_aktualnosci.png\" class=\"attachment-medium-image-16x10 size-medium-image-16x10 wp-post-image\" alt=\"\" srcset=\"https:\/\/pb.edu.pl\/zireg\/wp-content\/uploads\/sites\/43\/2020\/02\/zireg_aktualnosci.png 600w, https:\/\/pb.edu.pl\/zireg\/wp-content\/uploads\/sites\/43\/2020\/02\/zireg_aktualnosci-300x182.png 300w\" sizes=\"auto, (max-width: 480px) 100vw, 480px\" \/>      <\/div>\n      <h3>Rekrutacja uzupe\u0142niaj\u0105ca kadry administracyjnej<\/h3>\n      W dniu&nbsp;09.11.2022&nbsp;rozpoczynamy zdaln\u0105 rekrutacj\u0119 uzupe\u0142niaj\u0105c\u0105 do projektu&nbsp;&#8222;ZIREG &#8211; Zintegrowany Program Politechniki    <\/a>\n<\/article>\t\t\t\t\t\t<\/div>\n\t\t\t\t\t\t\t\t\t\t\t<div class=\"col-sm-3\">\n\t\t\t\t\t\t\t\n<article class=\"format-standard\">\n    <span class=\"date text-right\"><i class=\"fal fa-calendar-alt\"><\/i> 06-10-2022<\/span>\n    <a href=\"https:\/\/pb.edu.pl\/zireg\/2022\/10\/06\/nabor-wnioskow-o-stypendium-doktoranckie-2\/\">\n      <div class=\"article-image\">\n        <img loading=\"lazy\" decoding=\"async\" width=\"480\" height=\"290\" src=\"https:\/\/pb.edu.pl\/zireg\/wp-content\/uploads\/sites\/43\/2020\/02\/zireg_aktualnosci.png\" class=\"attachment-medium-image-16x10 size-medium-image-16x10 wp-post-image\" alt=\"\" srcset=\"https:\/\/pb.edu.pl\/zireg\/wp-content\/uploads\/sites\/43\/2020\/02\/zireg_aktualnosci.png 600w, https:\/\/pb.edu.pl\/zireg\/wp-content\/uploads\/sites\/43\/2020\/02\/zireg_aktualnosci-300x182.png 300w\" sizes=\"auto, (max-width: 480px) 100vw, 480px\" \/>      <\/div>\n      <h3>Nab\u00f3r wniosk\u00f3w o stypendium doktoranckie<\/h3>\n      W dniu 7.10.2022 r. rusza nab\u00f3r wniosk\u00f3w o przyznanie stypendium dla    <\/a>\n<\/article>\t\t\t\t\t\t<\/div>\n\t\t\t\t\t\t\t\t\t\t\t<div class=\"col-sm-3\">\n\t\t\t\t\t\t\t\n<article class=\"format-standard\">\n    <span class=\"date text-right\"><i class=\"fal fa-calendar-alt\"><\/i> 18-05-2022<\/span>\n    <a href=\"https:\/\/pb.edu.pl\/zireg\/2022\/05\/18\/wyniki-rekrutacji-na-staze-wm-2022\/\">\n      <div class=\"article-image\">\n        <img loading=\"lazy\" decoding=\"async\" width=\"480\" height=\"210\" src=\"https:\/\/pb.edu.pl\/zireg\/wp-content\/uploads\/sites\/43\/2021\/01\/Fotolia_130705503_XS.jpg\" class=\"attachment-medium-image-16x10 size-medium-image-16x10 wp-post-image\" alt=\"\" srcset=\"https:\/\/pb.edu.pl\/zireg\/wp-content\/uploads\/sites\/43\/2021\/01\/Fotolia_130705503_XS.jpg 523w, https:\/\/pb.edu.pl\/zireg\/wp-content\/uploads\/sites\/43\/2021\/01\/Fotolia_130705503_XS-300x131.jpg 300w\" sizes=\"auto, (max-width: 480px) 100vw, 480px\" \/>      <\/div>\n      <h3>Wyniki rekrutacji na sta\u017ce WM 2022<\/h3>\n      Zapraszamy do zapoznania si\u0119 z wynikami rekrutacji na sta\u017ce na Wydziale    <\/a>\n<\/article>\t\t\t\t\t\t<\/div>\n\t\t\t\t\t\t\t\t\t\t\t<div class=\"col-sm-3\">\n\t\t\t\t\t\t\t\n<article class=\"format-standard\">\n    <span class=\"date text-right\"><i class=\"fal fa-calendar-alt\"><\/i> 25-04-2022<\/span>\n    <a href=\"https:\/\/pb.edu.pl\/zireg\/2022\/04\/25\/rekrutacja-na-staze-studenci-wydzialu-mechanicznego-2022\/\">\n      <div class=\"article-image\">\n        <img loading=\"lazy\" decoding=\"async\" width=\"480\" height=\"290\" src=\"https:\/\/pb.edu.pl\/zireg\/wp-content\/uploads\/sites\/43\/2020\/02\/zireg_aktualnosci.png\" class=\"attachment-medium-image-16x10 size-medium-image-16x10 wp-post-image\" alt=\"\" srcset=\"https:\/\/pb.edu.pl\/zireg\/wp-content\/uploads\/sites\/43\/2020\/02\/zireg_aktualnosci.png 600w, https:\/\/pb.edu.pl\/zireg\/wp-content\/uploads\/sites\/43\/2020\/02\/zireg_aktualnosci-300x182.png 300w\" sizes=\"auto, (max-width: 480px) 100vw, 480px\" \/>      <\/div>\n      <h3>Rekrutacja na sta\u017ce studenci Wydzia\u0142u Mechanicznego 2022<\/h3>\n      Uwaga nowy termin rekrutacji!!! Serdecznie zapraszamy student\u00f3w 4-rech ostatnich semestr\u00f3w studi\u00f3w    <\/a>\n<\/article>\t\t\t\t\t\t<\/div>\n\t\t\t\t\t\t\t\t\t\t\t<div class=\"col-sm-3\">\n\t\t\t\t\t\t\t\n<article class=\"format-standard\">\n    <span class=\"date text-right\"><i class=\"fal fa-calendar-alt\"><\/i> 24-03-2022<\/span>\n    <a href=\"https:\/\/pb.edu.pl\/zireg\/2022\/03\/24\/wyniki-rekrutacji-studentow-do-fabryki-dobrego-inzyniera-iii-2022\/\">\n      <div class=\"article-image\">\n        <img loading=\"lazy\" decoding=\"async\" width=\"480\" height=\"210\" src=\"https:\/\/pb.edu.pl\/zireg\/wp-content\/uploads\/sites\/43\/2021\/01\/Fotolia_130705503_XS.jpg\" class=\"attachment-medium-image-16x10 size-medium-image-16x10 wp-post-image\" alt=\"\" srcset=\"https:\/\/pb.edu.pl\/zireg\/wp-content\/uploads\/sites\/43\/2021\/01\/Fotolia_130705503_XS.jpg 523w, https:\/\/pb.edu.pl\/zireg\/wp-content\/uploads\/sites\/43\/2021\/01\/Fotolia_130705503_XS-300x131.jpg 300w\" sizes=\"auto, (max-width: 480px) 100vw, 480px\" \/>      <\/div>\n      <h3>Wyniki rekrutacji student\u00f3w do Fabryki Dobrego In\u017cyniera III \u2013 2022<\/h3>\n      Zapraszamy do zapoznania si\u0119 z wynikami rekrutacji do projektu. Lista rankingowa    <\/a>\n<\/article>\t\t\t\t\t\t<\/div>\n\t\t\t\t\t\n\t\t\t\t\n\t\t\t\t\t<\/div>\n\t\t\n\t<nav class=\"navigation pagination\" aria-label=\"Stronicowanie wpis\u00f3w\">\n\t\t<h2 class=\"screen-reader-text\">Stronicowanie wpis\u00f3w<\/h2>\n\t\t<div class=\"nav-links\"><span aria-current=\"page\" class=\"page-numbers current\">1<\/span>\n<a class=\"page-numbers\" href=\"https:\/\/pb.edu.pl\/zireg\/wp-json\/wp\/v2\/pages\/13\/page\/2\/\">2<\/a>\n<a class=\"page-numbers\" href=\"https:\/\/pb.edu.pl\/zireg\/wp-json\/wp\/v2\/pages\/13\/page\/3\/\">3<\/a>\n<a class=\"next page-numbers\" href=\"https:\/\/pb.edu.pl\/zireg\/wp-json\/wp\/v2\/pages\/13\/page\/2\/\">Nast\u0119pne<\/a><\/div>\n\t<\/nav>\t\t\t<\/div>\n\n","protected":false},"excerpt":{"rendered":"","protected":false},"author":2,"featured_media":0,"parent":0,"menu_order":1,"comment_status":"closed","ping_status":"closed","template":"","meta":{"_acf_changed":false,"ngg_post_thumbnail":0,"footnotes":""},"class_list":["post-13","page","type-page","status-publish","hentry"],"acf":[],"_links":{"self":[{"href":"https:\/\/pb.edu.pl\/zireg\/wp-json\/wp\/v2\/pages\/13","targetHints":{"allow":["GET"]}}],"collection":[{"href":"https:\/\/pb.edu.pl\/zireg\/wp-json\/wp\/v2\/pages"}],"about":[{"href":"https:\/\/pb.edu.pl\/zireg\/wp-json\/wp\/v2\/types\/page"}],"author":[{"embeddable":true,"href":"https:\/\/pb.edu.pl\/zireg\/wp-json\/wp\/v2\/users\/2"}],"replies":[{"embeddable":true,"href":"https:\/\/pb.edu.pl\/zireg\/wp-json\/wp\/v2\/comments?post=13"}],"version-history":[{"count":0,"href":"https:\/\/pb.edu.pl\/zireg\/wp-json\/wp\/v2\/pages\/13\/revisions"}],"wp:attachment":[{"href":"https:\/\/pb.edu.pl\/zireg\/wp-json\/wp\/v2\/media?parent=13"}],"curies":[{"name":"wp","href":"https:\/\/api.w.org\/{rel}","templated":true}]}}