{"id":129,"date":"2020-04-22T22:06:14","date_gmt":"2020-04-22T20:06:14","guid":{"rendered":"https:\/\/pb.edu.pl\/zireg\/?page_id=129"},"modified":"2023-09-29T09:12:51","modified_gmt":"2023-09-29T07:12:51","slug":"regulamin","status":"publish","type":"page","link":"https:\/\/pb.edu.pl\/zireg\/zireg\/dokumenty\/regulamin\/","title":{"rendered":"Regulamin"},"content":{"rendered":"<p><img loading=\"lazy\" decoding=\"async\" class=\"alignnone wp-image-814 size-full\" src=\"https:\/\/pb.edu.pl\/zireg\/wp-content\/uploads\/sites\/43\/2022\/10\/belka-POWER_pl.jpg\" alt=\"\" width=\"1871\" height=\"183\" srcset=\"https:\/\/pb.edu.pl\/zireg\/wp-content\/uploads\/sites\/43\/2022\/10\/belka-POWER_pl.jpg 1871w, https:\/\/pb.edu.pl\/zireg\/wp-content\/uploads\/sites\/43\/2022\/10\/belka-POWER_pl-300x29.jpg 300w, https:\/\/pb.edu.pl\/zireg\/wp-content\/uploads\/sites\/43\/2022\/10\/belka-POWER_pl-1024x100.jpg 1024w, https:\/\/pb.edu.pl\/zireg\/wp-content\/uploads\/sites\/43\/2022\/10\/belka-POWER_pl-768x75.jpg 768w, https:\/\/pb.edu.pl\/zireg\/wp-content\/uploads\/sites\/43\/2022\/10\/belka-POWER_pl-1536x150.jpg 1536w\" sizes=\"auto, (max-width: 1871px) 100vw, 1871px\" \/><\/p>\n<p><a class=\"pdf\" title=\"Strona otworzy si\u0119 w nowym oknie.\" href=\"https:\/\/pb.edu.pl\/zireg\/wp-content\/uploads\/sites\/43\/2023\/06\/REGULAMIN-Projektu-ZIREG-aktualizacja-06.2023-r..pdf\">Regulaminu Projektu ZIREG Regulamin (PDF, wersja dost\u0119pna cyfrowo, 286 KB)<\/a><\/p>\n<p><a class=\"docx\" title=\"Strona otworzy si\u0119 w nowym oknie.\" href=\"https:\/\/pb.edu.pl\/zireg\/wp-content\/uploads\/sites\/43\/2021\/08\/Zalacznik-nr-1-A-FORMULARZ-REKRUTACYJNI-STUDENCI-MODUL-II.docx\">Za\u0142\u0105cznik nr 1A &#8211; FORMULARZ REKRUTACYJNY STUDENCI FMI3 (docx, wersja dost\u0119pna cyfrowo, 47 KB)<\/a><\/p>\n<p><a class=\"docx\" title=\"Strona otworzy si\u0119 w nowym oknie.\" href=\"https:\/\/pb.edu.pl\/zireg\/wp-content\/uploads\/sites\/43\/2021\/05\/Zalacznik-nr-1-B-do-Regulaminu-Projektu-ZIREG-FORMULARZ-REKRUTACYJNY-TEACHSKILLS3.docx\">Za\u0142\u0105cznik nr 1B do Regulaminu Projektu ZIREG FORMULARZ REKRUTACYJNY TEACHSKILLS3 (docx, wersja dost\u0119pna cyfrowo, 48 KB)<\/a><\/p>\n<p><a class=\"docx\" title=\"Strona otworzy si\u0119 w nowym oknie.\" href=\"https:\/\/pb.edu.pl\/zireg\/wp-content\/uploads\/sites\/43\/2021\/05\/Zalacznik-nr-1-C-FORMULARZ-REKRUTACYJNY-STAFFSKILLS3-ZIREG.docx\">Za\u0142\u0105cznik nr 1C FORMULARZ REKRUTACYJNY STAFFSKILLS3 ZIREG (docx, wersja dost\u0119pna cyfrowo, 48 KB)<\/a><\/p>\n<p><a class=\"docx\" title=\"Strona otworzy si\u0119 w nowym oknie.\" href=\"https:\/\/pb.edu.pl\/zireg\/wp-content\/uploads\/sites\/43\/2021\/05\/Zalacznik-nr-1-D-FORMULARZ-REKRUTACYJNY-KADRA-ZARZADZAJACA-ZIREG.docx\">Za\u0142\u0105cznik nr 1D FORMULARZ REKRUTACYJNY KADRA ZARZ\u0104DZAJ\u0104CA ZIREG (docx, wersja dost\u0119pna cyfrowo, 47 KB)<\/a><\/p>\n<p><a class=\"docx\" title=\"Strona otworzy si\u0119 w nowym oknie.\" href=\"https:\/\/pb.edu.pl\/zireg\/wp-content\/uploads\/sites\/43\/2021\/05\/Zalacznik-nr-2-do-Regulaminu-Projektu-ZIREG-cz.b.docx\">Za\u0142\u0105cznik nr 2 do Regulaminu Projektu ZIREG cz.b (docx, wersja dost\u0119pna cyfrowo, 61 KB)<\/a><\/p>\n<p><a class=\"pdf\" title=\"Strona otworzy si\u0119 w nowym oknie.\" href=\"https:\/\/pb.edu.pl\/zireg\/wp-content\/uploads\/sites\/43\/2023\/09\/Zalacznik-nr-3-\u2013-do-Regulaminu-Projektu-ZIREG-\u2013-Umowa-uczestnictwa-activ.pdf\">Za\u0142\u0105cznik nr 3 \u2013 do Regulaminu Projektu ZIREG \u2013 Umowa uczestnictwa (pdf, wersja dost\u0119pna cyfrowo, 563 KB)<\/a><\/p>\n<p><a href=\"https:\/\/pb.edu.pl\/zireg\/wp-content\/uploads\/sites\/43\/2023\/06\/Regulamin-stazy-IV-EDYCJA.pdf\">Regulamin sta\u017cy IV EDYCJA<\/a><\/p>\n<p><a href=\"https:\/\/pb.edu.pl\/zireg\/wp-content\/uploads\/sites\/43\/2023\/06\/Formularz-Wstepnego-Postazowego-Badania-Indywidualnych-Kompetencji-WBIK-PBIK.docx\">Formularz-Wst\u0119pnego-Posta\u017cowego-Badania-Indywidualnych-Kompetencji-WBIK-PBIK<\/a><\/p>\n<p><a href=\"https:\/\/pb.edu.pl\/zireg\/wp-content\/uploads\/sites\/43\/2023\/06\/Zalacznik-nr-1-do-Regulaminu-stazy-Wniosek-o-staz.doc\">Za\u0142\u0105cznik nr 1 do Regulaminu sta\u017cy Wniosek o sta\u017c<\/a><\/p>\n<p><a href=\"https:\/\/pb.edu.pl\/zireg\/wp-content\/uploads\/sites\/43\/2023\/06\/Zalacznik-nr-1a-do-Regulaminu-stazy-Decyzja.doc\">Za\u0142\u0105cznik nr 1a do Regulaminu sta\u017cy Decyzja<\/a><\/p>\n<p><a href=\"https:\/\/pb.edu.pl\/zireg\/wp-content\/uploads\/sites\/43\/2023\/06\/Zalacznik-nr-2-do-Regulaminu-stazy-Formularz-uczestnika-projektu.doc\">Za\u0142\u0105cznik nr 2 do Regulaminu sta\u017cy Formularz uczestnika projektu<\/a><\/p>\n<p><a href=\"https:\/\/pb.edu.pl\/zireg\/wp-content\/uploads\/sites\/43\/2023\/06\/Zalacznik-nr-3-do-Regulaminu-stazy-Umowa-o-staz.doc\">Za\u0142\u0105cznik nr 3 do Regulaminu sta\u017cy Umowa o sta\u017c<\/a><\/p>\n<p><a href=\"https:\/\/pb.edu.pl\/zireg\/wp-content\/uploads\/sites\/43\/2023\/06\/Zalacznik-nr-1-do-Umowy-o-staz.doc\">Za\u0142\u0105cznik nr 1 do Umowy o sta\u017c<\/a><\/p>\n<p><a href=\"https:\/\/pb.edu.pl\/zireg\/wp-content\/uploads\/sites\/43\/2023\/06\/Zalacznik-nr-4-do-Regulaminu-stazy-Indywidualny-Program-stazu.doc\">Za\u0142\u0105cznik nr 4 do Regulaminu sta\u017cy Indywidualny Program sta\u017cu<\/a><\/p>\n<p><a href=\"https:\/\/pb.edu.pl\/zireg\/wp-content\/uploads\/sites\/43\/2023\/06\/Zalacznik-nr-5-do-Regulaminu-stazy-Dziennik-stazu.doc\">Za\u0142\u0105cznik nr 5 do Regulaminu sta\u017cy Dziennik sta\u017cu<\/a><\/p>\n<p><a href=\"https:\/\/pb.edu.pl\/zireg\/wp-content\/uploads\/sites\/43\/2023\/06\/Zalacznik-nr-6-do-Regulaminu-stazy-Lista-obecnosci-stazysty.doc\">Za\u0142\u0105cznik nr 6 do Regulaminu stazy Lista obecno\u015bci sta\u017cysty<\/a><\/p>\n<p><a href=\"https:\/\/pb.edu.pl\/zireg\/wp-content\/uploads\/sites\/43\/2023\/06\/Zalacznik-nr-7-do-Regulaminu-stazy-Raport-koncowy-opiekuna-stazu.doc\">Za\u0142\u0105cznik nr 7 do Regulaminu sta\u017cy Raport ko\u0144cowy opiekuna sta\u017cu<\/a><\/p>\n<p><a href=\"https:\/\/pb.edu.pl\/zireg\/wp-content\/uploads\/sites\/43\/2023\/06\/Zalacznik-nr-8-do-Regulaminu-stazy-Nota-ksiegowa.doc\">Za\u0142\u0105cznik nr 8 do Regulaminu sta\u017cy Nota ksi\u0119gowa<\/a><\/p>\n","protected":false},"excerpt":{"rendered":"<p>Regulaminu Projektu ZIREG Regulamin (PDF, wersja dost\u0119pna cyfrowo, 286 KB) Za\u0142\u0105cznik nr 1A &#8211; FORMULARZ<\/p>\n","protected":false},"author":33,"featured_media":0,"parent":21,"menu_order":0,"comment_status":"closed","ping_status":"closed","template":"","meta":{"_acf_changed":false,"ngg_post_thumbnail":0,"footnotes":""},"class_list":["post-129","page","type-page","status-publish","hentry"],"acf":[],"_links":{"self":[{"href":"https:\/\/pb.edu.pl\/zireg\/wp-json\/wp\/v2\/pages\/129","targetHints":{"allow":["GET"]}}],"collection":[{"href":"https:\/\/pb.edu.pl\/zireg\/wp-json\/wp\/v2\/pages"}],"about":[{"href":"https:\/\/pb.edu.pl\/zireg\/wp-json\/wp\/v2\/types\/page"}],"author":[{"embeddable":true,"href":"https:\/\/pb.edu.pl\/zireg\/wp-json\/wp\/v2\/users\/33"}],"replies":[{"embeddable":true,"href":"https:\/\/pb.edu.pl\/zireg\/wp-json\/wp\/v2\/comments?post=129"}],"version-history":[{"count":0,"href":"https:\/\/pb.edu.pl\/zireg\/wp-json\/wp\/v2\/pages\/129\/revisions"}],"up":[{"embeddable":true,"href":"https:\/\/pb.edu.pl\/zireg\/wp-json\/wp\/v2\/pages\/21"}],"wp:attachment":[{"href":"https:\/\/pb.edu.pl\/zireg\/wp-json\/wp\/v2\/media?parent=129"}],"curies":[{"name":"wp","href":"https:\/\/api.w.org\/{rel}","templated":true}]}}