{"id":19,"date":"2021-12-23T12:37:07","date_gmt":"2021-12-23T11:37:07","guid":{"rendered":"https:\/\/pb.edu.pl\/zaprojektowani\/?page_id=19"},"modified":"2022-09-21T08:51:51","modified_gmt":"2022-09-21T06:51:51","slug":"aktualnosci","status":"publish","type":"page","link":"https:\/\/pb.edu.pl\/zaprojektowani\/aktualnosci\/","title":{"rendered":"Aktualno\u015bci"},"content":{"rendered":"<p><img loading=\"lazy\" decoding=\"async\" class=\"alignnone size-full wp-image-173\" src=\"https:\/\/pb.edu.pl\/zaprojektowani\/wp-content\/uploads\/sites\/74\/2022\/09\/belka-POWER_pl-1.jpg\" alt=\"\" width=\"1871\" height=\"183\" srcset=\"https:\/\/pb.edu.pl\/zaprojektowani\/wp-content\/uploads\/sites\/74\/2022\/09\/belka-POWER_pl-1.jpg 1871w, https:\/\/pb.edu.pl\/zaprojektowani\/wp-content\/uploads\/sites\/74\/2022\/09\/belka-POWER_pl-1-300x29.jpg 300w, https:\/\/pb.edu.pl\/zaprojektowani\/wp-content\/uploads\/sites\/74\/2022\/09\/belka-POWER_pl-1-1024x100.jpg 1024w, https:\/\/pb.edu.pl\/zaprojektowani\/wp-content\/uploads\/sites\/74\/2022\/09\/belka-POWER_pl-1-768x75.jpg 768w, https:\/\/pb.edu.pl\/zaprojektowani\/wp-content\/uploads\/sites\/74\/2022\/09\/belka-POWER_pl-1-1536x150.jpg 1536w\" sizes=\"auto, (max-width: 1871px) 100vw, 1871px\" \/><\/p>\n\t\t<div class=\"box news-box \">\n\t\t<div class=\"row\">\n\t\t\t\n\t\t\t\n\t\t\t\t\n\t\t\t\t\t\t\t\t\t\t<div class=\"col-sm-3\">\n\t\t\t\t\t\t\t\n<article class=\"format-standard\">\n    <span class=\"date text-right\"><i class=\"fal fa-calendar-alt\"><\/i> 20-01-2023<\/span>\n    <a href=\"https:\/\/pb.edu.pl\/zaprojektowani\/2023\/01\/20\/warsztaty-profilowane-dla-nauczycieli-akademickich-z-wydzialu-mechanicznego-pb\/\">\n      <div class=\"article-image\">\n              <\/div>\n      <h3>Warsztaty profilowane  dla nauczycieli akademickich z Wydzia\u0142u Mechanicznego PB <\/h3>\n      Szanowni Pa\u0144stwo, Zapraszamy nauczycieli akademickich z Wydzia\u0142u Mechanicznego PB na profilowane    <\/a>\n<\/article>\t\t\t\t\t\t<\/div>\n\t\t\t\t\t\t\t\t\t\t\t<div class=\"col-sm-3\">\n\t\t\t\t\t\t\t\n<article class=\"format-standard\">\n    <span class=\"date text-right\"><i class=\"fal fa-calendar-alt\"><\/i> 20-01-2023<\/span>\n    <a href=\"https:\/\/pb.edu.pl\/zaprojektowani\/2023\/01\/20\/warsztaty-profilowane-dla-nauczycieli-akademickich-z-wydzialu-inzynierii-zarzadzania-pb\/\">\n      <div class=\"article-image\">\n              <\/div>\n      <h3>Warsztaty\u00a0profilowane dla nauczycieli akademickich z Wydzia\u0142u In\u017cynierii Zarz\u0105dzania PB<\/h3>\n      Szanowni Pa\u0144stwo, Zapraszamy nauczycieli akademickich z Wydzia\u0142u In\u017cynierii Zarz\u0105dzania PB na    <\/a>\n<\/article>\t\t\t\t\t\t<\/div>\n\t\t\t\t\t\t\t\t\t\t\t<div class=\"col-sm-3\">\n\t\t\t\t\t\t\t\n<article class=\"format-standard\">\n    <span class=\"date text-right\"><i class=\"fal fa-calendar-alt\"><\/i> 20-01-2023<\/span>\n    <a href=\"https:\/\/pb.edu.pl\/zaprojektowani\/2023\/01\/20\/warsztaty-profilowane-dla-nauczycieli-akademickich-z-wydzialu-informatyki-pb\/\">\n      <div class=\"article-image\">\n              <\/div>\n      <h3>Warsztaty profilowane dla nauczycieli akademickich z Wydzia\u0142u Informatyki PB<\/h3>\n      Szanowni Pa\u0144stwo, Zapraszamy nauczycieli akademickich z Wydzia\u0142u Informatyki PB na profilowane    <\/a>\n<\/article>\t\t\t\t\t\t<\/div>\n\t\t\t\t\t\t\t\t\t\t\t<div class=\"col-sm-3\">\n\t\t\t\t\t\t\t\n<article class=\"format-standard\">\n    <span class=\"date text-right\"><i class=\"fal fa-calendar-alt\"><\/i> 20-01-2023<\/span>\n    <a href=\"https:\/\/pb.edu.pl\/zaprojektowani\/2023\/01\/20\/warsztaty-profilowane-dla-nauczycieli-akademickich-z-wydzialu-elektrycznego-pb\/\">\n      <div class=\"article-image\">\n              <\/div>\n      <h3>Warsztaty profilowane dla nauczycieli akademickich z Wydzia\u0142u Elektrycznego PB<\/h3>\n      Szanowni Pa\u0144stwo, Zapraszamy nauczycieli akademickich z Wydzia\u0142u Elektrycznego PB na profilowane    <\/a>\n<\/article>\t\t\t\t\t\t<\/div>\n\t\t\t\t\t\t\t\t\t\t\t<div class=\"col-sm-3\">\n\t\t\t\t\t\t\t\n<article class=\"format-standard\">\n    <span class=\"date text-right\"><i class=\"fal fa-calendar-alt\"><\/i> 20-01-2023<\/span>\n    <a href=\"https:\/\/pb.edu.pl\/zaprojektowani\/2023\/01\/20\/warsztaty-profilowane-dla-nauczycieli-akademickich-z-wydzialu-budownictwa-i-nauk-o-srodowisku-pb\/\">\n      <div class=\"article-image\">\n              <\/div>\n      <h3>Warsztaty profilowane dla nauczycieli akademickich z Wydzia\u0142u Budownictwa i Nauk o \u015arodowisku PB <\/h3>\n      Szanowni Pa\u0144stwo, Zapraszamy nauczycieli akademickich z Wydzia\u0142u Budownictwa i Nauk o    <\/a>\n<\/article>\t\t\t\t\t\t<\/div>\n\t\t\t\t\t\t\t\t\t\t\t<div class=\"col-sm-3\">\n\t\t\t\t\t\t\t\n<article class=\"format-standard\">\n    <span class=\"date text-right\"><i class=\"fal fa-calendar-alt\"><\/i> 20-01-2023<\/span>\n    <a href=\"https:\/\/pb.edu.pl\/zaprojektowani\/2023\/01\/20\/warsztaty-profilowane-dla-nauczycieli-akademickich-z-wydzialu-architektury-pb\/\">\n      <div class=\"article-image\">\n              <\/div>\n      <h3>Warsztaty profilowane dla nauczycieli akademickich z Wydzia\u0142u Architektury PB<\/h3>\n      Szanowni Pa\u0144stwo, Zapraszamy nauczycieli akademickich z Wydzia\u0142u Architektury na profilowane warsztaty    <\/a>\n<\/article>\t\t\t\t\t\t<\/div>\n\t\t\t\t\t\t\t\t\t\t\t<div class=\"col-sm-3\">\n\t\t\t\t\t\t\t\n<article class=\"format-standard\">\n    <span class=\"date text-right\"><i class=\"fal fa-calendar-alt\"><\/i> 05-01-2023<\/span>\n    <a href=\"https:\/\/pb.edu.pl\/zaprojektowani\/2023\/01\/05\/planowany-harmonogram-szkolen-i-warsztatow-z-zakresu-projektowania-uniwersalnego\/\">\n      <div class=\"article-image\">\n        <img loading=\"lazy\" decoding=\"async\" width=\"452\" height=\"265\" src=\"https:\/\/pb.edu.pl\/zaprojektowani\/wp-content\/uploads\/sites\/74\/2022\/02\/Fotolia_100787870_XS-1.jpg\" class=\"attachment-medium-image-16x10 size-medium-image-16x10 wp-post-image\" alt=\"\" srcset=\"https:\/\/pb.edu.pl\/zaprojektowani\/wp-content\/uploads\/sites\/74\/2022\/02\/Fotolia_100787870_XS-1.jpg 452w, https:\/\/pb.edu.pl\/zaprojektowani\/wp-content\/uploads\/sites\/74\/2022\/02\/Fotolia_100787870_XS-1-300x176.jpg 300w\" sizes=\"auto, (max-width: 452px) 100vw, 452px\" \/>      <\/div>\n      <h3>Planowany harmonogram szkole\u0144 i warsztat\u00f3w z zakresu projektowania uniwersalnego<\/h3>\n      Planowany harmonogram wsparcia Szanowni Pa\u0144stwo, Zapraszamy na szkolenie i warsztaty realizowane    <\/a>\n<\/article>\t\t\t\t\t\t<\/div>\n\t\t\t\t\t\t\t\t\t\t\t<div class=\"col-sm-3\">\n\t\t\t\t\t\t\t\n<article class=\"format-standard\">\n    <span class=\"date text-right\"><i class=\"fal fa-calendar-alt\"><\/i> 12-09-2022<\/span>\n    <a href=\"https:\/\/pb.edu.pl\/zaprojektowani\/2022\/09\/12\/szacowanie-wartosci-zamowienia-szkolenia-i-warsztaty-z-zakresu-projektowania-uniwersalnego-dla-nauczycieli-akademickich-politechniki-bialostockiej-2\/\">\n      <div class=\"article-image\">\n        <img loading=\"lazy\" decoding=\"async\" width=\"450\" height=\"300\" src=\"https:\/\/pb.edu.pl\/zaprojektowani\/wp-content\/uploads\/sites\/74\/2021\/12\/aktualnosci-480x320-1.png\" class=\"attachment-medium-image-16x10 size-medium-image-16x10 wp-post-image\" alt=\"\" srcset=\"https:\/\/pb.edu.pl\/zaprojektowani\/wp-content\/uploads\/sites\/74\/2021\/12\/aktualnosci-480x320-1.png 480w, https:\/\/pb.edu.pl\/zaprojektowani\/wp-content\/uploads\/sites\/74\/2021\/12\/aktualnosci-480x320-1-300x200.png 300w\" sizes=\"auto, (max-width: 450px) 100vw, 450px\" \/>      <\/div>\n      <h3>Szacowanie warto\u015bci zam\u00f3wienia \u2013 szkolenia i warsztaty z zakresu projektowania uniwersalnego dla nauczycieli akademickich Politechniki Bia\u0142ostockiej<\/h3>\n      Szanowni Pa\u0144stwo, Zwracamy si\u0119 z pro\u015bb\u0105 o przes\u0142anie Pa\u0144stwa oferty i    <\/a>\n<\/article>\t\t\t\t\t\t<\/div>\n\t\t\t\t\t\t\t\t\t\t\t<div class=\"col-sm-3\">\n\t\t\t\t\t\t\t\n<article class=\"format-standard\">\n    <span class=\"date text-right\"><i class=\"fal fa-calendar-alt\"><\/i> 18-08-2022<\/span>\n    <a href=\"https:\/\/pb.edu.pl\/zaprojektowani\/2022\/08\/18\/szacowanie-wartosci-zamowienia-szkolenia-i-warsztaty-z-zakresu-projektowania-uniwersalnego-dla-nauczycieli-akademickich-politechniki-bialostockiej\/\">\n      <div class=\"article-image\">\n        <img loading=\"lazy\" decoding=\"async\" width=\"450\" height=\"300\" src=\"https:\/\/pb.edu.pl\/zaprojektowani\/wp-content\/uploads\/sites\/74\/2021\/12\/aktualnosci-480x320-1.png\" class=\"attachment-medium-image-16x10 size-medium-image-16x10 wp-post-image\" alt=\"\" srcset=\"https:\/\/pb.edu.pl\/zaprojektowani\/wp-content\/uploads\/sites\/74\/2021\/12\/aktualnosci-480x320-1.png 480w, https:\/\/pb.edu.pl\/zaprojektowani\/wp-content\/uploads\/sites\/74\/2021\/12\/aktualnosci-480x320-1-300x200.png 300w\" sizes=\"auto, (max-width: 450px) 100vw, 450px\" \/>      <\/div>\n      <h3>Szacowanie warto\u015bci zam\u00f3wienia &#8211; szkolenia i warsztaty z zakresu projektowania uniwersalnego\u00a0dla nauczycieli akademickich Politechniki Bia\u0142ostockiej<\/h3>\n      Szanowni Pa\u0144stwo, Zwracamy si\u0119 z pro\u015bb\u0105 o przes\u0142anie Pa\u0144stwa oferty i    <\/a>\n<\/article>\t\t\t\t\t\t<\/div>\n\t\t\t\t\t\t\t\t\t\t\t<div class=\"col-sm-3\">\n\t\t\t\t\t\t\t\n<article class=\"format-standard\">\n    <span class=\"date text-right\"><i class=\"fal fa-calendar-alt\"><\/i> 17-05-2022<\/span>\n    <a href=\"https:\/\/pb.edu.pl\/zaprojektowani\/2022\/05\/17\/161\/\">\n      <div class=\"article-image\">\n        <img loading=\"lazy\" decoding=\"async\" width=\"480\" height=\"229\" src=\"https:\/\/pb.edu.pl\/zaprojektowani\/wp-content\/uploads\/sites\/74\/2022\/03\/Fotolia_130705503_XS-480x229-1.jpg\" class=\"attachment-medium-image-16x10 size-medium-image-16x10 wp-post-image\" alt=\"\" srcset=\"https:\/\/pb.edu.pl\/zaprojektowani\/wp-content\/uploads\/sites\/74\/2022\/03\/Fotolia_130705503_XS-480x229-1.jpg 480w, https:\/\/pb.edu.pl\/zaprojektowani\/wp-content\/uploads\/sites\/74\/2022\/03\/Fotolia_130705503_XS-480x229-1-300x143.jpg 300w\" sizes=\"auto, (max-width: 480px) 100vw, 480px\" \/>      <\/div>\n      <h3>Wyniki rekrutacji uzupe\u0142niaj\u0105cej do projektu - 1 miejsce na Wydziale Elektrycznym<\/h3>\n      Szanowni Pa\u0144stwo, Rekrutacja uzupe\u0142niaj\u0105ca do projektu zosta\u0142a przeprowadzona elektronicznie od 10.05.2022    <\/a>\n<\/article>\t\t\t\t\t\t<\/div>\n\t\t\t\t\t\t\t\t\t\t\t<div class=\"col-sm-3\">\n\t\t\t\t\t\t\t\n<article class=\"format-standard\">\n    <span class=\"date text-right\"><i class=\"fal fa-calendar-alt\"><\/i> 10-05-2022<\/span>\n    <a href=\"https:\/\/pb.edu.pl\/zaprojektowani\/2022\/05\/10\/156\/\">\n      <div class=\"article-image\">\n        <img loading=\"lazy\" decoding=\"async\" width=\"452\" height=\"265\" src=\"https:\/\/pb.edu.pl\/zaprojektowani\/wp-content\/uploads\/sites\/74\/2022\/02\/Fotolia_100787870_XS-1.jpg\" class=\"attachment-medium-image-16x10 size-medium-image-16x10 wp-post-image\" alt=\"\" srcset=\"https:\/\/pb.edu.pl\/zaprojektowani\/wp-content\/uploads\/sites\/74\/2022\/02\/Fotolia_100787870_XS-1.jpg 452w, https:\/\/pb.edu.pl\/zaprojektowani\/wp-content\/uploads\/sites\/74\/2022\/02\/Fotolia_100787870_XS-1-300x176.jpg 300w\" sizes=\"auto, (max-width: 452px) 100vw, 452px\" \/>      <\/div>\n      <h3>Rekrutacja uzupe\u0142niaj\u0105ca do projektu - 1 wolne miejsce na Wydziale Elektrycznym<\/h3>\n      Szanowni Pa\u0144stwo,&nbsp; &nbsp; Serdecznie zapraszamy&nbsp;pracownik\u00f3w naukowo-dydaktycznych i&nbsp;dydaktycznych&nbsp;Politechniki Bia\u0142ostockiej do udzia\u0142u w    <\/a>\n<\/article>\t\t\t\t\t\t<\/div>\n\t\t\t\t\t\t\t\t\t\t\t<div class=\"col-sm-3\">\n\t\t\t\t\t\t\t\n<article class=\"format-standard\">\n    <span class=\"date text-right\"><i class=\"fal fa-calendar-alt\"><\/i> 21-04-2022<\/span>\n    <a href=\"https:\/\/pb.edu.pl\/zaprojektowani\/2022\/04\/21\/szacowanie-wartosci-zamowienia-dotyczace-pomocy-dydaktycznych-do-prowadzenia-zajec-wprowadzajacych-do-tematyki-projektowania-uniwersalnego-i-uswiadamiajacych-potrzeby-osob-z-niepelnosprawnosciami\/\">\n      <div class=\"article-image\">\n        <img loading=\"lazy\" decoding=\"async\" width=\"450\" height=\"300\" src=\"https:\/\/pb.edu.pl\/zaprojektowani\/wp-content\/uploads\/sites\/74\/2021\/12\/aktualnosci-480x320-1.png\" class=\"attachment-medium-image-16x10 size-medium-image-16x10 wp-post-image\" alt=\"\" srcset=\"https:\/\/pb.edu.pl\/zaprojektowani\/wp-content\/uploads\/sites\/74\/2021\/12\/aktualnosci-480x320-1.png 480w, https:\/\/pb.edu.pl\/zaprojektowani\/wp-content\/uploads\/sites\/74\/2021\/12\/aktualnosci-480x320-1-300x200.png 300w\" sizes=\"auto, (max-width: 450px) 100vw, 450px\" \/>      <\/div>\n      <h3>Szacowanie warto\u015bci zam\u00f3wienia dotycz\u0105ce pomocy dydaktycznych do prowadzenia zaj\u0119\u0107 wprowadzaj\u0105cych do tematyki projektowania uniwersalnego i u\u015bwiadamiaj\u0105cych potrzeby os\u00f3b z niepe\u0142nosprawno\u015bciami <\/h3>\n      &nbsp; Szanowni Pa\u0144stwo, Zwracamy si\u0119 z pro\u015bb\u0105 o przes\u0142anie oferty i    <\/a>\n<\/article>\t\t\t\t\t\t<\/div>\n\t\t\t\t\t\n\t\t\t\t\n\t\t\t\t\t<\/div>\n\t\t\n\t<nav class=\"navigation pagination\" aria-label=\"Stronicowanie wpis\u00f3w\">\n\t\t<h2 class=\"screen-reader-text\">Stronicowanie wpis\u00f3w<\/h2>\n\t\t<div class=\"nav-links\"><span aria-current=\"page\" class=\"page-numbers current\">1<\/span>\n<a class=\"page-numbers\" href=\"https:\/\/pb.edu.pl\/zaprojektowani\/wp-json\/wp\/v2\/pages\/19\/page\/2\/\">2<\/a>\n<a class=\"next page-numbers\" href=\"https:\/\/pb.edu.pl\/zaprojektowani\/wp-json\/wp\/v2\/pages\/19\/page\/2\/\">Nast\u0119pne<\/a><\/div>\n\t<\/nav>\t\t\t<\/div>\n\n","protected":false},"excerpt":{"rendered":"","protected":false},"author":2,"featured_media":0,"parent":0,"menu_order":0,"comment_status":"closed","ping_status":"closed","template":"","meta":{"_acf_changed":false,"ngg_post_thumbnail":0,"footnotes":""},"class_list":["post-19","page","type-page","status-publish","hentry"],"acf":[],"_links":{"self":[{"href":"https:\/\/pb.edu.pl\/zaprojektowani\/wp-json\/wp\/v2\/pages\/19","targetHints":{"allow":["GET"]}}],"collection":[{"href":"https:\/\/pb.edu.pl\/zaprojektowani\/wp-json\/wp\/v2\/pages"}],"about":[{"href":"https:\/\/pb.edu.pl\/zaprojektowani\/wp-json\/wp\/v2\/types\/page"}],"author":[{"embeddable":true,"href":"https:\/\/pb.edu.pl\/zaprojektowani\/wp-json\/wp\/v2\/users\/2"}],"replies":[{"embeddable":true,"href":"https:\/\/pb.edu.pl\/zaprojektowani\/wp-json\/wp\/v2\/comments?post=19"}],"version-history":[{"count":0,"href":"https:\/\/pb.edu.pl\/zaprojektowani\/wp-json\/wp\/v2\/pages\/19\/revisions"}],"wp:attachment":[{"href":"https:\/\/pb.edu.pl\/zaprojektowani\/wp-json\/wp\/v2\/media?parent=19"}],"curies":[{"name":"wp","href":"https:\/\/api.w.org\/{rel}","templated":true}]}}