{"id":86,"date":"2020-06-01T17:21:18","date_gmt":"2020-06-01T15:21:18","guid":{"rendered":"https:\/\/pb.edu.pl\/wybory2020\/?page_id=86"},"modified":"2026-01-13T09:39:33","modified_gmt":"2026-01-13T08:39:33","slug":"kandydaci-na-rektora-pb","status":"publish","type":"page","link":"https:\/\/pb.edu.pl\/wybory\/kandydaci-na-rektora-pb\/","title":{"rendered":"Kandydaci na Rektora PB na kadencj\u0119 2024 &#8211; 2028"},"content":{"rendered":"<p>&nbsp;<\/p>\n<div class=\"row\">\n<div class=\"col-sm-4 text-center\">\n<div class=\"kandydat\">prof. dr hab. in\u017c. S\u0142awomir Bakier<\/div>\n<div class=\"image\"><a href=\"https:\/\/bakier.eu\/\"><img loading=\"lazy\" decoding=\"async\" width=\"1606\" height=\"976\" src=\"https:\/\/pb.edu.pl\/wybory\/wp-content\/uploads\/sites\/44\/2024\/04\/baner_www_pb-kopia.jpg\" alt=\"S\u0142awomir Bakier - kandydat na Rektora PB\" class=\"aligncenter size-full wp-image-285\" srcset=\"https:\/\/pb.edu.pl\/wybory\/wp-content\/uploads\/sites\/44\/2024\/04\/baner_www_pb-kopia.jpg 1606w, https:\/\/pb.edu.pl\/wybory\/wp-content\/uploads\/sites\/44\/2024\/04\/baner_www_pb-kopia-300x182.jpg 300w, https:\/\/pb.edu.pl\/wybory\/wp-content\/uploads\/sites\/44\/2024\/04\/baner_www_pb-kopia-1024x622.jpg 1024w, https:\/\/pb.edu.pl\/wybory\/wp-content\/uploads\/sites\/44\/2024\/04\/baner_www_pb-kopia-768x467.jpg 768w, https:\/\/pb.edu.pl\/wybory\/wp-content\/uploads\/sites\/44\/2024\/04\/baner_www_pb-kopia-1536x933.jpg 1536w\" sizes=\"auto, (max-width: 1606px) 100vw, 1606px\" \/><\/a><\/div>\n<\/div>\n<div class=\"col-sm-4 text-center\">\n<div class=\"kandydat\">dr hab. in\u017c. Marta Kosior-Kazberuk, prof. PB<\/div>\n<div class=\"image\"><a href=\"https:\/\/marta-kosior-kazberuk.pl\/#glowne-punkty\"><img decoding=\"async\" src=\"https:\/\/pb.edu.pl\/wybory\/wp-content\/uploads\/sites\/44\/2024\/04\/button-Marta-Kosior-Kazberruk-kandydatka-na-rektora-PB-x2.png\" alt=\"Marta Kosior Kazberuk - kandydatka na Rektora PB\"  class=\"alignnone size-full wp-image-278\" \/><\/a><\/div>\n<\/div>\n<\/div>\n<p>&nbsp;<br \/>\n&nbsp;<\/p>\n","protected":false},"excerpt":{"rendered":"<p>&nbsp; prof. dr hab. in\u017c. S\u0142awomir Bakier dr hab. in\u017c. Marta Kosior-Kazberuk, prof. PB &nbsp;<\/p>\n","protected":false},"author":2,"featured_media":0,"parent":0,"menu_order":0,"comment_status":"closed","ping_status":"closed","template":"","meta":{"_acf_changed":false,"ngg_post_thumbnail":0,"footnotes":""},"class_list":["post-86","page","type-page","status-publish","hentry"],"acf":[],"_links":{"self":[{"href":"https:\/\/pb.edu.pl\/wybory\/wp-json\/wp\/v2\/pages\/86","targetHints":{"allow":["GET"]}}],"collection":[{"href":"https:\/\/pb.edu.pl\/wybory\/wp-json\/wp\/v2\/pages"}],"about":[{"href":"https:\/\/pb.edu.pl\/wybory\/wp-json\/wp\/v2\/types\/page"}],"author":[{"embeddable":true,"href":"https:\/\/pb.edu.pl\/wybory\/wp-json\/wp\/v2\/users\/2"}],"replies":[{"embeddable":true,"href":"https:\/\/pb.edu.pl\/wybory\/wp-json\/wp\/v2\/comments?post=86"}],"version-history":[{"count":0,"href":"https:\/\/pb.edu.pl\/wybory\/wp-json\/wp\/v2\/pages\/86\/revisions"}],"wp:attachment":[{"href":"https:\/\/pb.edu.pl\/wybory\/wp-json\/wp\/v2\/media?parent=86"}],"curies":[{"name":"wp","href":"https:\/\/api.w.org\/{rel}","templated":true}]}}