{"id":218,"date":"2024-02-19T13:24:35","date_gmt":"2024-02-19T12:24:35","guid":{"rendered":"https:\/\/pb.edu.pl\/wybory\/?page_id=218"},"modified":"2024-08-09T16:54:21","modified_gmt":"2024-08-09T14:54:21","slug":"rada-uczelni","status":"publish","type":"page","link":"https:\/\/pb.edu.pl\/wybory\/rada-uczelni\/","title":{"rendered":"Rada Uczelni"},"content":{"rendered":"<div class=\"h1 text-center\" style=\"line-height: 1; margin:1em 0 0 0\">Rada Uczelni<\/div>\n<div class=\"h4 text-center\" style=\"line-height: 1; margin:1em 0 1em 0\">post\u0119powanie w sprawie wy\u0142onienia kandydat\u00f3w na rektora kadencji 2024-2028<\/div>\n<p><a class=\"pdf\" href=\"https:\/\/pb.edu.pl\/wybory\/wp-content\/uploads\/sites\/44\/2024\/08\/Protokol-z-przeprowadzenia-postepowania-ws-wskazania-kandydatow-do-pelnienia-funkcji-Rektora.pdf\" target=\"_blank\" data-id=\"291\" rel=\"noopener\">Protok\u00f3\u0142 z przeprowadzenia post\u0119powania ws. wskazania kandydat\u00f3w do pe\u0142nienia funkcji Rektora <span>(PDF, 403 KB, otworzy si\u0119 w nowej karcie)<\/span><\/a><\/p>\n<div class=\"h2\">Uchwa\u0142y<\/div>\n<p><a class=\"pdf\" href=\"https:\/\/pb.edu.pl\/wybory\/wp-content\/uploads\/sites\/44\/2024\/04\/Uchwala-RU-nr-1.V.II_.2024-ws-wskazania-kandydatow-do-pelnienia-funkcji-Rektora-PB-2024-2028.pdf\" target=\"_blank\" data-id=\"251\" rel=\"noopener\">Uchwa\u0142a Rady Politechniki Bia\u0142ostockiej Nr 1.V.II.2024 ws wskazania kandydat\u00f3w do pe\u0142nienia funkcji Rektora PB 2024-2028 <span>(PDF, 41 KB, otworzy si\u0119 w nowej karcie)<\/span><\/a><\/p>\n<p><a title=\"pobierz plik\" class=\"docx\" href=\"https:\/\/pb.edu.pl\/wybory\/wp-content\/uploads\/sites\/44\/2024\/04\/Uchwala-RU-nr-1.V.II_.2024-ws.-wskazania-kandydatow-do-pelnienia-funkcji-Rektora-PB-2024-2028-dost.docx\" data-id=\"253\" >Uchwa\u0142a Rady Politechniki Bia\u0142ostockiej Nr  1.V.II.2024 ws. wskazania kandydat\u00f3w do pe\u0142nienia funkcji Rektora PB 2024-2028 dost. <span>(DOCX, 18 KB)<\/span><\/a><br \/>\n&nbsp;<br \/>\n<a class=\"pdf\" href=\"https:\/\/pb.edu.pl\/wybory\/wp-content\/uploads\/sites\/44\/2024\/03\/Uchwala-RU-1-IV-II-2024-ws-przedstawienia-senatowi-celem-zaopiniowania-kandydatow-do-pelnienia-funkcji-rektora.pdf\" target=\"_blank\" data-id=\"245\" rel=\"noopener\">Uchwa\u0142a Rady Politechniki Bia\u0142ostockiej Nr 1.IV.II.2024 ws przedstawienia senatowi celem zaopiniowania kandydat\u00f3w do pe\u0142nienia funkcji rektora <span>(PDF, 208 KB, otworzy si\u0119 w nowej karcie)<\/span><\/a><\/p>\n<p><a title=\"pobierz plik\" class=\"docx\" href=\"https:\/\/pb.edu.pl\/wybory\/wp-content\/uploads\/sites\/44\/2024\/03\/Uchwala-RU-1-IV-II-2024-ws-przedstawienia-senatowi-celem-zaopiniowania-kandydatow-do-pelnienia-funkcji-rektora-wersja-dost.docx\"  data-id=\"244\" >Uchwa\u0142a Rady Politechniki Bia\u0142ostockiej Nr 1.IV.II.2024 ws przedstawienia senatowi celem zaopiniowania kandydat\u00f3w do pe\u0142nienia funkcji rektora wersja dost <span>(DOCX, 16 KB)<\/span><\/a><br \/>\n&nbsp;<br \/>\n<a class=\"pdf\" href=\"https:\/\/pb.edu.pl\/wybory\/wp-content\/uploads\/sites\/44\/2024\/03\/Uchwala-Rady-Politechniki-Bialostockiej-Nr-1-III-II-2024-ws-wskazania-kandydatow-do-II-etapu-postepowania-ws-wskazania-kandydatow-do-pelnienia-funkcji-rektora.pdf\" target=\"_blank\" data-id=\"241\" rel=\"noopener\">Uchwa\u0142a Rady Politechniki Bia\u0142ostockiej Nr 1.III.II.2024 ws wskazania kandydat\u00f3w do II etapu post\u0119powania ws wskazania kandydat\u00f3w do pe\u0142nienia funkcji rektora <span>(PDF, 249 KB, otworzy si\u0119 w nowej karcie)<\/span><\/a><\/p>\n<p><a title=\"pobierz plik\" class=\"docx\" href=\"https:\/\/pb.edu.pl\/wybory\/wp-content\/uploads\/sites\/44\/2024\/03\/Uchwala-Rady-Politechniki-Bialostockiej-Nr-1-III-II-2024-ws-wskazania-kandydatow-do-II-etapu-postepowania-ws-wskazania-kandydatow-do-pelnienia-funkcji-\u2014-dost.docx\"  data-id=\"240\" >Uchwa\u0142a Rady Politechniki Bia\u0142ostockiej Nr 1.III.II.2024 ws wskazania kandydat\u00f3w do II etapu post\u0119powania ws wskazania kandydat\u00f3w do pe\u0142nienia funkcji \u2014 dost <span>(DOCX, 18 KB)<\/span><\/a><\/p>\n<p>&nbsp;<br \/>\n<a class=\"pdf\" href=\"https:\/\/pb.edu.pl\/wybory\/wp-content\/uploads\/sites\/44\/2024\/02\/Uchwala-RPB-2-II-II-2024-ogloszenia-rozpoczecia-procedury.pdf\" target=\"_blank\" data-id=\"228\" rel=\"noopener\">Uchwa\u0142a Rady Politechniki Bia\u0142ostockiej Nr 2.II.II.2024 w sprawie rozpocz\u0119cia przez Rad\u0119 Politechniki Bia\u0142ostockiej post\u0119powania w sprawie wy\u0142onienia kandydat\u00f3w do pe\u0142nienia funkcji rektora Politechniki Bia\u0142ostockiej kadencji 2024-2028 <span>(PDF, 106 KB, otworzy si\u0119 w nowej karcie)<\/span><\/a><\/p>\n<p><a title=\"pobierz plik\" class=\"docx\" href=\"https:\/\/pb.edu.pl\/wybory\/wp-content\/uploads\/sites\/44\/2024\/02\/Uchwala-RPB-2-II-II-2024-ws-ogloszenia-rozpoczecia-procedury-wskazywania-kandydatow-na-rektora.dost_.docx\"  data-id=\"232\" >Uchwa\u0142a Rady Politechniki Bia\u0142ostockiej Nr 2.II.II.2024 w sprawie rozpocz\u0119cia przez Rad\u0119 Politechniki Bia\u0142ostockiej post\u0119powania w sprawie wy\u0142onienia kandydat\u00f3w do pe\u0142nienia funkcji rektora Politechniki Bia\u0142ostockiej kadencji 2024-2028 <span>(DOCX, 17 KB)<\/span><\/a><\/p>\n<p>&nbsp;<br \/>\n<a class=\"pdf\" href=\"https:\/\/pb.edu.pl\/wybory\/wp-content\/uploads\/sites\/44\/2024\/02\/Uchwala-RPB-1-II-II-2024-regulamin-wskazywania-kandydatow-na-rektora.pdf\" target=\"_blank\" data-id=\"227\" rel=\"noopener\">Uchwa\u0142a Rady Politechniki Bia\u0142ostockiej Nr 1.II.II.2024 w sprawie uchwalenia \u201eRegulaminu przeprowadzenia post\u0119powania w sprawie wskazania przez Rad\u0119 Politechniki Bia\u0142ostockiej kandydat\u00f3w do pe\u0142nienia funkcji Rektora Politechniki Bia\u0142ostockiej&#8221; <span>(PDF, 385 KB, otworzy si\u0119 w nowej karcie)<\/span><\/a><\/p>\n<p><a title=\"pobierz plik\" class=\"docx\" href=\"https:\/\/pb.edu.pl\/wybory\/wp-content\/uploads\/sites\/44\/2024\/02\/Uchwala-RPB-1-II-II-2024-regulamin-przeprowadzania-postepowania-ws-kandydatow-na-rektora-wersja-dostepna.docx\"  data-id=\"231\" >Uchwa\u0142a Rady Politechniki Bia\u0142ostockiej Nr 1.II.II.2024 w sprawie uchwalenia \u201eRegulaminu przeprowadzenia post\u0119powania w sprawie wskazania przez Rad\u0119 Politechniki Bia\u0142ostockiej kandydat\u00f3w do pe\u0142nienia funkcji Rektora Politechniki Bia\u0142ostockiej&#8221; <span>(DOCX, 22 KB)<\/span><\/a><\/p>\n<div class=\"h2\">Formularze<\/div>\n<p><a class=\"pdf\" href=\"https:\/\/pb.edu.pl\/ukw\/wp-content\/uploads\/sites\/42\/2024\/01\/Zgoda-na-kandydowanie-w-wyborach-na-REKTORA-POLITECHNIKI-BIALOSTOCKIEJ.pdf\" target=\"_blank\" data-id=\"338\" rel=\"noopener\">Zgoda na kandydowanie w wyborach na REKTORA POLITECHNIKI BIA\u0141OSTOCKIEJ <span>(PDF, 196 KB, otworzy si\u0119 w nowej karcie)<\/span><\/a><\/p>\n","protected":false},"excerpt":{"rendered":"<p>Rada Uczelni post\u0119powanie w sprawie wy\u0142onienia kandydat\u00f3w na rektora kadencji 2024-2028 Protok\u00f3\u0142 z przeprowadzenia post\u0119powania<\/p>\n","protected":false},"author":2,"featured_media":0,"parent":0,"menu_order":0,"comment_status":"closed","ping_status":"closed","template":"templates\/dzial.php","meta":{"_acf_changed":false,"ngg_post_thumbnail":0,"footnotes":""},"class_list":["post-218","page","type-page","status-publish","hentry"],"acf":[],"_links":{"self":[{"href":"https:\/\/pb.edu.pl\/wybory\/wp-json\/wp\/v2\/pages\/218","targetHints":{"allow":["GET"]}}],"collection":[{"href":"https:\/\/pb.edu.pl\/wybory\/wp-json\/wp\/v2\/pages"}],"about":[{"href":"https:\/\/pb.edu.pl\/wybory\/wp-json\/wp\/v2\/types\/page"}],"author":[{"embeddable":true,"href":"https:\/\/pb.edu.pl\/wybory\/wp-json\/wp\/v2\/users\/2"}],"replies":[{"embeddable":true,"href":"https:\/\/pb.edu.pl\/wybory\/wp-json\/wp\/v2\/comments?post=218"}],"version-history":[{"count":0,"href":"https:\/\/pb.edu.pl\/wybory\/wp-json\/wp\/v2\/pages\/218\/revisions"}],"wp:attachment":[{"href":"https:\/\/pb.edu.pl\/wybory\/wp-json\/wp\/v2\/media?parent=218"}],"curies":[{"name":"wp","href":"https:\/\/api.w.org\/{rel}","templated":true}]}}