{"id":205,"date":"2024-02-19T13:12:42","date_gmt":"2024-02-19T12:12:42","guid":{"rendered":"https:\/\/pb.edu.pl\/wybory\/?page_id=205"},"modified":"2024-02-19T13:15:53","modified_gmt":"2024-02-19T12:15:53","slug":"informacja-przetwarzanie-danych-osobowych-kandydatow","status":"publish","type":"page","link":"https:\/\/pb.edu.pl\/wybory\/informacja-przetwarzanie-danych-osobowych-kandydatow\/","title":{"rendered":"Informacja administratora w zwi\u0105zku z przetwarzaniem danych osobowych kandydat\u00f3w w wyborach cz\u0142onk\u00f3w senatu, rektora oraz kolegium elektor\u00f3w"},"content":{"rendered":"<div class=\"h3 text-center\">Informacja administratora w zwi\u0105zku z przetwarzaniem danych osobowych kandydat\u00f3w w wyborach cz\u0142onk\u00f3w senatu, rektora oraz kolegium elektor\u00f3w \u2013 zgodnie z art. 13 ust. 1 i 2 Rozporz\u0105dzenia Parlamentu Europejskiego i Rady (UE) 2016\/679 z&nbsp;dnia 27 kwietnia 2016 r. w&nbsp;sprawie ochrony os\u00f3b fizycznych w zwi\u0105zku z przetwarzaniem danych osobowych i&nbsp;w sprawie swobodnego przep\u0142ywu takich danych oraz uchylenia dyrektywy 95\/46\/WE (zwanego dalej RODO):<\/div>\n<ol>\n<li>Administratorem Pani\/Pana danych osobowych jest Politechnika Bia\u0142ostocka, ul. Wiejska 45A, 15-351 Bia\u0142ystok, tel.: 85&nbsp;746 90 00, <a href=\"https:\/\/pb.edu.pl\">pb.edu.pl<\/a> (dalej Uczelnia).<\/li>\n<li>Administrator, zgodnie z art. 37 ust. 1 lit. a RODO, powo\u0142a\u0142 Inspektora Ochrony Danych, z&nbsp;kt\u00f3rym w sprawach zwi\u0105zanych z przetwarzaniem danych osobowych mo\u017ce si\u0119 Pani\/Pan kontaktowa\u0107 za pomoc\u0105 poczty elektronicznej pod&nbsp;adresem: <a href=\"mailto:iod@pb.edu.pl\">iod@pb.edu.pl<\/a>.<\/li>\n<li>Pani\/Pana dane osobowe przetwarzane b\u0119d\u0105 w celu przeprowadzenia wybor\u00f3w cz\u0142onk\u00f3w senatu, rektora oraz kolegium elektor\u00f3w na podstawie obowi\u0105zuj\u0105cych przepis\u00f3w prawa \u2013 art. 6 ust. 1 lit. c RODO tj. wype\u0142nienia obowi\u0105zku prawnego ci\u0105\u017c\u0105cego na Uczelni w zwi\u0105zku z ustaw\u0105 Prawo o&nbsp;szkolnictwie wy\u017cszym i nauce, Statutem oraz Regulaminem Wyborczym Politechniki Bia\u0142ostockiej. Dane osobowe wykraczaj\u0105ce poza wskazany w formularzach zakres danych, przekazane dobrowolnie przez kandydata, przetwarzane b\u0119d\u0105 na podstawie art. 6 ust. 1&nbsp;lit. a RODO, tj. udzielonej zgody poprzez wyra\u017ane dzia\u0142anie potwierdzaj\u0105ce jakim jest przekazanie danych do Uczelni.<\/li>\n<li>Odbiorcami Pani\/Pana danych mog\u0105 by\u0107 podmioty uprawnione do pozyskania danych na podstawie obowi\u0105zuj\u0105cych przepis\u00f3w prawa.<\/li>\n<li>Pani\/Pana dane osobowe b\u0119d\u0105 przechowywane w okresach niezb\u0119dnych do realizacji wy\u017cej okre\u015blonych cel\u00f3w a nast\u0119pnie przez okres wynikaj\u0105cy z przepis\u00f3w prawa, w szczeg\u00f3lno\u015bci zgodnie z przepisami dotycz\u0105cymi archiwizacji.<\/li>\n<li>Przys\u0142uguje Pani\/Panu prawo dost\u0119pu do tre\u015bci swoich danych, oraz&nbsp;z zastrze\u017ceniem przepis\u00f3w prawa przys\u0142uguje Pani\/Panu prawo do:\n<ol type=\"a\">\n<li>cofni\u0119cia udzielonej zgody, z zastrze\u017ceniem, \u017ce cofni\u0119cie zgody nie b\u0119dzie wp\u0142ywa\u0107 ma zgodno\u015b\u0107 z prawem przetwarzania, kt\u00f3rego dokonano na podstawie Pani\/Pana zgody przed jej wycofaniem;<\/li>\n<li>sprostowania danych,<\/li>\n<li>usuni\u0119cia danych,<\/li>\n<li>ograniczenia przetwarzania danych,<\/li>\n<li>przenoszenia danych<\/li>\n<li>wniesienia sprzeciwu wobec przetwarzania danych osobowych.<\/li>\n<\/ol>\n<\/li>\n<li>Gdy uzna Pani\/Pan, \u017ce przetwarzanie danych osobowych narusza powszechnie obowi\u0105zuj\u0105ce przepisy w tym zakresie, przys\u0142uguje Pani\/Panu prawo do wniesienia skargi do organu nadzorczego. W Polsce jest to Prezes Urz\u0119du Ochrony Danych Osobowych.<\/li>\n<li>Podanie danych osobowych w zakresie wskazanym w wykazie dokument\u00f3w, kt\u00f3re kandydat powinien dostarczy\u0107 wynika z przepis\u00f3w prawa i jest niezb\u0119dne w celu przeprowadzenia czynno\u015bci wyborczych. Przekazanie danych w pozosta\u0142ym zakresie jest dobrowolne.<\/li>\n<li>Pani\/Pana dane osobowe nie b\u0119d\u0105 wykorzystywane do zautomatyzowanego podejmowania decyzji ani profilowania, o kt\u00f3rym mowa w art. 22 rozporz\u0105dzenia.<\/li>\n<\/ol>\n","protected":false},"excerpt":{"rendered":"<p>Informacja administratora w zwi\u0105zku z przetwarzaniem danych osobowych kandydat\u00f3w w wyborach cz\u0142onk\u00f3w senatu, rektora oraz<\/p>\n","protected":false},"author":2,"featured_media":0,"parent":0,"menu_order":0,"comment_status":"closed","ping_status":"closed","template":"templates\/dzial.php","meta":{"_acf_changed":false,"ngg_post_thumbnail":0,"footnotes":""},"class_list":["post-205","page","type-page","status-publish","hentry"],"acf":[],"_links":{"self":[{"href":"https:\/\/pb.edu.pl\/wybory\/wp-json\/wp\/v2\/pages\/205","targetHints":{"allow":["GET"]}}],"collection":[{"href":"https:\/\/pb.edu.pl\/wybory\/wp-json\/wp\/v2\/pages"}],"about":[{"href":"https:\/\/pb.edu.pl\/wybory\/wp-json\/wp\/v2\/types\/page"}],"author":[{"embeddable":true,"href":"https:\/\/pb.edu.pl\/wybory\/wp-json\/wp\/v2\/users\/2"}],"replies":[{"embeddable":true,"href":"https:\/\/pb.edu.pl\/wybory\/wp-json\/wp\/v2\/comments?post=205"}],"version-history":[{"count":0,"href":"https:\/\/pb.edu.pl\/wybory\/wp-json\/wp\/v2\/pages\/205\/revisions"}],"wp:attachment":[{"href":"https:\/\/pb.edu.pl\/wybory\/wp-json\/wp\/v2\/media?parent=205"}],"curies":[{"name":"wp","href":"https:\/\/api.w.org\/{rel}","templated":true}]}}