{"id":188,"date":"2024-02-12T19:55:26","date_gmt":"2024-02-12T18:55:26","guid":{"rendered":"https:\/\/pb.edu.pl\/wybory\/?page_id=188"},"modified":"2024-02-15T15:16:49","modified_gmt":"2024-02-15T14:16:49","slug":"terminarz","status":"publish","type":"page","link":"https:\/\/pb.edu.pl\/wybory\/terminarz\/","title":{"rendered":"Terminarz czynno\u015bci wyborczych"},"content":{"rendered":"<div class=\"table-responsive\">\n<table class=\"table table-striped table borderless\" style=\"width: auto;\">\n<tbody>\n<tr>\n<td style=\"text-align: center; vertical-align: middle;\"><strong>L.p. <\/strong><\/td>\n<th><strong>Czynno\u015bci wyborcze <\/strong><\/th>\n<td style=\"text-align: center; vertical-align: middle;\"><strong>Data <\/strong><\/td>\n<\/tr>\n<tr>\n<td style=\"text-align: center; vertical-align: middle;\">1.<\/td>\n<td>Rozpocz\u0119cie czynno\u015bci wyborczych i og\u0142oszenie terminarza wyborczego<\/td>\n<td style=\"text-align: center; vertical-align: middle;\">16.02.2024<\/td>\n<\/tr>\n<tr>\n<td style=\"text-align: center; vertical-align: middle;\">2.<\/td>\n<td>Przekazanie przez Dzia\u0142 Spraw Personalnych do UKW danych o stanie zatrudnienia na dzie\u0144 31 grudnia roku poprzedzaj\u0105cego rok przeprowadzania wybor\u00f3w,<\/p>\n<p>przekazanie przez dyrektora Szko\u0142y Doktorskiej Uczelni do UKW danych o liczbie doktorant\u00f3w, w tym uczestnik\u00f3w studi\u00f3w doktoranckich, na dzie\u0144 31 grudnia roku poprzedzaj\u0105cego rok przeprowadzania wybor\u00f3w oraz<\/p>\n<p>przekazanie przez Centrum Spraw Studenckich, Dydaktyki i Rekrutacji do UKW danych o liczbie student\u00f3w na dzie\u0144 31 grudnia roku poprzedzaj\u0105cego rok przeprowadzania wybor\u00f3w<\/td>\n<td style=\"text-align: center; vertical-align: middle;\">do dnia 19.02.2024<\/td>\n<\/tr>\n<tr>\n<td style=\"text-align: center; vertical-align: middle;\">3.<\/td>\n<td>Podzia\u0142 mandat\u00f3w w kolegium elektor\u00f3w na poszczeg\u00f3lne okr\u0119gi wyborcze oraz<\/p>\n<p>podzia\u0142 mandat\u00f3w do Senatu Politechniki Bia\u0142ostockiej na poszczeg\u00f3lne okr\u0119gi wyborcze<\/td>\n<td style=\"text-align: center; vertical-align: middle;\">do dnia 21.02.2024<\/td>\n<\/tr>\n<tr>\n<td style=\"text-align: center; vertical-align: middle;\">4.<\/td>\n<td>Rozpocz\u0119cie przez Rad\u0119 Uczelni post\u0119powania w sprawie wy\u0142onienia kandydat\u00f3w na rektora<\/td>\n<td style=\"text-align: center; vertical-align: middle;\">do dnia 23.02.2024<\/td>\n<\/tr>\n<tr>\n<td style=\"text-align: center; vertical-align: middle;\">5.<\/td>\n<td>Zg\u0142aszanie kandydat\u00f3w do kolegium elektor\u00f3w wraz z&nbsp;o\u015bwiadczeniami o spe\u0142nianiu wymaga\u0144 ustawowych i statutowych do pe\u0142nienia funkcji przez cz\u0142onk\u00f3w kolegium elektor\u00f3w<\/td>\n<td style=\"text-align: center; vertical-align: middle;\">29.02.2024 i 1.03.2024<\/td>\n<\/tr>\n<tr>\n<td style=\"text-align: center; vertical-align: middle;\">6.<\/td>\n<td>Wybory elektor\u00f3w do kolegium elektor\u00f3w<\/td>\n<td style=\"text-align: center; vertical-align: middle;\">11 i 12.03.2024<\/td>\n<\/tr>\n<tr>\n<td style=\"text-align: center; vertical-align: middle;\">7.<\/td>\n<td>Przekazanie przez Samorz\u0105d Studencki wynik\u00f3w wybor\u00f3w do kolegium elektor\u00f3w z grupy student\u00f3w<\/td>\n<td style=\"text-align: center; vertical-align: middle;\">do dnia 11.03.2024<\/td>\n<\/tr>\n<tr>\n<td style=\"text-align: center; vertical-align: middle;\">8.<\/td>\n<td>Przekazanie przez Samorz\u0105d Doktorancki wynik\u00f3w wybor\u00f3w do kolegium elektor\u00f3w z grupy doktorant\u00f3w<\/td>\n<td style=\"text-align: center; vertical-align: middle;\">do dnia 11.03.2024<\/td>\n<\/tr>\n<tr>\n<td style=\"text-align: center; vertical-align: middle;\">9.<\/td>\n<td style=\"vertical-align: middle;\">Ewentualne uzupe\u0142niaj\u0105ce wybory do kolegium elektor\u00f3w<\/td>\n<td style=\"text-align: center; vertical-align: middle;\">od dnia 13.03.2024 do dnia 20.03.2024<\/td>\n<\/tr>\n<tr>\n<td style=\"text-align: center; vertical-align: middle;\">10.<\/td>\n<td>Termin sk\u0142adania o\u015bwiadcze\u0144 o spe\u0142nianiu wymaga\u0144 ustawowych i statutowych do pe\u0142nienia funkcji rektora<\/td>\n<td style=\"text-align: center; vertical-align: middle;\">do dnia 18.03.2024<\/td>\n<\/tr>\n<tr>\n<td style=\"text-align: center; vertical-align: middle;\">11.<\/td>\n<td>Og\u0142oszenie wynik\u00f3w wybor\u00f3w do kolegium elektor\u00f3w<\/td>\n<td style=\"text-align: center; vertical-align: middle;\">do dnia 20.03.2024<\/td>\n<\/tr>\n<tr>\n<td style=\"text-align: center; vertical-align: middle;\">12.<\/td>\n<td>Termin zg\u0142aszania kandydat\u00f3w na rektora do przewodnicz\u0105cego senatu celem zaopiniowania kandydat\u00f3w przez Senat Politechniki Bia\u0142ostockiej<\/td>\n<td style=\"text-align: center; vertical-align: middle;\">do dnia 29.03.2024<\/td>\n<\/tr>\n<tr>\n<td style=\"text-align: center; vertical-align: middle;\">13.<\/td>\n<td>Wskazanie przez Rad\u0119 Uczelni kandydat\u00f3w do pe\u0142nienia funkcji rektora<\/td>\n<td style=\"text-align: center; vertical-align: middle;\">do dnia 26.04.2024<\/td>\n<\/tr>\n<tr>\n<td style=\"text-align: center; vertical-align: middle;\">14.<\/td>\n<td>Zg\u0142aszanie kandydat\u00f3w na cz\u0142onk\u00f3w Senatu Politechniki Bia\u0142ostockiej oraz o\u015bwiadcze\u0144 o spe\u0142nianiu wymaga\u0144 ustawowych&nbsp;i statutowych do pe\u0142nienia funkcji przez cz\u0142onka senatu<\/td>\n<td style=\"text-align: center; vertical-align: middle;\">20 i 21.05.2024<\/td>\n<\/tr>\n<tr>\n<td style=\"text-align: center; vertical-align: middle;\">15.<\/td>\n<td>Wybory rektora przez kolegium elektor\u00f3w \u2013 I posiedzenie wyborcze<\/td>\n<td style=\"text-align: center; vertical-align: middle;\">06.06.2024<\/td>\n<\/tr>\n<tr>\n<td style=\"text-align: center; vertical-align: middle;\">16.<\/td>\n<td>Termin ewentualnego rozpocz\u0119cia post\u0119powania przez Rad\u0119 Uczelni w sprawie wy\u0142onienia kandydat\u00f3w na rektora, w przypadku niewybrania rektora na I posiedzeniu<\/td>\n<td style=\"text-align: center; vertical-align: middle;\">07.06.2024<\/td>\n<\/tr>\n<tr>\n<td style=\"text-align: center; vertical-align: middle;\">17.<\/td>\n<td>Termin ewentualnego sk\u0142adania o\u015bwiadcze\u0144 o spe\u0142nianiu wymaga\u0144 ustawowych i statutowych do pe\u0142nienia funkcji rektora<\/td>\n<td style=\"text-align: center; vertical-align: middle;\">do dnia 11.06.2024<\/td>\n<\/tr>\n<tr>\n<td style=\"text-align: center; vertical-align: middle;\">18.<\/td>\n<td>Termin ewentualnego zg\u0142aszania kandydat\u00f3w na rektora do przewodnicz\u0105cego senatu celem zaopiniowania kandydat\u00f3w przez Senat Politechniki Bia\u0142ostockiej<\/td>\n<td style=\"text-align: center; vertical-align: middle;\">do dnia 14.06.2024<\/td>\n<\/tr>\n<tr>\n<td style=\"text-align: center; vertical-align: middle;\">19.<\/td>\n<td>Wybory cz\u0142onk\u00f3w Senatu Politechniki Bia\u0142ostockiej<\/td>\n<td style=\"text-align: center; vertical-align: middle;\">&nbsp;&nbsp;&nbsp; 13 i 14.06.2024<\/td>\n<\/tr>\n<tr>\n<td style=\"text-align: center; vertical-align: middle;\">20.<\/td>\n<td>Przekazanie przez Samorz\u0105d Studencki wynik\u00f3w wybor\u00f3w do pe\u0142nienia funkcji cz\u0142onka senatu z grupy student\u00f3w<\/td>\n<td style=\"text-align: center; vertical-align: middle;\">do dnia 13.06.2024<\/td>\n<\/tr>\n<tr>\n<td style=\"text-align: center; vertical-align: middle;\">21.<\/td>\n<td>Przekazanie przez Samorz\u0105d Doktorancki wynik\u00f3w wybor\u00f3w do pe\u0142nienia funkcji cz\u0142onka senatu z grupy doktorant\u00f3w<\/td>\n<td style=\"text-align: center; vertical-align: middle;\">do dnia 13.06.2024<\/td>\n<\/tr>\n<tr>\n<td style=\"text-align: center; vertical-align: middle;\">22.<\/td>\n<td>Wskazanie przez Rad\u0119 Uczelni kandydat\u00f3w do pe\u0142nienia funkcji rektora w przypadku niewybrania rektora na I posiedzeniu cz\u0142onk\u00f3w kolegium elektor\u00f3w<\/td>\n<td style=\"text-align: center; vertical-align: middle;\">do dnia 19.06.2024<\/td>\n<\/tr>\n<tr>\n<td style=\"text-align: center; vertical-align: middle;\">23.<\/td>\n<td>Wybory rektora przez kolegium elektor\u00f3w \u2013 ewentualne II posiedzenie wyborcze<\/td>\n<td style=\"text-align: center; vertical-align: middle;\">do dnia 20.06.2024<\/td>\n<\/tr>\n<tr>\n<td style=\"text-align: center; vertical-align: middle;\">24.<\/td>\n<td>Ewentualne uzupe\u0142niaj\u0105ce wybory cz\u0142onk\u00f3w Senatu Politechniki Bia\u0142ostockiej<\/td>\n<td style=\"text-align: center; vertical-align: middle;\">od dnia 17.06.2024 do dnia 26.06.2024<\/td>\n<\/tr>\n<tr>\n<td style=\"text-align: center; vertical-align: middle;\">25.<\/td>\n<td>Og\u0142oszenie wynik\u00f3w wybor\u00f3w na cz\u0142onk\u00f3w Senatu Politechniki Bia\u0142ostockiej<\/td>\n<td style=\"text-align: center; vertical-align: middle;\">do dnia 26.06.2024<\/td>\n<\/tr>\n<tr>\n<td style=\"text-align: center; vertical-align: middle;\">26.<\/td>\n<td>Wskazanie przez Rad\u0119 Uczelni kandydat\u00f3w do pe\u0142nienia funkcji rektora w przypadku niewybrania rektora na II posiedzeniu cz\u0142onk\u00f3w kolegium elektor\u00f3w<\/td>\n<td style=\"text-align: center; vertical-align: middle;\">do dnia 26.06.2024<\/td>\n<\/tr>\n<tr>\n<td style=\"text-align: center; vertical-align: middle;\">27.<\/td>\n<td>Wybory rektora przez kolegium elektor\u00f3w \u2013 ewentualne III posiedzenie wyborcze<\/td>\n<td style=\"text-align: center; vertical-align: middle;\">27.06.2024<\/td>\n<\/tr>\n<tr>\n<td style=\"text-align: center; vertical-align: middle;\">28.<\/td>\n<td>Zako\u0144czenie czynno\u015bci wyborczych<\/td>\n<td style=\"text-align: center; vertical-align: middle;\">do dnia 30.06.2024<\/td>\n<\/tr>\n<\/tbody>\n<\/table>\n<\/div>\n","protected":false},"excerpt":{"rendered":"<p>L.p. Czynno\u015bci wyborcze Data 1. Rozpocz\u0119cie czynno\u015bci wyborczych i og\u0142oszenie terminarza wyborczego 16.02.2024 2. Przekazanie<\/p>\n","protected":false},"author":2,"featured_media":0,"parent":0,"menu_order":1,"comment_status":"closed","ping_status":"closed","template":"","meta":{"_acf_changed":false,"ngg_post_thumbnail":0,"footnotes":""},"class_list":["post-188","page","type-page","status-publish","hentry"],"acf":[],"_links":{"self":[{"href":"https:\/\/pb.edu.pl\/wybory\/wp-json\/wp\/v2\/pages\/188","targetHints":{"allow":["GET"]}}],"collection":[{"href":"https:\/\/pb.edu.pl\/wybory\/wp-json\/wp\/v2\/pages"}],"about":[{"href":"https:\/\/pb.edu.pl\/wybory\/wp-json\/wp\/v2\/types\/page"}],"author":[{"embeddable":true,"href":"https:\/\/pb.edu.pl\/wybory\/wp-json\/wp\/v2\/users\/2"}],"replies":[{"embeddable":true,"href":"https:\/\/pb.edu.pl\/wybory\/wp-json\/wp\/v2\/comments?post=188"}],"version-history":[{"count":0,"href":"https:\/\/pb.edu.pl\/wybory\/wp-json\/wp\/v2\/pages\/188\/revisions"}],"wp:attachment":[{"href":"https:\/\/pb.edu.pl\/wybory\/wp-json\/wp\/v2\/media?parent=188"}],"curies":[{"name":"wp","href":"https:\/\/api.w.org\/{rel}","templated":true}]}}