{"id":11,"date":"2020-03-03T12:41:17","date_gmt":"2020-03-03T11:41:17","guid":{"rendered":"https:\/\/pb.edu.pl\/wybory2020\/?page_id=11"},"modified":"2024-04-16T14:40:08","modified_gmt":"2024-04-16T12:40:08","slug":"home","status":"publish","type":"page","link":"https:\/\/pb.edu.pl\/wybory\/","title":{"rendered":""},"content":{"rendered":"<div class=\"row\">\n<div class=\"col-md-3\">\n\t<div class=\"boxlink animated zoomIn \">\n\t\t<a href=\"https:\/\/pb.edu.pl\/ukw\/\" class=\"no-icon\">\n\t\t\t<div class=\"boxlink-title\"><span>Uczelniana Komisja Wyborcza<\/span><\/div>\n\t\t\t<div class=\"boxlink-content\">\n\t\t\t\t<img loading=\"lazy\" decoding=\"async\" src=\"https:\/\/pb.edu.pl\/wybory\/wp-content\/uploads\/sites\/44\/2020\/03\/komisja.jpg\" alt=\"\" width=\"600\" height=\"363\" class=\"aligncenter\" \/>\t\t\t<\/div>\n\t\t<\/a>\n\t<\/div>\n\n<\/div>\n<div class=\"col-md-3\">\n\t<div class=\"boxlink animated zoomIn \">\n\t\t<a href=\"\/wybory\/terminarz\/\" class=\"no-icon\">\n\t\t\t<div class=\"boxlink-title\"><span>Terminarz<\/span><\/div>\n\t\t\t<div class=\"boxlink-content\">\n\t\t\t\t<img decoding=\"async\" class=\"aligncenter wp-image-534 size-full\" src=\"https:\/\/pb.edu.pl\/wybory\/wp-content\/uploads\/sites\/44\/2020\/03\/PB_komunikaty.jpg\" alt=\"\">\t\t\t<\/div>\n\t\t<\/a>\n\t<\/div>\n\n<\/div>\n<div class=\"col-md-3\">\n\t<div class=\"boxlink animated zoomIn \">\n\t\t<a href=\"\/wybory\/rada-uczelni\/\" class=\"no-icon\">\n\t\t\t<div class=\"boxlink-title\"><span>Rada Uczelni<\/span><\/div>\n\t\t\t<div class=\"boxlink-content\">\n\t\t\t\t<img loading=\"lazy\" decoding=\"async\" src=\"https:\/\/pb.edu.pl\/wybory\/wp-content\/uploads\/sites\/44\/2024\/02\/PB_rada-uczelni-wybory.jpg\" alt=\"\" width=\"600\" height=\"363\" class=\"aligncenter size-full wp-image-215\" srcset=\"https:\/\/pb.edu.pl\/wybory\/wp-content\/uploads\/sites\/44\/2024\/02\/PB_rada-uczelni-wybory.jpg 600w, https:\/\/pb.edu.pl\/wybory\/wp-content\/uploads\/sites\/44\/2024\/02\/PB_rada-uczelni-wybory-300x182.jpg 300w\" sizes=\"auto, (max-width: 600px) 100vw, 600px\" \/>\t\t\t<\/div>\n\t\t<\/a>\n\t<\/div>\n\n<\/div>\n<div class=\"col-md-3\">\n\t<div class=\"boxlink animated zoomIn \">\n\t\t<a href=\"\/wybory\/kandydaci-na-rektora-pb\/\" class=\"no-icon\">\n\t\t\t<div class=\"boxlink-title\"><span>Kandydaci na Rektora<\/span><\/div>\n\t\t\t<div class=\"boxlink-content\">\n\t\t\t\t<img loading=\"lazy\" decoding=\"async\" src=\"https:\/\/pb.edu.pl\/wybory\/wp-content\/uploads\/sites\/44\/2024\/04\/PB_www_ikonka_kandydaci_rektor_x3.jpg\" alt=\"\" width=\"600\" height=\"363\" class=\"aligncenter size-full wp-image-265\" srcset=\"https:\/\/pb.edu.pl\/wybory\/wp-content\/uploads\/sites\/44\/2024\/04\/PB_www_ikonka_kandydaci_rektor_x3.jpg 600w, https:\/\/pb.edu.pl\/wybory\/wp-content\/uploads\/sites\/44\/2024\/04\/PB_www_ikonka_kandydaci_rektor_x3-300x182.jpg 300w\" sizes=\"auto, (max-width: 600px) 100vw, 600px\" \/>\t\t\t<\/div>\n\t\t<\/a>\n\t<\/div>\n\n<\/div>\n<\/div>\n<div class=\"row\">\n<div class=\"col-sm-12 text-center\">\n<a class=\"button text-center animated zoomIn lead font-500\" style=\"width:100%\" href=\"\/wybory\/informacja-przetwarzanie-danych-osobowych-kandydatow\/\">Informacja administratora w zwi\u0105zku z przetwarzaniem danych osobowych kandydat\u00f3w w wyborach<br \/>cz\u0142onk\u00f3w senatu, rektora oraz kolegium elektor\u00f3w<\/a>\n<\/div>\n<\/div>\n","protected":false},"excerpt":{"rendered":"<p>Informacja administratora w zwi\u0105zku z przetwarzaniem danych osobowych kandydat\u00f3w w wyborachcz\u0142onk\u00f3w senatu, rektora oraz kolegium<\/p>\n","protected":false},"author":2,"featured_media":0,"parent":0,"menu_order":0,"comment_status":"closed","ping_status":"closed","template":"templates\/dzial.php","meta":{"_acf_changed":false,"ngg_post_thumbnail":0,"footnotes":""},"class_list":["post-11","page","type-page","status-publish","hentry"],"acf":[],"_links":{"self":[{"href":"https:\/\/pb.edu.pl\/wybory\/wp-json\/wp\/v2\/pages\/11","targetHints":{"allow":["GET"]}}],"collection":[{"href":"https:\/\/pb.edu.pl\/wybory\/wp-json\/wp\/v2\/pages"}],"about":[{"href":"https:\/\/pb.edu.pl\/wybory\/wp-json\/wp\/v2\/types\/page"}],"author":[{"embeddable":true,"href":"https:\/\/pb.edu.pl\/wybory\/wp-json\/wp\/v2\/users\/2"}],"replies":[{"embeddable":true,"href":"https:\/\/pb.edu.pl\/wybory\/wp-json\/wp\/v2\/comments?post=11"}],"version-history":[{"count":0,"href":"https:\/\/pb.edu.pl\/wybory\/wp-json\/wp\/v2\/pages\/11\/revisions"}],"wp:attachment":[{"href":"https:\/\/pb.edu.pl\/wybory\/wp-json\/wp\/v2\/media?parent=11"}],"curies":[{"name":"wp","href":"https:\/\/api.w.org\/{rel}","templated":true}]}}