{"id":951,"date":"2025-03-11T21:13:46","date_gmt":"2025-03-11T20:13:46","guid":{"rendered":"https:\/\/pb.edu.pl\/wings\/?page_id=951"},"modified":"2025-11-14T12:46:37","modified_gmt":"2025-11-14T11:46:37","slug":"obowiazek-informacyjny","status":"publish","type":"page","link":"https:\/\/pb.edu.pl\/wings\/dokumenty\/obowiazek-informacyjny\/","title":{"rendered":"Obowi\u0105zek informacyjny"},"content":{"rendered":"<p><a class=\"pdf\" href=\"https:\/\/pb.edu.pl\/wings\/wp-content\/uploads\/sites\/159\/2025\/11\/Klauzula-informacyjna-ministra-wlasciwego-do-spraw-rozwoju-regionalnego.pdf\" target=\"_blank\" rel=\"noopener\" data-id=\"1067\">Klauzula informacyjna ministra w\u0142a\u015bciwego do spraw rozwoju regionalnego (PDF, 120 KB, otworzy si\u0119 w nowej karcie)<\/a><\/p>\n<p><a class=\"pdf\" href=\"https:\/\/pb.edu.pl\/wings\/wp-content\/uploads\/sites\/159\/2025\/11\/Klauzula-informacyjna-IZ-.pdf\" target=\"_blank\" rel=\"noopener\" data-id=\"1066\">Klauzula informacyjna IZ (PDF, 107 KB, otworzy si\u0119 w nowej karcie)<\/a><\/p>\n<p><a class=\"pdf\" href=\"https:\/\/pb.edu.pl\/wings\/wp-content\/uploads\/sites\/159\/2025\/11\/Obowiazek-informacyjny-Politechniki-Bialostockiej-dotyczacy-przetwarzania-danych-uczestnikow-projektu.pdf\" target=\"_blank\" rel=\"noopener\" data-id=\"1142\">Obowi\u0105zek informacyjny Politechniki Bia\u0142ostockiej dotycz\u0105cy przetwarzania danych uczestnik\u00f3w projektu (PDF, 122 KB, otworzy si\u0119 w nowej karcie)<\/a><\/p>\n<p><a class=\"pdf\" href=\"https:\/\/pb.edu.pl\/wings\/wp-content\/uploads\/sites\/159\/2025\/11\/Informacja-Administratora-PB-Sport-Challenge.pdf\" target=\"_blank\" rel=\"noopener\" data-id=\"1127\">Informacja Administratora PB Sport Challenge (PDF, 160 KB, otworzy si\u0119 w nowej karcie)<\/a><\/p>\n","protected":false},"excerpt":{"rendered":"<p>Klauzula informacyjna ministra w\u0142a\u015bciwego do spraw rozwoju regionalnego (PDF, 120 KB, otworzy si\u0119 w nowej<\/p>\n","protected":false},"author":2,"featured_media":0,"parent":21,"menu_order":3,"comment_status":"closed","ping_status":"closed","template":"","meta":{"_acf_changed":false,"ngg_post_thumbnail":0,"footnotes":""},"class_list":["post-951","page","type-page","status-publish","hentry"],"acf":[],"_links":{"self":[{"href":"https:\/\/pb.edu.pl\/wings\/wp-json\/wp\/v2\/pages\/951","targetHints":{"allow":["GET"]}}],"collection":[{"href":"https:\/\/pb.edu.pl\/wings\/wp-json\/wp\/v2\/pages"}],"about":[{"href":"https:\/\/pb.edu.pl\/wings\/wp-json\/wp\/v2\/types\/page"}],"author":[{"embeddable":true,"href":"https:\/\/pb.edu.pl\/wings\/wp-json\/wp\/v2\/users\/2"}],"replies":[{"embeddable":true,"href":"https:\/\/pb.edu.pl\/wings\/wp-json\/wp\/v2\/comments?post=951"}],"version-history":[{"count":0,"href":"https:\/\/pb.edu.pl\/wings\/wp-json\/wp\/v2\/pages\/951\/revisions"}],"up":[{"embeddable":true,"href":"https:\/\/pb.edu.pl\/wings\/wp-json\/wp\/v2\/pages\/21"}],"wp:attachment":[{"href":"https:\/\/pb.edu.pl\/wings\/wp-json\/wp\/v2\/media?parent=951"}],"curies":[{"name":"wp","href":"https:\/\/api.w.org\/{rel}","templated":true}]}}