{"id":58,"date":"2019-09-25T14:04:18","date_gmt":"2019-09-25T12:04:18","guid":{"rendered":"https:\/\/pb.edu.pl\/wings0\/?page_id=58"},"modified":"2025-11-21T11:08:48","modified_gmt":"2025-11-21T10:08:48","slug":"regulamin-projektu","status":"publish","type":"page","link":"https:\/\/pb.edu.pl\/wings\/dokumenty\/regulamin-projektu\/","title":{"rendered":"Regulamin projektu"},"content":{"rendered":"<p><a class=\"pdf\" href=\"https:\/\/pb.edu.pl\/wings\/wp-content\/uploads\/sites\/159\/2025\/11\/Regulamin-Projektu-WINGS-PB_11_2025.pdf\" target=\"_blank\" rel=\"noopener\" data-id=\"1155\">Regulamin Projektu WINGS PB_11_2025 (PDF, 141 KB, otworzy si\u0119 w nowej karcie)<\/a><\/p>\n<p><a class=\"pdf\" href=\"https:\/\/pb.edu.pl\/wings\/wp-content\/uploads\/sites\/159\/2025\/11\/Zalacznik-nr-1-Formularz-uczestnika-projektu-WINGS.pdf\" target=\"_blank\" rel=\"noopener\" data-id=\"1145\">Za\u0142\u0105cznik nr 1 Formularz uczestnika projektu WINGS (PDF, 287 KB, otworzy si\u0119 w nowej karcie)<\/a><\/p>\n<p>&nbsp;<\/p>\n","protected":false},"excerpt":{"rendered":"<p>Regulamin Projektu WINGS PB_11_2025 (PDF, 141 KB, otworzy si\u0119 w nowej karcie) Za\u0142\u0105cznik nr 1<\/p>\n","protected":false},"author":2,"featured_media":0,"parent":21,"menu_order":0,"comment_status":"closed","ping_status":"closed","template":"","meta":{"_acf_changed":false,"ngg_post_thumbnail":0,"footnotes":""},"class_list":["post-58","page","type-page","status-publish","hentry"],"acf":[],"_links":{"self":[{"href":"https:\/\/pb.edu.pl\/wings\/wp-json\/wp\/v2\/pages\/58","targetHints":{"allow":["GET"]}}],"collection":[{"href":"https:\/\/pb.edu.pl\/wings\/wp-json\/wp\/v2\/pages"}],"about":[{"href":"https:\/\/pb.edu.pl\/wings\/wp-json\/wp\/v2\/types\/page"}],"author":[{"embeddable":true,"href":"https:\/\/pb.edu.pl\/wings\/wp-json\/wp\/v2\/users\/2"}],"replies":[{"embeddable":true,"href":"https:\/\/pb.edu.pl\/wings\/wp-json\/wp\/v2\/comments?post=58"}],"version-history":[{"count":0,"href":"https:\/\/pb.edu.pl\/wings\/wp-json\/wp\/v2\/pages\/58\/revisions"}],"up":[{"embeddable":true,"href":"https:\/\/pb.edu.pl\/wings\/wp-json\/wp\/v2\/pages\/21"}],"wp:attachment":[{"href":"https:\/\/pb.edu.pl\/wings\/wp-json\/wp\/v2\/media?parent=58"}],"curies":[{"name":"wp","href":"https:\/\/api.w.org\/{rel}","templated":true}]}}