{"id":23,"date":"2019-09-25T00:05:45","date_gmt":"2019-09-24T22:05:45","guid":{"rendered":"https:\/\/pb.edu.pl\/wings0\/?page_id=23"},"modified":"2025-11-06T18:07:36","modified_gmt":"2025-11-06T17:07:36","slug":"kontakt","status":"publish","type":"page","link":"https:\/\/pb.edu.pl\/wings\/kontakt\/","title":{"rendered":"Kontakt"},"content":{"rendered":"<div class=\"h3\">\u201eWINGS PB &#8211; Wsparcie, Integracja, Nauka, Gwarancja Sukcesu z PB\u201d (nr umowy FERS.01.05-IP.08-0017\/25-00)<\/div>\n<div class=\"h3\">Biuro Projektu:<\/div>\n<p>Biuro ds. Rozwoju i Program\u00f3w Mi\u0119dzynarodowych<br \/>\nPolitechnika Bia\u0142ostocka<br \/>\n15-351 Bia\u0142ystok<br \/>\nul. Wiejska 45 A, <strong>pok\u00f3j B4<\/strong><br \/>\n&nbsp;<br \/>\n<i class=\"fal fa-phone\"><\/i> 85 746 97 64<\/p>\n<p><i class=\"fal fa-envelope\"><\/i> <a href=\"#\" rel=\"nofollow\"  onclick=\"this.href='mailto:' + 'wings' + '@' + 'pb.edu.pl'\">wings [at] pb.edu.pl<\/a>\n<hr>\n<p><a href=\"\/wings\/informacja-kpon\/\" title=\"Informacja KPON\">Informacja o mo\u017cliwo\u015bci zg\u0142aszania do Instytucji Zarz\u0105dzaj\u0105cej lub Instytucji Po\u015brednicz\u0105cej podejrzenia o niezgodno\u015bci Projektu lub dzia\u0142a\u0144 Beneficjenta z Konwencj\u0105 o prawach os\u00f3b niepe\u0142nosprawnych sporz\u0105dzon\u0105 w Nowym Jorku dnia 13 grudnia 2006 r. (Dz. U. z 2012 r. poz. 1169, z p\u00f3\u017an. zm.), zwanej dalej \u201eKPON\u201d<\/a><\/p>\n","protected":false},"excerpt":{"rendered":"<p>\u201eWINGS PB &#8211; Wsparcie, Integracja, Nauka, Gwarancja Sukcesu z PB\u201d (nr umowy FERS.01.05-IP.08-0017\/25-00) Biuro Projektu:<\/p>\n","protected":false},"author":2,"featured_media":0,"parent":0,"menu_order":6,"comment_status":"closed","ping_status":"closed","template":"","meta":{"_acf_changed":false,"ngg_post_thumbnail":0,"footnotes":""},"class_list":["post-23","page","type-page","status-publish","hentry"],"acf":[],"_links":{"self":[{"href":"https:\/\/pb.edu.pl\/wings\/wp-json\/wp\/v2\/pages\/23","targetHints":{"allow":["GET"]}}],"collection":[{"href":"https:\/\/pb.edu.pl\/wings\/wp-json\/wp\/v2\/pages"}],"about":[{"href":"https:\/\/pb.edu.pl\/wings\/wp-json\/wp\/v2\/types\/page"}],"author":[{"embeddable":true,"href":"https:\/\/pb.edu.pl\/wings\/wp-json\/wp\/v2\/users\/2"}],"replies":[{"embeddable":true,"href":"https:\/\/pb.edu.pl\/wings\/wp-json\/wp\/v2\/comments?post=23"}],"version-history":[{"count":0,"href":"https:\/\/pb.edu.pl\/wings\/wp-json\/wp\/v2\/pages\/23\/revisions"}],"wp:attachment":[{"href":"https:\/\/pb.edu.pl\/wings\/wp-json\/wp\/v2\/media?parent=23"}],"curies":[{"name":"wp","href":"https:\/\/api.w.org\/{rel}","templated":true}]}}