{"id":19,"date":"2019-09-25T00:04:10","date_gmt":"2019-09-24T22:04:10","guid":{"rendered":"https:\/\/pb.edu.pl\/wings0\/?page_id=19"},"modified":"2025-11-06T18:06:18","modified_gmt":"2025-11-06T17:06:18","slug":"zadania","status":"publish","type":"page","link":"https:\/\/pb.edu.pl\/wings\/zadania\/","title":{"rendered":"Zadania"},"content":{"rendered":"<p><strong>Zadanie 1.<\/strong> SKRZYD\u0141A NA START \u2013 \u0142atwiejsza rekrutacja i jasne informacje.<\/p>\n<p><strong>Zadanie 2.<\/strong> NA SKRZYD\u0141ACH DO SUKCESU \u2013 zaj\u0119cia z zakresu wyr\u00f3wnywania szans edukacyjnych na I roku z wybranego przedmiotu zwi\u0105zanego z tokiem studi\u00f3w, (np. matematyka, fizyka, chemia, informatyka, programowanie, dla ka\u017cdego kierunku studi\u00f3w).<\/p>\n<p><strong>Zadanie 3.<\/strong> SKRZYD\u0141A INTEGRACJI\u2013 znajd\u017a swoj\u0105 spo\u0142eczno\u015b\u0107.<\/p>\n<p><strong>Zadanie 4.<\/strong> SKRZYD\u0141A KARIERY \u2013 wsp\u00f3\u0142praca z pracodawcami i praktykami.<\/p>\n<p><strong>Zadanie 5.<\/strong> SKRZYD\u0141A EDUKACJI \u2013 rozw\u00f3j kompetencji dydaktycznych i mi\u0119kkich kadry.<\/p>\n<p><strong>Zadanie 6.<\/strong> SKRZYD\u0141A WSPARCIA \u2013 wdro\u017cenie programu &#8222;Early Warning System&#8221;.<\/p>\n","protected":false},"excerpt":{"rendered":"<p>Zadanie 1. SKRZYD\u0141A NA START \u2013 \u0142atwiejsza rekrutacja i jasne informacje. Zadanie 2. NA SKRZYD\u0141ACH<\/p>\n","protected":false},"author":2,"featured_media":0,"parent":0,"menu_order":4,"comment_status":"closed","ping_status":"closed","template":"","meta":{"_acf_changed":false,"ngg_post_thumbnail":0,"footnotes":""},"class_list":["post-19","page","type-page","status-publish","hentry"],"acf":[],"_links":{"self":[{"href":"https:\/\/pb.edu.pl\/wings\/wp-json\/wp\/v2\/pages\/19","targetHints":{"allow":["GET"]}}],"collection":[{"href":"https:\/\/pb.edu.pl\/wings\/wp-json\/wp\/v2\/pages"}],"about":[{"href":"https:\/\/pb.edu.pl\/wings\/wp-json\/wp\/v2\/types\/page"}],"author":[{"embeddable":true,"href":"https:\/\/pb.edu.pl\/wings\/wp-json\/wp\/v2\/users\/2"}],"replies":[{"embeddable":true,"href":"https:\/\/pb.edu.pl\/wings\/wp-json\/wp\/v2\/comments?post=19"}],"version-history":[{"count":0,"href":"https:\/\/pb.edu.pl\/wings\/wp-json\/wp\/v2\/pages\/19\/revisions"}],"wp:attachment":[{"href":"https:\/\/pb.edu.pl\/wings\/wp-json\/wp\/v2\/media?parent=19"}],"curies":[{"name":"wp","href":"https:\/\/api.w.org\/{rel}","templated":true}]}}