{"id":17,"date":"2019-09-25T00:03:49","date_gmt":"2019-09-24T22:03:49","guid":{"rendered":"https:\/\/pb.edu.pl\/wings0\/?page_id=17"},"modified":"2025-11-06T18:05:55","modified_gmt":"2025-11-06T17:05:55","slug":"o-projekcie","status":"publish","type":"page","link":"https:\/\/pb.edu.pl\/wings\/o-projekcie\/","title":{"rendered":"O projekcie"},"content":{"rendered":"<p>Projekt \u201eWINGS PB \u2013 Wsparcie, Integracja, Nauka, Gwarancja Sukcesu z PB\u201d (nr umowy FERS.01.05-IP.08-0017\/25-00) jest realizowany w ramach programu Fundusze Europejskie dla Rozwoju Spo\u0142ecznego 2021-2027 wsp\u00f3\u0142finansowanego ze \u015brodk\u00f3w Europejskiego Funduszu Spo\u0142ecznego Plus.<\/p>\n<p><strong>G\u0142\u00f3wnym celem projektu<\/strong> jest minimalizowanie przyczyn zjawiska przedwczesnego ko\u0144czenia nauki i przerywania kszta\u0142cenia w uczelni (drop-out) w\u015br\u00f3d student\u00f3w Politechniki Bia\u0142ostockiej.<\/p>\n<p>W projekcie zaplanowano 6 zada\u0144 merytorycznych, w kt\u00f3rych zaplanowano realizacj\u0119 systemowych dzia\u0142a\u0144 minimalizuj\u0105cych zjawisko przedwczesnego ko\u0144czenia nauki na Uczelni:<\/p>\n<ol>\n<li>Skrzyd\u0142a na start \u2013 \u0142atwiejsza rekrutacja i jasne informacje<\/li>\n<li>Na skrzyd\u0142ach do sukcesu \u2013 zaj\u0119cia z zakresu wyr\u00f3wnywania szans edukacyjnych na I roku<\/li>\n<li>Skrzyd\u0142a integracji \u2013 znajd\u017a swoj\u0105 spo\u0142eczno\u015b\u0107<\/li>\n<li>Skrzyd\u0142a kariery \u2013 wsp\u00f3\u0142praca z pracodawcami i praktykami<\/li>\n<li>Skrzyd\u0142a edukacji \u2013 rozw\u00f3j kompetencji dydaktycznych i mi\u0119kkich kadry<\/li>\n<li>Skrzyd\u0142a wsparcia \u2013 wdro\u017cenie programu &#8222;Early Warning System&#8221;<\/li>\n<\/ol>\n<p>Bezpo\u015bredni\u0105 grup\u0119 docelow\u0105 stanowi \u015brodowisko akademickie (studenci i pracownicy uczelni). Po\u015brednio z rezultat\u00f3w projektu b\u0119d\u0105 mogli skorzysta\u0107 tak\u017ce uczniowie szk\u00f3\u0142 \u015brednich (przyszli studenci).<\/p>\n<p><strong>G\u0142\u00f3wne rezultaty projektu:<\/strong><\/p>\n<ul>\n<li>zmniejszenie odsetka student\u00f3w PB I stopnia, kt\u00f3rzy przerwali studia (spadek o 12 % w stosunku do warto\u015bci bazowej 37% w 2025);<\/li>\n<li>zmniejszenie odsetka student\u00f3w PB, kt\u00f3rzy rozwa\u017caj\u0105\/li przerwanie studi\u00f3w (spadek o 30% w stosunku do warto\u015bci bazowej 65% w 2025);<\/li>\n<li>45 student\u00f3w uzyska certyfikat\/mikropo\u015bwiadczenie;<\/li>\n<li>76 nauczycieli akademickich podniesie swoje kompetencje dydaktyczne i mi\u0119kkie;<\/li>\n<li>zostanie wdro\u017cony system do monitorowania drop-out Early Warning System;<\/li>\n<li>5880 godz. zaj\u0119\u0107 z zakresu wyr\u00f3wnywania szans edukacyjnych dla student\u00f3w I rocznika;<\/li>\n<li>18 spotka\u0144 DRZWI OTWARTE;<\/li>\n<li>79 wydarze\u0144 integracyjnych (ok. 626 h), w kt\u00f3rych we\u017amie udzia\u0142 3200 student\u00f3w;<\/li>\n<li>270 godz. dodatkowych zaj\u0119\u0107 sportowych dla student\u00f3w;<\/li>\n<li40 spotka\u0144 networkingowych z pracodawcami;<\/li>\n<li>620 godz. dodatkowych zaj\u0119\u0107 dla student\u00f3w z praktykami;<\/li>\n<li>min. 6 zmodernizowanych pomieszcze\u0144\/miejsc na Uczelni (o kt\u00f3rych zdecyduj\u0105 sami studenci);<\/li>\n<li>odsetek student\u00f3w, kt\u00f3rzy pozytywnie oceniaj\u0105 realizowane w ramach projektu dzia\u0142ania (80%).<\/li>\n<\/ul>\n<p>Projekt realizowany w Partnerstwie ze Stowarzyszeniem Absolwent\u00f3w Politechniki Bia\u0142ostockiej.<\/p>\n<p><strong>Okres realizacji projektu:<\/strong> 01.09.2025 r. \u2013 28.02.2029 r.<br \/>\n<strong>Warto\u015b\u0107 projektu:<\/strong> 4 664 301,10 z\u0142<br \/>\n<strong>Dofinansowanie:<\/strong> 4 523 510,00 z\u0142 co stanowi 96,98% koszt\u00f3w kwalifikowalnych projektu<\/p>\n","protected":false},"excerpt":{"rendered":"<p>Projekt \u201eWINGS PB \u2013 Wsparcie, Integracja, Nauka, Gwarancja Sukcesu z PB\u201d (nr umowy FERS.01.05-IP.08-0017\/25-00) jest<\/p>\n","protected":false},"author":2,"featured_media":0,"parent":0,"menu_order":3,"comment_status":"closed","ping_status":"closed","template":"","meta":{"_acf_changed":false,"ngg_post_thumbnail":0,"footnotes":""},"class_list":["post-17","page","type-page","status-publish","hentry"],"acf":[],"_links":{"self":[{"href":"https:\/\/pb.edu.pl\/wings\/wp-json\/wp\/v2\/pages\/17","targetHints":{"allow":["GET"]}}],"collection":[{"href":"https:\/\/pb.edu.pl\/wings\/wp-json\/wp\/v2\/pages"}],"about":[{"href":"https:\/\/pb.edu.pl\/wings\/wp-json\/wp\/v2\/types\/page"}],"author":[{"embeddable":true,"href":"https:\/\/pb.edu.pl\/wings\/wp-json\/wp\/v2\/users\/2"}],"replies":[{"embeddable":true,"href":"https:\/\/pb.edu.pl\/wings\/wp-json\/wp\/v2\/comments?post=17"}],"version-history":[{"count":0,"href":"https:\/\/pb.edu.pl\/wings\/wp-json\/wp\/v2\/pages\/17\/revisions"}],"wp:attachment":[{"href":"https:\/\/pb.edu.pl\/wings\/wp-json\/wp\/v2\/media?parent=17"}],"curies":[{"name":"wp","href":"https:\/\/api.w.org\/{rel}","templated":true}]}}