{"id":13,"date":"2019-09-25T00:01:51","date_gmt":"2019-09-24T22:01:51","guid":{"rendered":"https:\/\/pb.edu.pl\/wings0\/?page_id=13"},"modified":"2025-11-06T18:04:40","modified_gmt":"2025-11-06T17:04:40","slug":"aktualnosci","status":"publish","type":"page","link":"https:\/\/pb.edu.pl\/wings\/aktualnosci\/","title":{"rendered":"Aktualno\u015bci"},"content":{"rendered":"\t\t<div class=\"box news-box \">\n\t\t<div class=\"row\">\n\t\t\t\n\t\t\t\n\t\t\t\t\n\t\t\t\t\t\t\t\t\t\t<div class=\"col-sm-3\">\n\t\t\t\t\t\t\t\n<article class=\"format-standard\">\n    <span class=\"date text-right\"><i class=\"fal fa-calendar-alt\"><\/i> 14-04-2026<\/span>\n    <a href=\"https:\/\/pb.edu.pl\/wings\/2026\/04\/14\/kawiarnia-naukowa-bez-ruchu-ale-w-pracy-ukryta-inzynieria-budynkow\/\">\n      <div class=\"article-image\">\n        <img loading=\"lazy\" decoding=\"async\" width=\"480\" height=\"300\" src=\"https:\/\/pb.edu.pl\/wings\/wp-content\/uploads\/sites\/159\/2026\/04\/Kawiarnia-23.04.2026-480x300.jpg\" class=\"attachment-medium-image-16x10 size-medium-image-16x10 wp-post-image\" alt=\"\" \/>      <\/div>\n      <h3>Kawiarnia Naukowa. Bez ruchu, ale w pracy. Ukryta in\u017cynieria budynk\u00f3w<\/h3>\n      23 kwietnia 2026 r. o godz. 18.00    <\/a>\n<\/article>\t\t\t\t\t\t<\/div>\n\t\t\t\t\t\t\t\t\t\t\t<div class=\"col-sm-3\">\n\t\t\t\t\t\t\t\n<article class=\"format-standard\">\n    <span class=\"date text-right\"><i class=\"fal fa-calendar-alt\"><\/i> 02-04-2026<\/span>\n    <a href=\"https:\/\/pb.edu.pl\/wings\/2026\/04\/02\/turniej-pilki-noznej-dla-studentow-pb-sports-challenge\/\">\n      <div class=\"article-image\">\n        <img loading=\"lazy\" decoding=\"async\" width=\"480\" height=\"300\" src=\"https:\/\/pb.edu.pl\/wings\/wp-content\/uploads\/sites\/159\/2026\/04\/turniej-pilki-noznej-480x300.jpg\" class=\"attachment-medium-image-16x10 size-medium-image-16x10 wp-post-image\" alt=\"\" srcset=\"https:\/\/pb.edu.pl\/wings\/wp-content\/uploads\/sites\/159\/2026\/04\/turniej-pilki-noznej-480x300.jpg 480w, https:\/\/pb.edu.pl\/wings\/wp-content\/uploads\/sites\/159\/2026\/04\/turniej-pilki-noznej-300x188.jpg 300w, https:\/\/pb.edu.pl\/wings\/wp-content\/uploads\/sites\/159\/2026\/04\/turniej-pilki-noznej-768x480.jpg 768w, https:\/\/pb.edu.pl\/wings\/wp-content\/uploads\/sites\/159\/2026\/04\/turniej-pilki-noznej.jpg 1024w\" sizes=\"auto, (max-width: 480px) 100vw, 480px\" \/>      <\/div>\n      <h3>Turniej Pi\u0142ki No\u017cnej dla Student\u00f3w. PB Sports Challenge<\/h3>\n      Zapisy do 14 kwietnia    <\/a>\n<\/article>\t\t\t\t\t\t<\/div>\n\t\t\t\t\t\t\t\t\t\t\t<div class=\"col-sm-3\">\n\t\t\t\t\t\t\t\n<article class=\"format-standard\">\n    <span class=\"date text-right\"><i class=\"fal fa-calendar-alt\"><\/i> 30-03-2026<\/span>\n    <a href=\"https:\/\/pb.edu.pl\/wings\/2026\/03\/30\/turniej-tenisa-stolowego-wings-pb-sports-challenge-za-nami\/\">\n      <div class=\"article-image\">\n        <img loading=\"lazy\" decoding=\"async\" width=\"480\" height=\"300\" src=\"https:\/\/pb.edu.pl\/wings\/wp-content\/uploads\/sites\/159\/2026\/03\/turniej-tenisa-stolowego-480x300.png\" class=\"attachment-medium-image-16x10 size-medium-image-16x10 wp-post-image\" alt=\"\" \/>      <\/div>\n      <h3>Turniej tenisa sto\u0142owego WINGS PB Sports Challenge za nami!<\/h3>\n      28 marca 2026 r.    <\/a>\n<\/article>\t\t\t\t\t\t<\/div>\n\t\t\t\t\t\t\t\t\t\t\t<div class=\"col-sm-3\">\n\t\t\t\t\t\t\t\n<article class=\"format-standard\">\n    <span class=\"date text-right\"><i class=\"fal fa-calendar-alt\"><\/i> 17-03-2026<\/span>\n    <a href=\"https:\/\/pb.edu.pl\/wings\/2026\/03\/17\/dni-otwarte-politechniki-bialostockiej\/\">\n      <div class=\"article-image\">\n        <img loading=\"lazy\" decoding=\"async\" width=\"480\" height=\"300\" src=\"https:\/\/pb.edu.pl\/wings\/wp-content\/uploads\/sites\/159\/2026\/03\/2025-01_dzien-otwarty_www-1-480x300.jpg\" class=\"attachment-medium-image-16x10 size-medium-image-16x10 wp-post-image\" alt=\"\" srcset=\"https:\/\/pb.edu.pl\/wings\/wp-content\/uploads\/sites\/159\/2026\/03\/2025-01_dzien-otwarty_www-1-480x300.jpg 480w, https:\/\/pb.edu.pl\/wings\/wp-content\/uploads\/sites\/159\/2026\/03\/2025-01_dzien-otwarty_www-1-300x188.jpg 300w, https:\/\/pb.edu.pl\/wings\/wp-content\/uploads\/sites\/159\/2026\/03\/2025-01_dzien-otwarty_www-1-1024x640.jpg 1024w, https:\/\/pb.edu.pl\/wings\/wp-content\/uploads\/sites\/159\/2026\/03\/2025-01_dzien-otwarty_www-1-768x480.jpg 768w, https:\/\/pb.edu.pl\/wings\/wp-content\/uploads\/sites\/159\/2026\/03\/2025-01_dzien-otwarty_www-1-1536x960.jpg 1536w, https:\/\/pb.edu.pl\/wings\/wp-content\/uploads\/sites\/159\/2026\/03\/2025-01_dzien-otwarty_www-1-2048x1280.jpg 2048w\" sizes=\"auto, (max-width: 480px) 100vw, 480px\" \/>      <\/div>\n      <h3>Dni otwarte Politechniki Bia\u0142ostockiej<\/h3>\n      Zapraszamy 20 marca 2026     <\/a>\n<\/article>\t\t\t\t\t\t<\/div>\n\t\t\t\t\t\t\t\t\t\t\t<div class=\"col-sm-3\">\n\t\t\t\t\t\t\t\n<article class=\"format-standard\">\n    <span class=\"date text-right\"><i class=\"fal fa-calendar-alt\"><\/i> 09-03-2026<\/span>\n    <a href=\"https:\/\/pb.edu.pl\/wings\/2026\/03\/09\/kawiarnia-naukowa-jak-kultura-ksztaltuje-umysl-w-twojej-glowie\/\">\n      <div class=\"article-image\">\n        <img loading=\"lazy\" decoding=\"async\" width=\"480\" height=\"300\" src=\"https:\/\/pb.edu.pl\/wings\/wp-content\/uploads\/sites\/159\/2026\/03\/2026-03-kawiarnia-naukowa-www-1024x640-1-480x300.jpg\" class=\"attachment-medium-image-16x10 size-medium-image-16x10 wp-post-image\" alt=\"\" srcset=\"https:\/\/pb.edu.pl\/wings\/wp-content\/uploads\/sites\/159\/2026\/03\/2026-03-kawiarnia-naukowa-www-1024x640-1-480x300.jpg 480w, https:\/\/pb.edu.pl\/wings\/wp-content\/uploads\/sites\/159\/2026\/03\/2026-03-kawiarnia-naukowa-www-1024x640-1-300x188.jpg 300w, https:\/\/pb.edu.pl\/wings\/wp-content\/uploads\/sites\/159\/2026\/03\/2026-03-kawiarnia-naukowa-www-1024x640-1-768x480.jpg 768w, https:\/\/pb.edu.pl\/wings\/wp-content\/uploads\/sites\/159\/2026\/03\/2026-03-kawiarnia-naukowa-www-1024x640-1.jpg 1024w\" sizes=\"auto, (max-width: 480px) 100vw, 480px\" \/>      <\/div>\n      <h3>Kawiarnia Naukowa \u201eJak kultura kszta\u0142tuje umys\u0142 w Twojej g\u0142owie?\u201d<\/h3>\n      11 marca 2026 o godz. 18.00    <\/a>\n<\/article>\t\t\t\t\t\t<\/div>\n\t\t\t\t\t\t\t\t\t\t\t<div class=\"col-sm-3\">\n\t\t\t\t\t\t\t\n<article class=\"format-standard\">\n    <span class=\"date text-right\"><i class=\"fal fa-calendar-alt\"><\/i> 11-02-2026<\/span>\n    <a href=\"https:\/\/pb.edu.pl\/wings\/2026\/02\/11\/kawiarnia-naukowa-w-dn-25-02-2025\/\">\n      <div class=\"article-image\">\n        <img loading=\"lazy\" decoding=\"async\" width=\"480\" height=\"300\" src=\"https:\/\/pb.edu.pl\/wings\/wp-content\/uploads\/sites\/159\/2026\/02\/Kawiarnia-25.02.2025-480x300.jpg\" class=\"attachment-medium-image-16x10 size-medium-image-16x10 wp-post-image\" alt=\"\" \/>      <\/div>\n      <h3>Kawiarnia naukowa w dn. 25.02.2025<\/h3>\n      Tematem spotkania b\u0119d\u0105 Pu\u0142apki my\u015blenia. Jak nie da\u0107 si\u0119 oszuka\u0107 w\u0142asnemu    <\/a>\n<\/article>\t\t\t\t\t\t<\/div>\n\t\t\t\t\t\t\t\t\t\t\t<div class=\"col-sm-3\">\n\t\t\t\t\t\t\t\n<article class=\"format-standard\">\n    <span class=\"date text-right\"><i class=\"fal fa-calendar-alt\"><\/i> 03-02-2026<\/span>\n    <a href=\"https:\/\/pb.edu.pl\/wings\/2026\/02\/03\/star-zajec-wyrownawczych-w-semestrze-letnim\/\">\n      <div class=\"article-image\">\n        <img loading=\"lazy\" decoding=\"async\" width=\"480\" height=\"300\" src=\"https:\/\/pb.edu.pl\/wings\/wp-content\/uploads\/sites\/159\/2026\/02\/Zajecia-wyrownawcze-480x300.png\" class=\"attachment-medium-image-16x10 size-medium-image-16x10 wp-post-image\" alt=\"\" \/>      <\/div>\n      <h3>Star zaj\u0119\u0107 wyr\u00f3wnawczych w semestrze letnim<\/h3>\n      Od lutego rozpocz\u0119\u0142y si\u0119 zaj\u0119cia wyr\u00f3wnawcze w ramach projektu WINGS PB    <\/a>\n<\/article>\t\t\t\t\t\t<\/div>\n\t\t\t\t\t\t\t\t\t\t\t<div class=\"col-sm-3\">\n\t\t\t\t\t\t\t\n<article class=\"format-standard\">\n    <span class=\"date text-right\"><i class=\"fal fa-calendar-alt\"><\/i> 08-01-2026<\/span>\n    <a href=\"https:\/\/pb.edu.pl\/wings\/2026\/01\/08\/kawiarnia-naukowa-politechniki-bialostockiej\/\">\n      <div class=\"article-image\">\n        <img loading=\"lazy\" decoding=\"async\" width=\"480\" height=\"300\" src=\"https:\/\/pb.edu.pl\/wings\/wp-content\/uploads\/sites\/159\/2026\/01\/Kawiarnia-14.01.2026-480x300.jpg\" class=\"attachment-medium-image-16x10 size-medium-image-16x10 wp-post-image\" alt=\"\" \/>      <\/div>\n      <h3>,,Klikaj z g\u0142ow\u0105&#8221; o tym, jak my\u015blimy i w co wierzymy w sieci<\/h3>\n      Kawiarnia naukowa Politechniki Bia\u0142ostockiej 14.01.2026     <\/a>\n<\/article>\t\t\t\t\t\t<\/div>\n\t\t\t\t\t\t\t\t\t\t\t<div class=\"col-sm-3\">\n\t\t\t\t\t\t\t\n<article class=\"format-standard\">\n    <span class=\"date text-right\"><i class=\"fal fa-calendar-alt\"><\/i> 17-12-2025<\/span>\n    <a href=\"https:\/\/pb.edu.pl\/wings\/2025\/12\/17\/pb-sports-challenge-2025\/\">\n      <div class=\"article-image\">\n        <img loading=\"lazy\" decoding=\"async\" width=\"480\" height=\"300\" src=\"https:\/\/pb.edu.pl\/wings\/wp-content\/uploads\/sites\/159\/2025\/12\/2025-12-wings-pb-sports-challenge-www-2048x1280-2-480x300.jpg\" class=\"attachment-medium-image-16x10 size-medium-image-16x10 wp-post-image\" alt=\"\" srcset=\"https:\/\/pb.edu.pl\/wings\/wp-content\/uploads\/sites\/159\/2025\/12\/2025-12-wings-pb-sports-challenge-www-2048x1280-2-480x300.jpg 480w, https:\/\/pb.edu.pl\/wings\/wp-content\/uploads\/sites\/159\/2025\/12\/2025-12-wings-pb-sports-challenge-www-2048x1280-2-300x188.jpg 300w, https:\/\/pb.edu.pl\/wings\/wp-content\/uploads\/sites\/159\/2025\/12\/2025-12-wings-pb-sports-challenge-www-2048x1280-2-1024x640.jpg 1024w, https:\/\/pb.edu.pl\/wings\/wp-content\/uploads\/sites\/159\/2025\/12\/2025-12-wings-pb-sports-challenge-www-2048x1280-2-768x480.jpg 768w, https:\/\/pb.edu.pl\/wings\/wp-content\/uploads\/sites\/159\/2025\/12\/2025-12-wings-pb-sports-challenge-www-2048x1280-2-1536x960.jpg 1536w, https:\/\/pb.edu.pl\/wings\/wp-content\/uploads\/sites\/159\/2025\/12\/2025-12-wings-pb-sports-challenge-www-2048x1280-2.jpg 2048w\" sizes=\"auto, (max-width: 480px) 100vw, 480px\" \/>      <\/div>\n      <h3>PB Sports Challenge 2025<\/h3>\n      13 grudnia 2025 r. w turnieju siatk\u00f3wki zagra\u0142o 8 dru\u017cyn    <\/a>\n<\/article>\t\t\t\t\t\t<\/div>\n\t\t\t\t\t\t\t\t\t\t\t<div class=\"col-sm-3\">\n\t\t\t\t\t\t\t\n<article class=\"format-standard\">\n    <span class=\"date text-right\"><i class=\"fal fa-calendar-alt\"><\/i> 15-12-2025<\/span>\n    <a href=\"https:\/\/pb.edu.pl\/wings\/2025\/12\/15\/kawiarnia-naukowa-politechniki-bialostockiej-pod-haslem-nie-taki-byl-plan-narodziny-najwazniejszego-gadzetu-ludzkosci\/\">\n      <div class=\"article-image\">\n        <img loading=\"lazy\" decoding=\"async\" width=\"480\" height=\"300\" src=\"https:\/\/pb.edu.pl\/wings\/wp-content\/uploads\/sites\/159\/2025\/12\/593900731_1274976827999584_7390332595189071686_n-480x300.jpg\" class=\"attachment-medium-image-16x10 size-medium-image-16x10 wp-post-image\" alt=\"\" \/>      <\/div>\n      <h3>Kawiarnia Naukowa Politechniki Bia\u0142ostockiej<\/h3>\n      \u201eNie taki by\u0142 plan \u2013 narodziny najwa\u017cniejszego gad\u017cetu ludzko\u015bci\u201d    <\/a>\n<\/article>\t\t\t\t\t\t<\/div>\n\t\t\t\t\t\t\t\t\t\t\t<div class=\"col-sm-3\">\n\t\t\t\t\t\t\t\n<article class=\"format-standard\">\n    <span class=\"date text-right\"><i class=\"fal fa-calendar-alt\"><\/i> 24-11-2025<\/span>\n    <a href=\"https:\/\/pb.edu.pl\/wings\/2025\/11\/24\/pb-sports-challenge-turniej-pilki-siatkowej\/\">\n      <div class=\"article-image\">\n        <img loading=\"lazy\" decoding=\"async\" width=\"480\" height=\"300\" src=\"https:\/\/pb.edu.pl\/wings\/wp-content\/uploads\/sites\/159\/2025\/11\/Turniej-Pilki-Siatkowej-WINGS-480x300.jpg\" class=\"attachment-medium-image-16x10 size-medium-image-16x10 wp-post-image\" alt=\"\" \/>      <\/div>\n      <h3>PB SPORTS CHALLENGE &#8211; turniej pi\u0142ki siatkowej<\/h3>\n      Pierwszy turniej ju\u017c 13 grudnia    <\/a>\n<\/article>\t\t\t\t\t\t<\/div>\n\t\t\t\t\t\t\t\t\t\t\t<div class=\"col-sm-3\">\n\t\t\t\t\t\t\t\n<article class=\"format-standard\">\n    <span class=\"date text-right\"><i class=\"fal fa-calendar-alt\"><\/i> 13-11-2025<\/span>\n    <a href=\"https:\/\/pb.edu.pl\/wings\/2025\/11\/13\/akademickie-dni-dydaktyki-2025\/\">\n      <div class=\"article-image\">\n        <img loading=\"lazy\" decoding=\"async\" width=\"480\" height=\"300\" src=\"https:\/\/pb.edu.pl\/wings\/wp-content\/uploads\/sites\/159\/2025\/11\/Akademickie-Dni-Dydaktyki-2025-480x300.jpg\" class=\"attachment-medium-image-16x10 size-medium-image-16x10 wp-post-image\" alt=\"\" \/>      <\/div>\n      <h3>Akademickie Dni Dydaktyki 2025<\/h3>\n      Ruszaj\u0105 zapisy na VIII Akademickie Dni Dydaktyki w Politechnice Bia\u0142ostockiej!    <\/a>\n<\/article>\t\t\t\t\t\t<\/div>\n\t\t\t\t\t\n\t\t\t\t\n\t\t\t\t\t<\/div>\n\t\t\n\t<nav class=\"navigation pagination\" aria-label=\"Stronicowanie wpis\u00f3w\">\n\t\t<h2 class=\"screen-reader-text\">Stronicowanie wpis\u00f3w<\/h2>\n\t\t<div class=\"nav-links\"><span aria-current=\"page\" class=\"page-numbers current\">1<\/span>\n<a class=\"page-numbers\" href=\"https:\/\/pb.edu.pl\/wings\/wp-json\/wp\/v2\/pages\/13\/page\/2\/\">2<\/a>\n<a class=\"next page-numbers\" href=\"https:\/\/pb.edu.pl\/wings\/wp-json\/wp\/v2\/pages\/13\/page\/2\/\">Nast\u0119pne<\/a><\/div>\n\t<\/nav>\t\t\t<\/div>\n\n","protected":false},"excerpt":{"rendered":"","protected":false},"author":2,"featured_media":0,"parent":0,"menu_order":1,"comment_status":"closed","ping_status":"closed","template":"","meta":{"_acf_changed":false,"ngg_post_thumbnail":0,"footnotes":""},"class_list":["post-13","page","type-page","status-publish","hentry"],"acf":[],"_links":{"self":[{"href":"https:\/\/pb.edu.pl\/wings\/wp-json\/wp\/v2\/pages\/13","targetHints":{"allow":["GET"]}}],"collection":[{"href":"https:\/\/pb.edu.pl\/wings\/wp-json\/wp\/v2\/pages"}],"about":[{"href":"https:\/\/pb.edu.pl\/wings\/wp-json\/wp\/v2\/types\/page"}],"author":[{"embeddable":true,"href":"https:\/\/pb.edu.pl\/wings\/wp-json\/wp\/v2\/users\/2"}],"replies":[{"embeddable":true,"href":"https:\/\/pb.edu.pl\/wings\/wp-json\/wp\/v2\/comments?post=13"}],"version-history":[{"count":0,"href":"https:\/\/pb.edu.pl\/wings\/wp-json\/wp\/v2\/pages\/13\/revisions"}],"wp:attachment":[{"href":"https:\/\/pb.edu.pl\/wings\/wp-json\/wp\/v2\/media?parent=13"}],"curies":[{"name":"wp","href":"https:\/\/api.w.org\/{rel}","templated":true}]}}