{"id":1102,"date":"2025-11-10T17:12:40","date_gmt":"2025-11-10T16:12:40","guid":{"rendered":"https:\/\/pb.edu.pl\/wings\/?page_id=1102"},"modified":"2025-11-20T10:00:02","modified_gmt":"2025-11-20T09:00:02","slug":"formularz-zgloszeniowy","status":"publish","type":"page","link":"https:\/\/pb.edu.pl\/wings\/rekrutacja-do-projektu\/akademickie-dni-dydaktyki-2025\/formularz-zgloszeniowy\/","title":{"rendered":"Formularz zg\u0142oszeniowy &#8211; Akademickie Dni Dydaktyki 2025"},"content":{"rendered":"<p>Przyjmowanie zg\u0142osze\u0144 zako\u0144czone.<\/p>\n","protected":false},"excerpt":{"rendered":"<p>Przyjmowanie zg\u0142osze\u0144 zako\u0144czone.<\/p>\n","protected":false},"author":2,"featured_media":0,"parent":1075,"menu_order":1,"comment_status":"closed","ping_status":"closed","template":"","meta":{"_acf_changed":false,"ngg_post_thumbnail":0,"footnotes":""},"class_list":["post-1102","page","type-page","status-publish","hentry"],"acf":[],"_links":{"self":[{"href":"https:\/\/pb.edu.pl\/wings\/wp-json\/wp\/v2\/pages\/1102","targetHints":{"allow":["GET"]}}],"collection":[{"href":"https:\/\/pb.edu.pl\/wings\/wp-json\/wp\/v2\/pages"}],"about":[{"href":"https:\/\/pb.edu.pl\/wings\/wp-json\/wp\/v2\/types\/page"}],"author":[{"embeddable":true,"href":"https:\/\/pb.edu.pl\/wings\/wp-json\/wp\/v2\/users\/2"}],"replies":[{"embeddable":true,"href":"https:\/\/pb.edu.pl\/wings\/wp-json\/wp\/v2\/comments?post=1102"}],"version-history":[{"count":0,"href":"https:\/\/pb.edu.pl\/wings\/wp-json\/wp\/v2\/pages\/1102\/revisions"}],"up":[{"embeddable":true,"href":"https:\/\/pb.edu.pl\/wings\/wp-json\/wp\/v2\/pages\/1075"}],"wp:attachment":[{"href":"https:\/\/pb.edu.pl\/wings\/wp-json\/wp\/v2\/media?parent=1102"}],"curies":[{"name":"wp","href":"https:\/\/api.w.org\/{rel}","templated":true}]}}