{"id":1027,"date":"2025-10-01T11:09:58","date_gmt":"2025-10-01T09:09:58","guid":{"rendered":"https:\/\/pb.edu.pl\/wings\/?page_id=1027"},"modified":"2026-04-13T15:28:12","modified_gmt":"2026-04-13T13:28:12","slug":"harmonogram-wsparcia","status":"publish","type":"page","link":"https:\/\/pb.edu.pl\/wings\/harmonogramy\/harmonogram-wsparcia\/","title":{"rendered":"Harmonogram wsparcia"},"content":{"rendered":"<p><a class=\"pdf\" href=\"https:\/\/pb.edu.pl\/wings\/wp-content\/uploads\/sites\/159\/2026\/03\/WINGS_PB_Harmonogram_KAWKA-Z-PROFESOREM.pdf\" target=\"_blank\" rel=\"noopener\" data-id=\"1249\">WINGS_PB_Harmonogram_KAWKA Z PROFESOREM (PDF, 125 KB, otworzy si\u0119 w nowej karcie)<\/a><\/p>\n<p><a class=\"pdf\" href=\"https:\/\/pb.edu.pl\/wings\/wp-content\/uploads\/sites\/159\/2025\/11\/harmonogrm-21-11-2025.pdf\" target=\"_blank\" rel=\"noopener\" data-id=\"1157\">Harmonogram Akademicki Dni Dydaktyki 2025 (PDF, 170 KB, otworzy si\u0119 w nowej karcie)<\/a><\/p>\n<p><a class=\"pdf\" href=\"https:\/\/pb.edu.pl\/wings\/wp-content\/uploads\/sites\/159\/2026\/04\/WINGS_PB_Harmonogram_SCIENCE-CAFE.pdf\" target=\"_blank\" rel=\"noopener\" data-id=\"1262\">WINGS_PB_Harmonogram_SCIENCE CAFE (PDF, 120 KB, otworzy si\u0119 w nowej karcie)<\/a><\/p>\n<p><a class=\"pdf\" href=\"https:\/\/pb.edu.pl\/wings\/wp-content\/uploads\/sites\/159\/2026\/04\/WINGS_PB_Harmonogram_PB-SPORTS-CHALLENGE.pdf\" target=\"_blank\" rel=\"noopener\" data-id=\"1256\">WINGS_PB_Harmonogram_PB SPORTS CHALLENGE (PDF, 117 KB, otworzy si\u0119 w nowej karcie)<\/a><\/p>\n<div>&nbsp;<\/div>\n<div><span style=\"font-size: 14pt\"><strong>Harmonogramy zaj\u0119\u0107 wyr\u00f3wnawczych<\/strong><\/span><\/div>\n<div>&nbsp;<\/div>\n<div><a class=\"pdf\" href=\"https:\/\/pb.edu.pl\/wings\/wp-content\/uploads\/sites\/159\/2026\/01\/WINGS_PB_Harmonogram_ZAJECIA-WYROWNAWCZE-semestr-zimowy-2025-2026.pdf\" target=\"_blank\" rel=\"noopener\" data-id=\"1196\">WINGS_PB_Harmonogram_ZAJECIA-WYROWNAWCZE semestr zimowy 2025-2026 (PDF, 132 KB, otworzy si\u0119 w nowej karcie)<\/a><\/div>\n<div><a class=\"pdf\" href=\"https:\/\/pb.edu.pl\/wings\/wp-content\/uploads\/sites\/159\/2026\/03\/Harmonogramy-zadan_WINGS-Zajecia-wyrownawcze-semestr-letni-2026.pdf\" target=\"_blank\" rel=\"noopener\" data-id=\"1235\">Harmonogramy zada\u0144_WINGS Zaj\u0119cia wyr\u00f3wnawcze semestr letni 2026 (PDF, 51 KB, otworzy si\u0119 w nowej karcie)<\/a><\/div>\n","protected":false},"excerpt":{"rendered":"<p>WINGS_PB_Harmonogram_KAWKA Z PROFESOREM (PDF, 125 KB, otworzy si\u0119 w nowej karcie) Harmonogram Akademicki Dni Dydaktyki<\/p>\n","protected":false},"author":65,"featured_media":0,"parent":15,"menu_order":0,"comment_status":"closed","ping_status":"closed","template":"","meta":{"_acf_changed":false,"ngg_post_thumbnail":0,"footnotes":""},"class_list":["post-1027","page","type-page","status-publish","hentry"],"acf":[],"_links":{"self":[{"href":"https:\/\/pb.edu.pl\/wings\/wp-json\/wp\/v2\/pages\/1027","targetHints":{"allow":["GET"]}}],"collection":[{"href":"https:\/\/pb.edu.pl\/wings\/wp-json\/wp\/v2\/pages"}],"about":[{"href":"https:\/\/pb.edu.pl\/wings\/wp-json\/wp\/v2\/types\/page"}],"author":[{"embeddable":true,"href":"https:\/\/pb.edu.pl\/wings\/wp-json\/wp\/v2\/users\/65"}],"replies":[{"embeddable":true,"href":"https:\/\/pb.edu.pl\/wings\/wp-json\/wp\/v2\/comments?post=1027"}],"version-history":[{"count":11,"href":"https:\/\/pb.edu.pl\/wings\/wp-json\/wp\/v2\/pages\/1027\/revisions"}],"predecessor-version":[{"id":1263,"href":"https:\/\/pb.edu.pl\/wings\/wp-json\/wp\/v2\/pages\/1027\/revisions\/1263"}],"up":[{"embeddable":true,"href":"https:\/\/pb.edu.pl\/wings\/wp-json\/wp\/v2\/pages\/15"}],"wp:attachment":[{"href":"https:\/\/pb.edu.pl\/wings\/wp-json\/wp\/v2\/media?parent=1027"}],"curies":[{"name":"wp","href":"https:\/\/api.w.org\/{rel}","templated":true}]}}