{"id":1707,"date":"2024-03-20T20:45:20","date_gmt":"2024-03-20T19:45:20","guid":{"rendered":"https:\/\/pb.edu.pl\/welcome-centre\/?page_id=1707"},"modified":"2025-12-08T10:26:55","modified_gmt":"2025-12-08T09:26:55","slug":"polish-glossary","status":"publish","type":"page","link":"https:\/\/pb.edu.pl\/welcome-centre\/polish-glossary\/","title":{"rendered":"Polish Glossary"},"content":{"rendered":"<p>Polish language belongs to Slavic languages and is spoken by, roughly, 44 million people all over the world.<\/p>\n<p>We selected some useful Polish words and phrases those you might want to use every now and then when you are out and about in the city.<\/p>\n<p><strong>dzie\u0144 dobry<\/strong> &#8211; good morning<br \/>\n<strong>cze\u015b\u0107<\/strong> &#8211; hello\/bye<br \/>\n<strong>siema<\/strong> &#8211; hello (informal)<br \/>\n<strong>do widzenia<\/strong> &#8211; good bye<br \/>\n<strong>na razie<\/strong> &#8211; bye\/see you (informal)<br \/>\n<strong>mi\u0142ego dnia<\/strong> &#8211; have a nice day<br \/>\n<strong>spoko<\/strong> &#8211; alright\/cool (informal)<br \/>\n<strong>tak<\/strong> &#8211; yes<br \/>\n<strong>nie<\/strong> &#8211; no<br \/>\n<strong>mi\u0142o mi<\/strong> &#8211; nice to meet you<br \/>\n<strong>dzi\u0119kuj\u0119<\/strong> &#8211; thank you<br \/>\n<strong>dzi\u0119ki<\/strong> &#8211; thanks<br \/>\n<strong>prosz\u0119<\/strong> &#8211; please (when handing in or replying to thank you)<br \/>\n<strong>smacznego<\/strong> &#8211; bon appetit<br \/>\n<strong>prosz\u0119 powt\u00f3rzy\u0107<\/strong> &#8211; can you repeat, please?<br \/>\n<strong>prosz\u0119 to napisa\u0107<\/strong> &#8211; can you write that down, please?<br \/>\n<strong>gdzie jest \u2026?<\/strong> &#8211; where is \u2026 ?<br \/>\n<strong>uniwersytet<\/strong> &#8211; university<br \/>\n<strong>akademik<\/strong> &#8211; dormitory<br \/>\n<strong>dworzec kolejowy<\/strong> &#8211; train station<br \/>\n<strong>dworzec autobusowy<\/strong> &#8211; coach station<br \/>\n<strong>przystanek autobusowy<\/strong> &#8211; bus stop<br \/>\n<strong>jakie jest has\u0142o Wi-Fi<\/strong> &#8211; what\u2019s the Wi-Fi password?<br \/>\n<strong>nie rozumiem<\/strong> &#8211; I don\u2019t understand<br \/>\n<strong>nie wiem<\/strong> &#8211; I don\u2019t know<br \/>\n<strong>nie m\u00f3wi\u0119 po polsku<\/strong> &#8211; I don&#8217;t speak Polish<br \/>\n<strong>czy m\u00f3wisz po angielsku<\/strong> &#8211; do you speak English?<\/p>\n","protected":false},"excerpt":{"rendered":"<p>Polish language belongs to Slavic languages and is spoken by, roughly, 44 million people all<\/p>\n","protected":false},"author":2,"featured_media":0,"parent":0,"menu_order":5,"comment_status":"closed","ping_status":"closed","template":"","meta":{"_acf_changed":false,"ngg_post_thumbnail":0,"footnotes":""},"class_list":["post-1707","page","type-page","status-publish","hentry"],"acf":[],"_links":{"self":[{"href":"https:\/\/pb.edu.pl\/welcome-centre\/wp-json\/wp\/v2\/pages\/1707","targetHints":{"allow":["GET"]}}],"collection":[{"href":"https:\/\/pb.edu.pl\/welcome-centre\/wp-json\/wp\/v2\/pages"}],"about":[{"href":"https:\/\/pb.edu.pl\/welcome-centre\/wp-json\/wp\/v2\/types\/page"}],"author":[{"embeddable":true,"href":"https:\/\/pb.edu.pl\/welcome-centre\/wp-json\/wp\/v2\/users\/2"}],"replies":[{"embeddable":true,"href":"https:\/\/pb.edu.pl\/welcome-centre\/wp-json\/wp\/v2\/comments?post=1707"}],"version-history":[{"count":0,"href":"https:\/\/pb.edu.pl\/welcome-centre\/wp-json\/wp\/v2\/pages\/1707\/revisions"}],"wp:attachment":[{"href":"https:\/\/pb.edu.pl\/welcome-centre\/wp-json\/wp\/v2\/media?parent=1707"}],"curies":[{"name":"wp","href":"https:\/\/api.w.org\/{rel}","templated":true}]}}