{"id":590,"date":"2022-12-22T00:21:31","date_gmt":"2022-12-21T23:21:31","guid":{"rendered":"https:\/\/pb.edu.pl\/via-carpatia\/?page_id=590"},"modified":"2024-04-03T13:10:29","modified_gmt":"2024-04-03T11:10:29","slug":"ikanet","status":"publish","type":"page","link":"https:\/\/pb.edu.pl\/via-carpatia\/dzialania\/komercjalizacja\/ikanet\/","title":{"rendered":"IKANET- Identyfikacja Kluczowych Aktywno\u015bci Partner\u00f3w"},"content":{"rendered":"<div class=\"h2\">Wspieranie pomys\u0142\u00f3w o znaczeniu komercjalizacyjnym<\/div>\n<p>W ramach Wirtualnego Akceleratora Komercjalizacji (WAK) powstanie Inteligentna Chmura Mapy Kompetencji, kt\u00f3ra pozwoli na inwentaryzacj\u0119 wszystkich zasob\u00f3w Politechnik, zar\u00f3wno w aspekcie intelektualnym, aparaturowym, jak i do\u015bwiadcze\u0144 projektowych, wdro\u017ceniowych i komercjalizacyjnych. Efektem jej dzia\u0142alno\u015bci b\u0119dzie powo\u0142anie Sieci Uczelnianych Laboratori\u00f3w Akredytowanych.<\/p>\n<p>Dzi\u0119ki usystematyzowaniu wsp\u00f3\u0142pracy Politechnik w obszarze B+R mo\u017cliwe b\u0119dzie zbudowanie systemu wspierania przedsi\u0119biorczo\u015bci akademickiej w aspekcie wdro\u017ce\u0144. Og\u0142oszony zostanie cykliczny coroczny konkurs (INNOSPIN) na demonstratory dla mi\u0119dzyuczelnianych zespo\u0142\u00f3w badawczych Politechnicznej Sieci Via Carpatia. Demonstratory o najwi\u0119kszym potencjale b\u0119d\u0105 mog\u0142y uzyska\u0107 wsparcie finansowe na samodzielne wej\u015bcie na rynek, w ramach funduszu zal\u0105\u017ckowego. Jest to szczeg\u00f3lnie istotne, by nie uzale\u017cnia\u0107 potencja\u0142u B+R wy\u0142\u0105cznie od finansowania ze strony przedsi\u0119biorstw, lecz zapewni\u0107 wsparcie finansowe i organizacyjne od uczelni, b\u0119d\u0105cych \u017ar\u00f3d\u0142em naukowym tych inicjatyw.<\/p>\n<p>Takie podej\u015bcie pozwoli na wykorzystanie efektu synergii uczelni, generuj\u0105c r\u00f3wnocze\u015bnie rozwi\u0105zania gotowe do wej\u015bcia na rynek oraz finansuj\u0105c te, kt\u00f3re b\u0119d\u0105 komercjalizowane z poziomu uczelni. Zapewni to dodatkow\u0105 korzy\u015b\u0107 instytucjonaln\u0105 \u2013 uczelnie b\u0119d\u0105 nie tylko naukowym partnerem komercjalizacji wynik\u00f3w bada\u0144, ale stan\u0105 si\u0119 ko\u0144cowym beneficjentem finansowym opracowanych rozwi\u0105za\u0144<\/p>\n<div class=\"h2\">Konkurs \u201eINNOSPIN\u201d \u2013 demonstratory dla mi\u0119dzyuczelnianych zespo\u0142\u00f3w badawczych:<\/div>\n<div><strong>edycja 1\/2023<\/strong><\/div>\n<div><a href=\"https:\/\/pb.edu.pl\/via-carpatia\/2023\/03\/22\/konkurs-innospin-demonstratory-dla-miedzyuczelnianych-zespolow-badawczych\/\">Og\u0142oszenie Konkursu \u201eINNOSPIN\u201d \u2013 demonstratory dla mi\u0119dzyuczelnianych zespo\u0142\u00f3w badawczych &#8211; 22.03.2023 <\/a><\/div>\n<p><strong>edycja 2\/2024<\/strong><br \/>\n<a title=\"\" href=\"https:\/\/pb.edu.pl\/via-carpatia\/2024\/04\/03\/ii-edycja-konkursu-innospin-demonstratory-dla-miedzyuczelnianych-zespolow-badawczych\/\">Og\u0142oszenie Konkursu \u201eINNOSPIN\u201d \u2013 demonstratory dla mi\u0119dzyuczelnianych zespo\u0142\u00f3w badawczych &#8211; 03.04.2024&nbsp;<\/a><\/p>\n<hr>\n<div class=\"h3\">Koordynator dzia\u0142ania projektowego<br \/>\nrealizowanego w Politechnice Bia\u0142ostockiej<\/div>\n<p>dr hab. in\u017c. Maciej Zajkowski, prof. PB.<br \/>\n<i class=\"fal fa-envelope\"><\/i> <a href=\"#\" rel=\"nofollow\"  onclick=\"this.href='mailto:' + 'm.zajkowski' + '@' + 'pb.edu.pl'\">m.zajkowski [at] pb.edu.pl<\/a>\n","protected":false},"excerpt":{"rendered":"<p>Wspieranie pomys\u0142\u00f3w o znaczeniu komercjalizacyjnym W ramach Wirtualnego Akceleratora Komercjalizacji (WAK) powstanie Inteligentna Chmura Mapy Kompetencji, kt\u00f3ra pozwoli na inwentaryzacj\u0119 wszystkich zasob\u00f3w Politechnik, zar\u00f3wno w aspekcie intelektualnym, aparaturowym, jak i do\u015bwiadcze\u0144 projektowych, wdro\u017ceniowych i komercjalizacyjnych. Efektem jej dzia\u0142alno\u015bci b\u0119dzie powo\u0142anie Sieci Uczelnianych Laboratori\u00f3w Akredytowanych. Dzi\u0119ki usystematyzowaniu wsp\u00f3\u0142pracy Politechnik w obszarze B+R mo\u017cliwe b\u0119dzie zbudowanie systemu [&hellip;]<\/p>\n","protected":false},"author":2,"featured_media":0,"parent":584,"menu_order":3,"comment_status":"closed","ping_status":"closed","template":"","meta":{"_acf_changed":false,"ngg_post_thumbnail":0,"footnotes":""},"class_list":["post-590","page","type-page","status-publish","hentry"],"acf":[],"_links":{"self":[{"href":"https:\/\/pb.edu.pl\/via-carpatia\/wp-json\/wp\/v2\/pages\/590","targetHints":{"allow":["GET"]}}],"collection":[{"href":"https:\/\/pb.edu.pl\/via-carpatia\/wp-json\/wp\/v2\/pages"}],"about":[{"href":"https:\/\/pb.edu.pl\/via-carpatia\/wp-json\/wp\/v2\/types\/page"}],"author":[{"embeddable":true,"href":"https:\/\/pb.edu.pl\/via-carpatia\/wp-json\/wp\/v2\/users\/2"}],"replies":[{"embeddable":true,"href":"https:\/\/pb.edu.pl\/via-carpatia\/wp-json\/wp\/v2\/comments?post=590"}],"version-history":[{"count":0,"href":"https:\/\/pb.edu.pl\/via-carpatia\/wp-json\/wp\/v2\/pages\/590\/revisions"}],"up":[{"embeddable":true,"href":"https:\/\/pb.edu.pl\/via-carpatia\/wp-json\/wp\/v2\/pages\/584"}],"wp:attachment":[{"href":"https:\/\/pb.edu.pl\/via-carpatia\/wp-json\/wp\/v2\/media?parent=590"}],"curies":[{"name":"wp","href":"https:\/\/api.w.org\/{rel}","templated":true}]}}