{"id":588,"date":"2022-12-22T00:20:43","date_gmt":"2022-12-21T23:20:43","guid":{"rendered":"https:\/\/pb.edu.pl\/via-carpatia\/?page_id=588"},"modified":"2024-11-14T11:38:13","modified_gmt":"2024-11-14T10:38:13","slug":"komercjalizuj-z-sasiadem","status":"publish","type":"page","link":"https:\/\/pb.edu.pl\/via-carpatia\/dzialania\/komercjalizacja\/komercjalizuj-z-sasiadem\/","title":{"rendered":"Komercjalizuj z s\u0105siadem"},"content":{"rendered":"<div class=\"h2\">Budowa Wirtualnego Akceleratora Komercjalizacji<\/div>\n<p>Celem przedsi\u0119wzi\u0119cia jest wykorzystanie potencja\u0142u oraz know\u2013how w zakresie dzia\u0142alno\u015bci B+R trzech uczelni technicznych, specjalizuj\u0105cych si\u0119 w obszarach niezb\u0119dnych do budowy silnego <a title=\"Wirtualny akcelerator komercjalizacji\" href=\"\/via-carpatia\/wak\/\">Wirtualnego Akceleratora Komercjalizacji (WAK)<\/a> w Polsce Wschodniej. O\u015brodek ten ma szans\u0119 sta\u0107 si\u0119 rozpoznawalnym w kraju i w Europie. Jego fundament stanowi\u0107 b\u0119d\u0105 trzy Centra Transferu Technologii ka\u017cdej z Politechnik oraz ich Biura Ochrony W\u0142asno\u015bci Intelektualnej.<\/p>\n<p>Wieloletnie do\u015bwiadczenia w obszarze komercjalizacji pozwol\u0105 na okre\u015blenie najlepszych praktyk w zakresie rozwi\u0105za\u0144 instytucjonalnych oraz zbuduj\u0105 znacz\u0105ce przewagi konkurencyjne WAK. Dzi\u0119ki temu mo\u017cliwa b\u0119dzie organizacja wydarze\u0144 promuj\u0105cych wsp\u00f3\u0142prac\u0119 nauka-biznes (prezentacja wsp\u00f3lnej oferty uczelni, prezentacja dobrych praktyk i sukces\u00f3w). W efekcie, rejon Polski Wschodniej zacznie by\u0107 kojarzony z unikatowym potencja\u0142em wdro\u017ceniowym, a na jego obszarze powstanie wsp\u00f3lnie prowadzony o\u015brodek o funkcjonalno\u015bciach inkubatora i akceleratora dla pomys\u0142\u00f3w i sp\u00f3\u0142ek, kt\u00f3re osi\u0105gn\u0119\u0142y gotowo\u015b\u0107 do wprowadzenia produktu czy us\u0142ugi na rynek.<\/p>\n<div class=\"h2\">Rozw\u00f3j dzia\u0142alno\u015bci B+R<\/div>\n<p>Powo\u0142anie wsp\u00f3lnego funduszu zal\u0105\u017ckowego oraz akceleratora, do kt\u00f3rego b\u0119d\u0105 aplikowa\u0107 mi\u0119dzyuczelniane sp\u00f3\u0142ki spin-off, wp\u0142ynie znacz\u0105co na rozkwit dzia\u0142alno\u015bci B+R w Polsce Wschodniej.<\/p>\n<p>WAK odpowiedzialny b\u0119dzie r\u00f3wnie\u017c za stworzenie mapy potrzeb firm w zakresie us\u0142ug B+R, organizacji praktyk i sta\u017cy, wsp\u00f3lnych projekt\u00f3w badawczo-rozwojowych Politechnicznej Sieci Via Carpatia. Pozwoli to na aktywny dialog ze \u015brodowiskiem biznesu i reagowanie na jego potrzeby. Jest to szczeg\u00f3lnie wa\u017cne w kontek\u015bcie Regionalnych Inteligentnych Specjalizacji, kt\u00f3re maj\u0105 kluczowe znaczenie dla rozwoju wojew\u00f3dztw Polski Wschodniej. D\u0105\u017cenie WAK do wykorzystywania specjalizacji wsp\u00f3\u0142pracuj\u0105cych Politechnik, zwi\u0119kszy jego konkurencyjno\u015b\u0107 i zapewni rozw\u00f3j.<\/p>\n<p><a class=\"pdf\" title=\"\" href=\"https:\/\/pb.edu.pl\/via-carpatia\/wp-content\/uploads\/sites\/92\/2024\/11\/RAPORT_ViaCarpatia2024_14.10.2024_.pdf\" target=\"_blank\" rel=\"noopener\" data-id=\"3895\"><strong>Pobierz RAPORT Identyfikacja potrzeb Przedsi\u0119biorc\u00f3w w zakresie us\u0142ug B+R. 2024 (PDF, 1 MB, otworzy si\u0119 w nowej karcie)<\/strong><\/a><\/p>\n<div class=\"h2\">Oferta us\u0142ug badawczo-rozwojowych Politechniki Bia\u0142ostockiej<\/div>\n<p>Jednym z cel\u00f3w Politechnicznej Sieci VIA CARPATIA jest stworzenie i bie\u017c\u0105ca aktualizacja oferty us\u0142ug badawczo-rozwojowych Politechniki Bia\u0142ostockiej. W 2024 roku obejmuje ona ju\u017c 40 ofert badawczo-rozwojowych, odpowiednio z Wydzia\u0142\u00f3w: Architektury (10 ofert), Budownictwa i Nauk o \u015arodowisku (3 oferty), Elektrycznego (11 ofert), Informatyki (8 ofert), Mechanicznego (8 ofert).<\/p>\n<p>Oferty te zosta\u0142y przygotowane w wersjach drukowanych i jednocze\u015bnie &#8211; w formie rozszerzonej &#8211; s\u0105 zamieszczone na stronie internetowej pod linkiem:<br \/>\n<a title=\"\" href=\"https:\/\/pb.edu.pl\/oferta-uslug-badawczo-rozwojowych\/\"><strong>OFERTA US\u0141UG BADAWCZO-ROZWOJOWYCH POLITECHNIKI BIA\u0141OSTOCKIEJ<\/strong><\/a><\/p>\n<p>&nbsp;<\/p>\n<div class=\"h2\">Szkolenia w ramach projektu Politechniczna Sie\u0107 VIA CARPATIA im. Prezydenta RP Lecha Kaczy\u0144skiego<\/div>\n<p><strong>Zapisy:<\/strong><\/p>\n<ul>\n<li>spos\u00f3b ci\u0105g\u0142y na adres mailowy: <i class=\"fal fa-envelope\"><\/i> <a href=\"#\" rel=\"nofollow\"  onclick=\"this.href='mailto:' + 'inkubator' + '@' + 'iit.pb.bialystok.pl'\">inkubator [at] iit.pb.bialystok.pl<\/a>,<\/li>\n<li>liczba miejsc ograniczona,<\/li>\n<li>liczy si\u0119 kolejno\u015b\u0107 zg\u0142osze\u0144.<\/li>\n<\/ul>\n<p><a class=\"pdf\" href=\"https:\/\/pb.edu.pl\/via-carpatia\/wp-content\/uploads\/sites\/92\/2023\/12\/Klauzula-RODO-do-szkolen.pdf\" target=\"_blank\" rel=\"noopener\" data-id=\"2686\">Klauzula informacyjna dotycz\u0105ca przetwarzania danych osobowych (PDF, 58 KB, otworzy si\u0119 w nowej karcie)<\/a><\/p>\n<p><strong>Miejsce:<\/strong> sala szkoleniowa Akademickiego Inkubatora Przedsi\u0119biorczo\u015bci, ul. Zwierzyniecka 10<\/p>\n<p><strong>Kolejno\u015b\u0107 szkole\u0144 mo\u017ce ulec zmianie.<\/strong><\/p>\n<p><strong>Mechanizmy finansowania projekt\u00f3w typu spinoff \u2013 (11.12.2023 -12.12.2023)<\/strong><br \/>\n<strong>Planowane godziny 9:00 &#8211; 13:30&nbsp;<\/strong><\/p>\n<ul>\n<li>podstawowe zasady pozyskiwania grant\u00f3w na wdro\u017cenia technologii&nbsp;<\/li>\n<li>przyk\u0142adowe mechanizmy finansowania \u2013 om\u00f3wienie projekt\u00f3w&nbsp;<\/li>\n<li>sposoby przygotowania do panelu ekspert\u00f3w&nbsp;<\/li>\n<li>struktura wyst\u0105pienia&nbsp;<\/li>\n<li>jak m\u00f3wi\u0107 o zaletach swojego rozwi\u0105zania&nbsp;<\/li>\n<li>modulacja g\u0142osu&nbsp;<\/li>\n<li>mowa cia\u0142a&nbsp;<\/li>\n<li>Q&amp;A i jak si\u0119 do niego przygotowa\u0107<\/li>\n<\/ul>\n<p><strong>Pozyskiwanie klienta (13.12.2023 &#8211; 14.12.2023)<\/strong><br \/>\n<strong>Planowane godziny 9:00 &#8211; 13:30&nbsp;<\/strong><\/p>\n<ul>\n<li>jak by\u0107 skutecznym sprzedawc\u0105<\/li>\n<li>przygotowywanie ofert sprzeda\u017cowych i partnerskich<\/li>\n<li>tworzenie skutecznej bazy potencjalnych partner\u00f3w&nbsp;<\/li>\n<li>style komunikacji z klientem<\/li>\n<li>prezentacje sprzeda\u017cowe<\/li>\n<li>poza cenowe czynniki sprzeda\u017cy<\/li>\n<li>wybrane techniki sprzeda\u017cy&nbsp;<\/li>\n<\/ul>\n<p><strong>Prowadz\u0105ca:<\/strong> Aneta Kacprzak &#8211; menad\u017cer praktyk, trener biznesu, projektantka gier szkoleniowych. Absolwentka Uniwersytetu Humanistycznospo\u0142ecznego SWPS (Psychologia Spo\u0142eczna: zarz\u0105dzanie zmian\u0105 organizacyjn\u0105). Swobodnie porusza si\u0119 w obszarach rozwojowych zwi\u0105zanych z jej kilkunastoletnim menad\u017cerskim do\u015bwiadczeniem zawodowym: zarz\u0105dzaniem sprzeda\u017c\u0105, sprzeda\u017c\u0105 i obs\u0142ug\u0105 klienta. Dzi\u0119ki wieloletniej pracy i wsp\u00f3\u0142pracy z dzia\u0142ami HR r\u00f3\u017cnych korporacji wyspecjalizowa\u0142a si\u0119 dodatkowo w tematyce zwi\u0105zanej ze wzmacnianiem kompetencji mi\u0119kkich lider\u00f3w i pracownik\u00f3w (kreatywno\u015b\u0107, Desing Thinking, wsp\u00f3\u0142praca w zespole, komunikacja, motywacja, feedback, asertywno\u015b\u0107, trudne sytuacje, planowanie i zarz\u0105dzanie sob\u0105 w czasie, integracja i teambuilding itp.).<\/p>\n<p><strong>Decyzje w biznesie i negocjacjach (15.12.2023)<br \/>\n<\/strong><strong>Planowane godziny 9:30 &#8211; 15:30&nbsp;<\/strong><\/p>\n<ul>\n<li>proces podejmowania decyzji<\/li>\n<li>proces negocjacji<\/li>\n<li>analiza podejmowanych decyzji w \u015brodowisku biznesowym<\/li>\n<li>wywieranie wp\u0142ywu<\/li>\n<li>sposoby radzenia z wywieraniem wp\u0142ywu na decyzje biznesowe<\/li>\n<li>zarz\u0105dzanie zespo\u0142em, a decyzje biznesowe<\/li>\n<\/ul>\n<p><strong>Metody walidacji projekt\u00f3w biznesowych (18.12.2023)<br \/>\n<\/strong><strong>Planowane godziny 9:30 &#8211; 15:30<\/strong>&nbsp;<\/p>\n<ul>\n<li>tworzenie modelu biznesowego<\/li>\n<li>budowa persony klienta<\/li>\n<li>analiza otoczenia biznesowego<\/li>\n<li>wprowadzenie do lean startup<\/li>\n<li>budowanie hipotez biznesowych<\/li>\n<li>tworzenie skryptu wywiadu<\/li>\n<li>wnioskowanie i weryfikacja hipotez&nbsp;<\/li>\n<\/ul>\n<hr>\n<div class=\"h3\">Koordynator dzia\u0142ania projektowego<br \/>\nrealizowanego w Politechnice Bia\u0142ostockiej<\/div>\n<p>dr hab. in\u017c. S\u0142awomir Obidzi\u0144ski, prof. PB<br \/>\n<i class=\"fal fa-envelope\"><\/i> <a href=\"#\" rel=\"nofollow\"  onclick=\"this.href='mailto:' + 's.obidzinski' + '@' + 'pb.edu.pl'\">s.obidzinski [at] pb.edu.pl<\/a>\n","protected":false},"excerpt":{"rendered":"<p>Budowa Wirtualnego Akceleratora Komercjalizacji Celem przedsi\u0119wzi\u0119cia jest wykorzystanie potencja\u0142u oraz know\u2013how w zakresie dzia\u0142alno\u015bci B+R trzech uczelni technicznych, specjalizuj\u0105cych si\u0119 w obszarach niezb\u0119dnych do budowy silnego Wirtualnego Akceleratora Komercjalizacji (WAK) w Polsce Wschodniej. O\u015brodek ten ma szans\u0119 sta\u0107 si\u0119 rozpoznawalnym w kraju i w Europie. Jego fundament stanowi\u0107 b\u0119d\u0105 trzy Centra Transferu Technologii ka\u017cdej z [&hellip;]<\/p>\n","protected":false},"author":2,"featured_media":0,"parent":584,"menu_order":2,"comment_status":"closed","ping_status":"closed","template":"","meta":{"_acf_changed":false,"ngg_post_thumbnail":0,"footnotes":""},"class_list":["post-588","page","type-page","status-publish","hentry"],"acf":[],"_links":{"self":[{"href":"https:\/\/pb.edu.pl\/via-carpatia\/wp-json\/wp\/v2\/pages\/588","targetHints":{"allow":["GET"]}}],"collection":[{"href":"https:\/\/pb.edu.pl\/via-carpatia\/wp-json\/wp\/v2\/pages"}],"about":[{"href":"https:\/\/pb.edu.pl\/via-carpatia\/wp-json\/wp\/v2\/types\/page"}],"author":[{"embeddable":true,"href":"https:\/\/pb.edu.pl\/via-carpatia\/wp-json\/wp\/v2\/users\/2"}],"replies":[{"embeddable":true,"href":"https:\/\/pb.edu.pl\/via-carpatia\/wp-json\/wp\/v2\/comments?post=588"}],"version-history":[{"count":0,"href":"https:\/\/pb.edu.pl\/via-carpatia\/wp-json\/wp\/v2\/pages\/588\/revisions"}],"up":[{"embeddable":true,"href":"https:\/\/pb.edu.pl\/via-carpatia\/wp-json\/wp\/v2\/pages\/584"}],"wp:attachment":[{"href":"https:\/\/pb.edu.pl\/via-carpatia\/wp-json\/wp\/v2\/media?parent=588"}],"curies":[{"name":"wp","href":"https:\/\/api.w.org\/{rel}","templated":true}]}}