{"id":586,"date":"2022-12-22T00:20:02","date_gmt":"2022-12-21T23:20:02","guid":{"rendered":"https:\/\/pb.edu.pl\/via-carpatia\/?page_id=586"},"modified":"2024-09-25T14:29:56","modified_gmt":"2024-09-25T12:29:56","slug":"biznak","status":"publish","type":"page","link":"https:\/\/pb.edu.pl\/via-carpatia\/dzialania\/komercjalizacja\/biznak\/","title":{"rendered":"BIZNAK &#8211; rozwijanie i wspieranie aktywno\u015bci komercjalizacyjnej uczni\u00f3w szk\u00f3\u0142 ponadpodstawowych"},"content":{"rendered":"<div class=\"h2\">Kompetencje przydatne na rynku pracy<\/div>\n<p>Celem dzia\u0142ania jest nawi\u0105zanie trwa\u0142ej, systemowej wsp\u00f3\u0142pracy: szk\u00f3\u0142 ponadpodstawowych, politechnik oraz przedsi\u0119biorstw z regionu Via Carpatia.<\/p>\n<div id=\"more\" class=\"collapse\">\nWdro\u017cenie programu ukierunkowanego na wychwytywanie talent\u00f3w u uczni\u00f3w szk\u00f3\u0142 ponadpodstawowych pozwoli reagowa\u0107 na potrzeby przedsi\u0119biorc\u00f3w. Zach\u0119canie m\u0142odzie\u017cy do rozwi\u0105zywania konkretnych problem\u00f3w technicznych, funkcjonalnych, czy technologicznych zg\u0142aszanych przez przedsi\u0119biorstwa, umo\u017cliwi m\u0142odym ludziom zdobywanie praktycznych umiej\u0119tno\u015bci.<\/p>\n<p>Takie innowacyjne podej\u015bcie do budowania dobrych praktyk tr\u00f3jstronnej wsp\u00f3\u0142pracy na wczesnym etapie edukacji spowoduje, \u017ce za kilka lat na rynek pracy wejd\u0105 m\u0142odzi pracownicy, specjalizuj\u0105cy si\u0119 w komercjalizacji efekt\u00f3w bada\u0144 i przekuwaniu ich w u\u017cyteczne rozwi\u0105zania.\n<\/p><\/div>\n<p><a class=\"link\" role=\"button\" href=\"#more\" data-bs-toggle=\"collapse\"><span class=\"more\">wi\u0119cej<\/span><span class=\"less\">mniej<\/span><\/a><\/p>\n<div class=\"h2\">Konkurs \u201eWschodz\u0105cy Innowatorzy\u201d<\/div>\n<p>W ramach programu b\u0119dzie prowadzony cykliczny coroczny <a title=\"Konkurs Wschodz\u0105cy Innowatorzy\" href=\"https:\/\/pb.edu.pl\/via-carpatia\/2022\/12\/19\/konkurs-wschodzacy-innowatorzy\/\">konkurs<\/a> dla uczni\u00f3w, kt\u00f3rzy wykazuj\u0105 tzw. talent praktyczny, rozumiany jako umiej\u0119tno\u015b\u0107 rozwi\u0105zywania problem\u00f3w danego projektu. Konkurs skierowany jest do uczni\u00f3w szk\u00f3\u0142 ponadpodstawowych wojew\u00f3dztw: lubelskiego, podkarpackiego oraz podlaskiego.<\/p>\n<div id=\"more1\" class=\"collapse\">\n<p>Regionalne przedsi\u0119biorstwa zaproszone do wsp\u00f3\u0142pracy, zg\u0142osz\u0105 swoje oczekiwania, dotycz\u0105ce konkretnego zadania, a uczniowie b\u0119d\u0105 pracowa\u0107 nad jego wykonaniem. Uczelnie udost\u0119pni\u0105 uczestnikom konkursu swoje laboratoria, \u0142\u0105cz\u0105c je w konwencji Smart Education.<\/p>\n<p>Komisja konkursowa nagrodzi najbardziej innowacyjne prace, co pozwoli wspiera\u0107 talenty, kt\u00f3re mog\u0105 w przysz\u0142o\u015bci tworzy\u0107 spo\u0142ecznie u\u017cyteczne rozwi\u0105zania.<\/p>\n<p>D\u0142ugofalowym efektem rozwoju programu b\u0119dzie zbudowanie sieci powi\u0105za\u0144 mi\u0119dzynarodowych w zakresie aktywno\u015bci projektowej i komercjalizacyjnej, obejmuj\u0105cej przyk\u0142adowo wsp\u00f3lny udzia\u0142 w Design Factory Global Network.<\/p>\n<\/div>\n<p><a class=\"link\" role=\"button\" href=\"#more1\" data-bs-toggle=\"collapse\"><span class=\"more\">wi\u0119cej<\/span><span class=\"less\">mniej<\/span><\/a><\/p>\n<p>&nbsp;<\/p>\n<div class=\"row\">\n<div class=\"col-sm-4 text-center\">\n<a class=\"button text-center animated zoomIn lead font-500\" style=\"width:100%\" href=\"\/via-carpatia\/dzialania\/komercjalizacja\/biznak\/1-edycja-wschodzacy-innowatorzy\/\">Pierwsza edycja konkursu<\/a>\n<\/div>\n<div class=\"col-sm-4 text-center\">\n<a class=\"button text-center animated zoomIn lead font-500\" style=\"width:100%\" href=\"\/via-carpatia\/dzialania\/komercjalizacja\/biznak\/2-edycja-wschodzacy-innowatorzy\/\">Druga edycja konkursu<\/a>\n<\/div>\n<div class=\"col-sm-4 text-center\">\n<a class=\"button text-center animated zoomIn lead font-500\" style=\"width:100%\" href=\"\/via-carpatia\/dzialania\/komercjalizacja\/biznak\/3-edycja-wschodzacy-innowatorzy\/\">Trzecia edycja konkursu<\/a>\n<\/div>\n<\/div>\n<p>&nbsp;<\/p>\n<p><img loading=\"lazy\" decoding=\"async\" class=\"aligncenter size-full wp-image-716\" style=\"margin: 28px 0\" src=\"https:\/\/pb.edu.pl\/via-carpatia\/wp-content\/uploads\/sites\/92\/2022\/12\/wschodzacy-innowatorzy-logo-slonce-1200x800-1.jpg\" alt=\"Konkurs Wschodz\u0105cy Innowatorzy\" width=\"1200\" height=\"800\" srcset=\"https:\/\/pb.edu.pl\/via-carpatia\/wp-content\/uploads\/sites\/92\/2022\/12\/wschodzacy-innowatorzy-logo-slonce-1200x800-1.jpg 1200w, https:\/\/pb.edu.pl\/via-carpatia\/wp-content\/uploads\/sites\/92\/2022\/12\/wschodzacy-innowatorzy-logo-slonce-1200x800-1-300x200.jpg 300w, https:\/\/pb.edu.pl\/via-carpatia\/wp-content\/uploads\/sites\/92\/2022\/12\/wschodzacy-innowatorzy-logo-slonce-1200x800-1-1024x683.jpg 1024w, https:\/\/pb.edu.pl\/via-carpatia\/wp-content\/uploads\/sites\/92\/2022\/12\/wschodzacy-innowatorzy-logo-slonce-1200x800-1-768x512.jpg 768w, https:\/\/pb.edu.pl\/via-carpatia\/wp-content\/uploads\/sites\/92\/2022\/12\/wschodzacy-innowatorzy-logo-slonce-1200x800-1-480x320.jpg 480w\" sizes=\"auto, (max-width: 1200px) 100vw, 1200px\" \/><\/p>\n<p>&nbsp;<\/p>\n<hr>\n<div class=\"h3\">Koordynator dzia\u0142ania projektowego<br \/>\nrealizowanego w Politechnice Bia\u0142ostockiej<\/div>\n<p>dr in\u017c. Wojciech Trzasko<br \/>\n<i class=\"fal fa-envelope\"><\/i> <a href=\"#\" rel=\"nofollow\"  onclick=\"this.href='mailto:' + 'w.trzasko' + '@' + 'pb.edu.pl'\">w.trzasko [at] pb.edu.pl<\/a>\n","protected":false},"excerpt":{"rendered":"<p>Kompetencje przydatne na rynku pracy Celem dzia\u0142ania jest nawi\u0105zanie trwa\u0142ej, systemowej wsp\u00f3\u0142pracy: szk\u00f3\u0142 ponadpodstawowych, politechnik oraz przedsi\u0119biorstw z regionu Via Carpatia. Wdro\u017cenie programu ukierunkowanego na wychwytywanie talent\u00f3w u uczni\u00f3w szk\u00f3\u0142 ponadpodstawowych pozwoli reagowa\u0107 na potrzeby przedsi\u0119biorc\u00f3w. Zach\u0119canie m\u0142odzie\u017cy do rozwi\u0105zywania konkretnych problem\u00f3w technicznych, funkcjonalnych, czy technologicznych zg\u0142aszanych przez przedsi\u0119biorstwa, umo\u017cliwi m\u0142odym ludziom zdobywanie praktycznych umiej\u0119tno\u015bci. [&hellip;]<\/p>\n","protected":false},"author":2,"featured_media":0,"parent":584,"menu_order":1,"comment_status":"closed","ping_status":"closed","template":"","meta":{"_acf_changed":false,"ngg_post_thumbnail":0,"footnotes":""},"class_list":["post-586","page","type-page","status-publish","hentry"],"acf":[],"_links":{"self":[{"href":"https:\/\/pb.edu.pl\/via-carpatia\/wp-json\/wp\/v2\/pages\/586","targetHints":{"allow":["GET"]}}],"collection":[{"href":"https:\/\/pb.edu.pl\/via-carpatia\/wp-json\/wp\/v2\/pages"}],"about":[{"href":"https:\/\/pb.edu.pl\/via-carpatia\/wp-json\/wp\/v2\/types\/page"}],"author":[{"embeddable":true,"href":"https:\/\/pb.edu.pl\/via-carpatia\/wp-json\/wp\/v2\/users\/2"}],"replies":[{"embeddable":true,"href":"https:\/\/pb.edu.pl\/via-carpatia\/wp-json\/wp\/v2\/comments?post=586"}],"version-history":[{"count":0,"href":"https:\/\/pb.edu.pl\/via-carpatia\/wp-json\/wp\/v2\/pages\/586\/revisions"}],"up":[{"embeddable":true,"href":"https:\/\/pb.edu.pl\/via-carpatia\/wp-json\/wp\/v2\/pages\/584"}],"wp:attachment":[{"href":"https:\/\/pb.edu.pl\/via-carpatia\/wp-json\/wp\/v2\/media?parent=586"}],"curies":[{"name":"wp","href":"https:\/\/api.w.org\/{rel}","templated":true}]}}