{"id":571,"date":"2022-12-22T00:11:15","date_gmt":"2022-12-21T23:11:15","guid":{"rendered":"https:\/\/pb.edu.pl\/via-carpatia\/?page_id=571"},"modified":"2024-05-06T22:13:55","modified_gmt":"2024-05-06T20:13:55","slug":"iskra","status":"publish","type":"page","link":"https:\/\/pb.edu.pl\/via-carpatia\/dzialania\/nauka\/iskra\/","title":{"rendered":"Iskra &#8211; budowanie mi\u0119dzyuczelnianych zespo\u0142\u00f3w badawczych"},"content":{"rendered":"<div class=\"h2\">Konkurs na granty<\/div>\n<p>Jednym z planowanych dzia\u0142a\u0144 jest konkurs na granty, realizowane przez mi\u0119dzyuczelniane zespo\u0142y badawcze, zako\u0144czone wsp\u00f3lnymi wysoko punktowanymi publikacjami.<\/p>\n<p>Po\u0142\u0105czenie potencja\u0142\u00f3w trzech uczelni technicznych przyczyni si\u0119 do zwi\u0119kszenia konkurencyjno\u015bci oraz rozpoznawalno\u015bci nauki polskiej. To b\u0119dzie przys\u0142owiowa iskra, kt\u00f3ra pobudzi rozw\u00f3j rodzimej my\u015bli technicznej.<\/p>\n<p>Wykorzystanie efektu synergii podniesie r\u00f3wnie\u017c jako\u015b\u0107 i innowacyjno\u015b\u0107 bada\u0144 naukowych, w szczeg\u00f3lno\u015bci tych uznanych za istotne dla rozwoju spo\u0142eczno-gospodarczego.<\/p>\n<div class=\"h2\">Rozw\u00f3j spo\u0142eczno-gospodarczy<\/div>\n<p>Wsp\u00f3\u0142praca mi\u0119dzyuczelnianych zespo\u0142\u00f3w badawczych z Politechnicznej Sieci Via Carpatia pozwoli realizowa\u0107 strategiczne badania naukowe na poziomie prezentowanym przez wiod\u0105ce o\u015brodki zagraniczne i usprawni ich komercjalizacj\u0119, co bezpo\u015brednio prze\u0142o\u017cy si\u0119 na podniesienie ich u\u017cyteczno\u015bci spo\u0142ecznej. Wdro\u017cenia do przemys\u0142u przynios\u0105 realne efekty, kt\u00f3re wp\u0142yn\u0105 na popraw\u0119 jako\u015bci \u017cycia obywateli. <\/p>\n<p>Innowacyjne rozwi\u0105zania IT, nowatorskie technologie przemys\u0142owe, nowe metody leczenia kt\u00f3re powstan\u0105 w Polsce Wschodniej, przyczyni\u0105 si\u0119 do wyr\u00f3wnania obecnych dysproporcji  mi\u0119dzyregionalnych.<\/p>\n<p><img loading=\"lazy\" decoding=\"async\" src=\"https:\/\/pb.edu.pl\/via-carpatia\/wp-content\/uploads\/sites\/92\/2023\/02\/Iskra-1200x800-1.jpg\" alt=\"konkurs \u201eIskra \u2013 budowanie mi\u0119dzyuczelnianych zespo\u0142\u00f3w badawczych\u201d\" width=\"1200\" height=\"800\" class=\"alignnone size-full wp-image-1002\" srcset=\"https:\/\/pb.edu.pl\/via-carpatia\/wp-content\/uploads\/sites\/92\/2023\/02\/Iskra-1200x800-1.jpg 1200w, https:\/\/pb.edu.pl\/via-carpatia\/wp-content\/uploads\/sites\/92\/2023\/02\/Iskra-1200x800-1-300x200.jpg 300w, https:\/\/pb.edu.pl\/via-carpatia\/wp-content\/uploads\/sites\/92\/2023\/02\/Iskra-1200x800-1-1024x683.jpg 1024w, https:\/\/pb.edu.pl\/via-carpatia\/wp-content\/uploads\/sites\/92\/2023\/02\/Iskra-1200x800-1-768x512.jpg 768w, https:\/\/pb.edu.pl\/via-carpatia\/wp-content\/uploads\/sites\/92\/2023\/02\/Iskra-1200x800-1-480x320.jpg 480w\" sizes=\"auto, (max-width: 1200px) 100vw, 1200px\" \/><\/p>\n<div class=\"h2\">Konkurs \u201eISKRA \u2013 budowanie mi\u0119dzyuczelnianych zespo\u0142\u00f3w badawczych\u201d<\/div>\n<p><a href=\"https:\/\/pb.edu.pl\/via-carpatia\/2023\/02\/07\/konkurs-iskra-budowanie-miedzyuczelnianych-zespolow-badawczych\/\">Szczeg\u00f3\u0142y dotycz\u0105ce Konkursu \u201eISKRA \u2013 budowanie mi\u0119dzyuczelnianych zespo\u0142\u00f3w badawczych\u201d<\/a><br \/>\n&nbsp;<\/p>\n<p>Przed przyst\u0105pieniem do konkursu nale\u017cy zapozna\u0107 si\u0119 z tre\u015bci\u0105<br \/>\n<a class=\"pdf\" href=\"https:\/\/pb.edu.pl\/via-carpatia\/wp-content\/uploads\/sites\/92\/2023\/01\/Zarzadzenienr9zzal.wersjadostepna.pdf\" target=\"_blank\" rel=\"noopener\">Zarz\u0105dzenia Nr 9\/2023 Rektora Politechniki Bia\u0142ostockiej z dnia 23 stycznia 2023 roku w sprawie og\u0142oszenia konkursu pn. \u201eISKRA \u2013 budowanie mi\u0119dzyuczelnianych zespo\u0142\u00f3w badawczych\u201d oraz naboru wniosk\u00f3w w konkursie \u2013 w ramach zadania zleconego pn. \u201ePolitechniczna Sie\u0107 VIA CARPATIA im. Prezydenta RP Lecha Kaczy\u0144skiego\u201d finansowanego z dotacji celowej Ministra Edukacji i Nauki nr umowy MEiN\/2022\/DPI\/2577 dzia\u0142anie 7 \u201eISKRA &#8211; budowanie mi\u0119dzyuczelnianych zespo\u0142\u00f3w badawczych\u201d (PDF, 385 KB, otworzy si\u0119 w nowej karcie)<\/a><br \/>\n&nbsp;<\/p>\n<p><a class=\"pdf\" href=\"https:\/\/pb.edu.pl\/via-carpatia\/wp-content\/uploads\/sites\/92\/2024\/05\/Regulamin_konkursu_ISKRA_tekst_ujednolicony.pdf\" target=\"_blank\" rel=\"noopener\">Regulamin konkursu pn. ISKRA \u2013 budowanie mi\u0119dzyuczelnianych zespo\u0142\u00f3w badawczych &#8211; Tekst ujednolicony zawieraj\u0105cy zmiany wprowadzone Zarz\u0105dzeniem Nr 19\/2023, 41\/2024 (PDF, 515 KB, otworzy si\u0119 w nowej karcie)<\/a><\/p>\n<p><a class=\"pdf\" href=\"https:\/\/pb.edu.pl\/via-carpatia\/wp-content\/uploads\/sites\/92\/2024\/05\/Zarzadzenie_nr_41_w_sprawie_zmiany_w_Regulaminach_ISKRA_PO_SASIEDZKU_NAUKOLATEK_wersja_dost._cyfrowo.pdf\" target=\"_blank\" rel=\"noopener\">Zarz\u0105dzenie nr 41\/2024 Rektora Politechniki Bia\u0142ostockiej w sprawie zmian niekt\u00f3rych zarz\u0105dze\u0144 Rektora Politechniki Bia\u0142ostockiej (PDF, 93 KB, otworzy si\u0119 w nowej karcie)<\/a><br \/>\n&nbsp;<\/p>\n<hr>\n<div class=\"h3\">Koordynator dzia\u0142ania projektowego<br \/>\nrealizowanego w Politechnice Bia\u0142ostockiej<\/div>\n<p>mgr in\u017c. Salwina Barbara Kieliszek<br \/>\n <i class=\"fal fa-envelope\"><\/i> <a href=\"#\" rel=\"nofollow\"  onclick=\"this.href='mailto:' + 'b.kieliszek' + '@' + 'pb.edu.pl'\">b.kieliszek [at] pb.edu.pl<\/a>\n","protected":false},"excerpt":{"rendered":"<p>Konkurs na granty Jednym z planowanych dzia\u0142a\u0144 jest konkurs na granty, realizowane przez mi\u0119dzyuczelniane zespo\u0142y badawcze, zako\u0144czone wsp\u00f3lnymi wysoko punktowanymi publikacjami. Po\u0142\u0105czenie potencja\u0142\u00f3w trzech uczelni technicznych przyczyni si\u0119 do zwi\u0119kszenia konkurencyjno\u015bci oraz rozpoznawalno\u015bci nauki polskiej. To b\u0119dzie przys\u0142owiowa iskra, kt\u00f3ra pobudzi rozw\u00f3j rodzimej my\u015bli technicznej. Wykorzystanie efektu synergii podniesie r\u00f3wnie\u017c jako\u015b\u0107 i innowacyjno\u015b\u0107 bada\u0144 naukowych, [&hellip;]<\/p>\n","protected":false},"author":2,"featured_media":0,"parent":565,"menu_order":3,"comment_status":"closed","ping_status":"closed","template":"","meta":{"_acf_changed":false,"ngg_post_thumbnail":0,"footnotes":""},"class_list":["post-571","page","type-page","status-publish","hentry"],"acf":[],"_links":{"self":[{"href":"https:\/\/pb.edu.pl\/via-carpatia\/wp-json\/wp\/v2\/pages\/571","targetHints":{"allow":["GET"]}}],"collection":[{"href":"https:\/\/pb.edu.pl\/via-carpatia\/wp-json\/wp\/v2\/pages"}],"about":[{"href":"https:\/\/pb.edu.pl\/via-carpatia\/wp-json\/wp\/v2\/types\/page"}],"author":[{"embeddable":true,"href":"https:\/\/pb.edu.pl\/via-carpatia\/wp-json\/wp\/v2\/users\/2"}],"replies":[{"embeddable":true,"href":"https:\/\/pb.edu.pl\/via-carpatia\/wp-json\/wp\/v2\/comments?post=571"}],"version-history":[{"count":0,"href":"https:\/\/pb.edu.pl\/via-carpatia\/wp-json\/wp\/v2\/pages\/571\/revisions"}],"up":[{"embeddable":true,"href":"https:\/\/pb.edu.pl\/via-carpatia\/wp-json\/wp\/v2\/pages\/565"}],"wp:attachment":[{"href":"https:\/\/pb.edu.pl\/via-carpatia\/wp-json\/wp\/v2\/media?parent=571"}],"curies":[{"name":"wp","href":"https:\/\/api.w.org\/{rel}","templated":true}]}}