{"id":569,"date":"2022-12-22T00:10:45","date_gmt":"2022-12-21T23:10:45","guid":{"rendered":"https:\/\/pb.edu.pl\/via-carpatia\/?page_id=569"},"modified":"2025-04-09T14:30:19","modified_gmt":"2025-04-09T12:30:19","slug":"po-sasiedzku","status":"publish","type":"page","link":"https:\/\/pb.edu.pl\/via-carpatia\/dzialania\/nauka\/po-sasiedzku\/","title":{"rendered":"Po s\u0105siedzku &#8211; mi\u0119dzyuczelniane sta\u017ce badawcze i wizyty studyjne"},"content":{"rendered":"<div class=\"h2\">Wsp\u00f3\u0142praca i wymiana do\u015bwiadcze\u0144<\/div>\n<p>Dzi\u0119ki wsp\u00f3\u0142pracy z otoczeniem spo\u0142eczno-gospodarczym, realizacji pionierskich bada\u0144 naukowych i komercjalizacji \u2013 Politechniki tworz\u0105ce Politechniczn\u0105 Sie\u0107 Via Carpatia b\u0119d\u0105 mog\u0142y realizowa\u0107 misj\u0119 rozwoju Polski Wschodniej.<\/p>\n<p>Do osi\u0105gni\u0119cia tego celu niezb\u0119dne b\u0119dzie powo\u0142anie mi\u0119dzyuczelnianego, wielopoziomowego systemu, w ramach kt\u00f3rego b\u0119d\u0105 prowadzone: mi\u0119dzyuczelniane sta\u017ce badawcze, wizyty studyjne i wyk\u0142ady wybitnych naukowc\u00f3w. System ten umo\u017cliwi uczelniom wymian\u0119 swoich zasob\u00f3w oraz przenikanie si\u0119 potencja\u0142\u00f3w.<\/p>\n<p>Wzajemne korzystanie z dobrodziejstw s\u0105siaduj\u0105cych ze sob\u0105 jednostek naukowych, maj\u0105cych zbli\u017cone cele naukowe, podniesie nie tylko jako\u015b\u0107 polskiej nauki, ale wp\u0142ynie te\u017c na post\u0119p w wielu dziedzinach \u017cycia spo\u0142ecznego.<br \/>\n&nbsp;<\/p>\n<p><img loading=\"lazy\" decoding=\"async\" class=\"alignnone size-full wp-image-985\" src=\"https:\/\/pb.edu.pl\/via-carpatia\/wp-content\/uploads\/sites\/92\/2023\/02\/po-sasiedzku-1200x800-1.jpg\" alt=\"Konkurs \u201ePO S\u0104SIEDZKU \u2013 mi\u0119dzyuczelniane sta\u017ce badawcze\u201d\" width=\"1200\" height=\"800\" srcset=\"https:\/\/pb.edu.pl\/via-carpatia\/wp-content\/uploads\/sites\/92\/2023\/02\/po-sasiedzku-1200x800-1.jpg 1200w, https:\/\/pb.edu.pl\/via-carpatia\/wp-content\/uploads\/sites\/92\/2023\/02\/po-sasiedzku-1200x800-1-300x200.jpg 300w, https:\/\/pb.edu.pl\/via-carpatia\/wp-content\/uploads\/sites\/92\/2023\/02\/po-sasiedzku-1200x800-1-1024x683.jpg 1024w, https:\/\/pb.edu.pl\/via-carpatia\/wp-content\/uploads\/sites\/92\/2023\/02\/po-sasiedzku-1200x800-1-768x512.jpg 768w, https:\/\/pb.edu.pl\/via-carpatia\/wp-content\/uploads\/sites\/92\/2023\/02\/po-sasiedzku-1200x800-1-480x320.jpg 480w\" sizes=\"auto, (max-width: 1200px) 100vw, 1200px\" \/><\/p>\n<div class=\"h2\">Konkurs \u201ePO S\u0104SIEDZKU \u2013 mi\u0119dzyuczelniane sta\u017ce badawcze\u201d<\/div>\n<p><a href=\"https:\/\/pb.edu.pl\/via-carpatia\/2023\/02\/02\/konkurs-po-sasiedzku-miedzyuczelniane-staze-badawcze\/\">Szczeg\u00f3\u0142y dotycz\u0105ce pierwszej edycji Konkursu \u201ePO S\u0104SIEDZKU \u2013 mi\u0119dzyuczelniane sta\u017ce badawcze\u201d<\/a><\/p>\n<p>Przed przyst\u0105pieniem do konkursu nale\u017cy zapozna\u0107 si\u0119 z tre\u015bci\u0105<br \/>\n<a class=\"pdf\" href=\"https:\/\/pb.edu.pl\/via-carpatia\/wp-content\/uploads\/sites\/92\/2023\/02\/Regulamin_konkursu_Po-sasiedzku_wersjadost.cyfrowo.pdf\" target=\"_blank\" rel=\"noopener\">Regulaminu konkursu np. \u201ePO S\u0104SIEDZKU \u2013 mi\u0119dzyuczelniane sta\u017ce badawcze\u201d (PDF, 463 KB, otworzy si\u0119 w nowej karcie)<\/a><\/p>\n<p><a class=\"pdf\" href=\"https:\/\/pb.edu.pl\/via-carpatia\/wp-content\/uploads\/sites\/92\/2023\/06\/Zarzadzenie_nr_59_PO_sasiedzku_zmiana-zarzadzenia-Regulamin-konkursu-Po-Sasiedzku.pdf\" target=\"_blank\" rel=\"noopener\">Zmiany do Regulaminu konkursu np. \u201ePO S\u0104SIEDZKU \u2013 mi\u0119dzyuczelniane sta\u017ce badawcze\u201d (PDF, 109 KB, otworzy si\u0119 w nowej karcie)<\/a><\/p>\n<p><a class=\"pdf\" href=\"https:\/\/pb.edu.pl\/via-carpatia\/wp-content\/uploads\/sites\/92\/2023\/10\/Zarzadzenie-nr-78-wersja-dostepna.pdf\" target=\"_blank\" rel=\"noopener\" data-id=\"1988\">Zarz\u0105dzenie Nr 78\/2023 Rektora Politechniki Bia\u0142ostockiej z dnia 1 sierpnia 2023 roku w sprawie zmiany zarz\u0105dzenia w sprawie wprowadzenia w \u017cycie Regulaminu konkursu pn. \u201ePo S\u0105siedzku \u2013 mi\u0119dzyuczelniane sta\u017ce badawcze\u201d, og\u0142oszenia i terminu naboru do pierwszej edycji konkursu (PDF, 112 KB, otworzy si\u0119 w nowej karcie)<\/a><br \/>\n&nbsp;<\/p>\n<div class=\"h2\">Druga edycja konkursu \u201ePO S\u0104SIEDZKU \u2013 mi\u0119dzyuczelniane sta\u017ce badawcze\u201d<\/div>\n<p><a href=\"https:\/\/pb.edu.pl\/via-carpatia\/2023\/06\/22\/konkurs-po-sasiedzku-miedzyuczelniane-staze-badawcze-druga-edycja\/\">Szczeg\u00f3\u0142y dotycz\u0105ce drugiej edycji Konkursu \u201ePO S\u0104SIEDZKU \u2013 mi\u0119dzyuczelniane sta\u017ce badawcze\u201d<\/a><\/p>\n<p><a class=\"pdf\" href=\"https:\/\/pb.edu.pl\/via-carpatia\/wp-content\/uploads\/sites\/92\/2023\/06\/Zarzadzenie_nr_63_PO_Sasiedzku_ogloszenie_naboru.pdf\" target=\"_blank\" rel=\"noopener\">Og\u0142oszenie terminu naboru do drugiej edycji Konkursu \u201ePO S\u0104SIEDZKU \u2013 mi\u0119dzyuczelniane sta\u017ce badawcze\u201d (PDF, 100 KB, otworzy si\u0119 w nowej karcie)<\/a><\/p>\n<p><a class=\"pdf\" href=\"https:\/\/pb.edu.pl\/via-carpatia\/wp-content\/uploads\/sites\/92\/2023\/06\/Zarzadzenie_nr_67_Po_sasiedzku_zmiana_terminu_wersja_dostepna.pdf\" target=\"_blank\" rel=\"noopener\">Zmiana terminu naboru do drugiej edycji Konkursu \u201ePO S\u0104SIEDZKU \u2013 mi\u0119dzyuczelniane sta\u017ce badawcze\u201d (PDF, 190 KB, otworzy si\u0119 w nowej karcie)<\/a><br \/>\n&nbsp;<\/p>\n<div class=\"h2\">Trzecia edycja konkursu \u201ePO S\u0104SIEDZKU \u2013 mi\u0119dzyuczelniane sta\u017ce badawcze\u201d<\/div>\n<p><a href=\"https:\/\/pb.edu.pl\/via-carpatia\/2024\/04\/10\/konkurs-po-sasiedzku-miedzyuczelniane-staze-badawcze-trzecia-edycja\/\">Szczeg\u00f3\u0142y dotycz\u0105ce naboru wniosk\u00f3w do trzeciej edycji konkursu pn. \u201ePO SASIEDZKU \u2013 mi\u0119dzyuczelniane sta\u017ce badawcze\u201d<\/a><\/p>\n<p><a class=\"pdf\" href=\"https:\/\/pb.edu.pl\/via-carpatia\/wp-content\/uploads\/sites\/92\/2024\/04\/Zarzadzenie_nr_34_wer_dostepna_ogloszenie_terminu_naboru__do_trzeciej_edycji_konkursu_Po_sasiedzku.pdf\" target=\"_blank\" rel=\"noopener\">Zarz\u0105dzenie nr 34\/2024 w sprawie og\u0142oszenia terminu naboru do trzeciej edycji konkursu pn. \u201ePO S\u0104SIEDZKU \u2013 mi\u0119dzyuczelniane sta\u017ce badawcze\u201d (PDF, 35 KB, otworzy si\u0119 w nowej karcie)<\/a><\/p>\n<p><a class=\"pdf\" href=\"https:\/\/pb.edu.pl\/via-carpatia\/wp-content\/uploads\/sites\/92\/2024\/04\/REGULAMIN-konkursu-pn.-PO-SASIEDZKU-miedzyuczelniane-staze-badawcze.pdf\" target=\"_blank\" rel=\"noopener\">Regulamin konkursu \u201ePO S\u0104SIEDZKU \u2013 mi\u0119dzyuczelniane sta\u017ce badawcze\u201d \u2013 Za\u0142\u0105cznik do Zarz\u0105dzenia nr 12\/2023 ze zmianami w Zarz\u0105dzeniu Nr 59\/2023 Rektora PB (PDF, 35 KB, otworzy si\u0119 w nowej karcie)<\/a><\/p>\n<p><a class=\"doc\" title=\"pobierz plik\" href=\"https:\/\/pb.edu.pl\/via-carpatia\/wp-content\/uploads\/sites\/92\/2023\/02\/Zalacznik_1_do_Regulaminu_konkursu_Po-sasiedzku_Wzor-wniosku.docx\">Za\u0142\u0105cznik nr 1 do Regulaminu &#8211; Wz\u00f3r wniosku na sta\u017c badawczy (DOCX, 312 KB)<\/a><\/p>\n<p><a class=\"pdf\" title=\"pobierz plik\" href=\"https:\/\/pb.edu.pl\/via-carpatia\/wp-content\/uploads\/sites\/92\/2024\/04\/Zalacznik_nr_2_do_Regulaminu_konkursu_pn_PO-SASIEDZKU-miedzyuczelniane-staze-badawcze_Wzor-umowy-stazowej.pdf\">Za\u0142\u0105cznik nr 2 do Regulaminu &#8211; Wz\u00f3r umowy sta\u017cowej (PDF, 284 KB)<\/a><\/p>\n<p><a class=\"doc\" title=\"pobierz plik\" href=\"https:\/\/pb.edu.pl\/via-carpatia\/wp-content\/uploads\/sites\/92\/2023\/02\/Zalacznik_3_do_Regulaminu_konkursu_Po-sasiedzku_Wzor-sprawozdania-koncowego-ze-stazu.docx\">Za\u0142\u0105cznik nr 3 do Regulaminu &#8211; Wz\u00f3r sprawozdania ko\u0144cowego ze sta\u017cu (DOCX, 307 KB)<\/a><\/p>\n<p><a class=\"pdf\" title=\"pobierz plik\" href=\"https:\/\/pb.edu.pl\/via-carpatia\/wp-content\/uploads\/sites\/92\/2023\/03\/Klauzula-informacyjna-RODO-Konkurs-PO-SASIEDZKU.pdf\">Klauzula informacyjna (PDF, 231 KB)<\/a><br \/>\n&nbsp;<\/p>\n<hr>\n<p><a class=\"pdf\" title=\"pobierz plik\" href=\"https:\/\/pb.edu.pl\/via-carpatia\/wp-content\/uploads\/sites\/92\/2024\/05\/Regulamin_konkursu_PO_SASIEDZKU_tekst_ujednolicony.pdf\">Regulamin konkursu pn. \u201ePO S\u0104SIEDZKU \u2013 mi\u0119dzyuczelniane sta\u017ce badawcze\u201d &#8211; Tekst ujednolicony z dnia 26 kwietnia 2024 zwieraj\u0105cy zmiany wprowadzone Zarz\u0105dzeniem Nr 59\/2023, 78\/2023, 41\/2024 (PDF, 231 KB)<\/a><\/p>\n<p><a class=\"doc\" title=\"pobierz plik\" href=\"https:\/\/pb.edu.pl\/via-carpatia\/wp-content\/uploads\/sites\/92\/2024\/05\/Zalacznik-nr-1-do-Regulaminu-Wzor-wniosku-na-staz-badawczy-v2.docx\">Za\u0142\u0105cznik nr 1 do Regulaminu &#8211; Wz\u00f3r wniosku na sta\u017c badawczy (DOCX, 239 KB)<\/a><\/p>\n<p><a class=\"doc\" title=\"pobierz plik\" href=\"https:\/\/pb.edu.pl\/via-carpatia\/wp-content\/uploads\/sites\/92\/2024\/05\/Zalacznik-nr-2-do-Regulaminu-Wzor-umowy-stazowej-v2.docx\">Za\u0142\u0105cznik nr 2 do Regulaminu &#8211; Wz\u00f3r umowy sta\u017cowej (DOCX, 240 KB)<\/a><\/p>\n<p><a class=\"doc\" title=\"pobierz plik\" href=\"https:\/\/pb.edu.pl\/via-carpatia\/wp-content\/uploads\/sites\/92\/2024\/05\/Zalacznik-nr-3-do-Regulaminu-Wzor-sprawozdania-koncowego-ze-stazu-badawczego-v2.docx\">Za\u0142\u0105cznik nr 3 do Regulaminu &#8211; Wz\u00f3r sprawozdania ko\u0144cowego ze sta\u017cu (DOCX, 234 KB)<\/a><\/p>\n<p><a class=\"pdf\" href=\"https:\/\/pb.edu.pl\/via-carpatia\/wp-content\/uploads\/sites\/92\/2024\/05\/Zarzadzenie_nr_41_w_sprawie_zmiany_w_Regulaminach_ISKRA_PO_SASIEDZKU_NAUKOLATEK_wersja_dost._cyfrowo.pdf\" target=\"_blank\" rel=\"noopener\">Zarz\u0105dzenie nr 41\/2024 Rektora Politechniki Bia\u0142ostockiej w sprawie zmian niekt\u00f3rych zarz\u0105dze\u0144 Rektora Politechniki Bia\u0142ostockiej (PDF, 93 KB, otworzy si\u0119 w nowej karcie)<\/a><br \/>\n&nbsp;<\/p>\n<div class=\"h2\">Czwarta edycja konkursu \u201ePO S\u0104SIEDZKU \u2013 mi\u0119dzyuczelniane sta\u017ce badawcze\u201d<\/div>\n<p><a class=\"pdf\" href=\"https:\/\/pb.edu.pl\/via-carpatia\/wp-content\/uploads\/sites\/92\/2024\/05\/Zarzadzenie_nr_44_Po_sasiedzku_ogloszenie_czwartej_edycji_konkursu_wersja_dostep.pdf\" target=\"_blank\" rel=\"noopener\">Zarz\u0105dzenie nr 44\/2024 Rektora Politechniki Bia\u0142ostockiej w sprawie og\u0142oszenia terminu naboru do czwartej edycji konkursu pn. \u201ePo S\u0105siedzku \u2013 mi\u0119dzyuczelniane sta\u017ce badawcze\u201d (PDF, 48 KB, otworzy si\u0119 w nowej karcie)<\/a><br \/>\n&nbsp;<\/p>\n<div class=\"h2\">Pi\u0105ta edycja konkursu \u201ePO S\u0104SIEDZKU \u2013 mi\u0119dzyuczelniane sta\u017ce badawcze\u201d<\/div>\n<p><a href=\"https:\/\/bip.pb.edu.pl\/?event=informacja&amp;id=21884\">Zarz\u0105dzenie nr 3\/2025 Rektora Politechniki Bia\u0142ostockiej z dnia 17 stycznia 2025 roku w sprawie og\u0142oszenia terminu naboru wniosk\u00f3w do pi\u0105tej edycji konkursu pn. \u201ePO S\u0104SIEDZKU \u2013 mi\u0119dzyuczelniane sta\u017ce badawcze<\/a><\/p>\n<p><a class=\"pdf\" href=\"https:\/\/pb.edu.pl\/via-carpatia\/wp-content\/uploads\/sites\/92\/2024\/05\/Regulamin_konkursu_PO_SASIEDZKU_tekst_ujednolicony.pdf\" target=\"_blank\" rel=\"noopener\" data-id=\"3082\">Regulamin konkursu pn. \u201ePO S\u0104SIEDZKU \u2013 mi\u0119dzyuczelniane sta\u017ce badawcze\u201d \u2013 Tekst ujednolicony z dnia 26 kwietnia 2024 zwieraj\u0105cy zmiany wprowadzone Zarz\u0105dzeniem Nr 59\/2023, 78\/2023, 41\/2024 (PDF, 384 KB, otworzy si\u0119 w nowej karcie)<\/a><\/p>\n<p><a class=\"doc\" title=\"pobierz plik\" href=\"https:\/\/pb.edu.pl\/via-carpatia\/wp-content\/uploads\/sites\/92\/2024\/05\/Zalacznik-nr-1-do-Regulaminu-Wzor-wniosku-na-staz-badawczy-v2.docx\">Za\u0142\u0105cznik nr 1 do Regulaminu &#8211; Wz\u00f3r wniosku na sta\u017c badawczy (DOCX, 239 KB)<\/a><\/p>\n<p><a class=\"doc\" title=\"pobierz plik\" href=\"https:\/\/pb.edu.pl\/via-carpatia\/wp-content\/uploads\/sites\/92\/2024\/05\/Zalacznik-nr-2-do-Regulaminu-Wzor-umowy-stazowej-v2.docx\">Za\u0142\u0105cznik nr 2 do Regulaminu &#8211; Wz\u00f3r umowy sta\u017cowej (DOCX, 240 KB)<\/a><\/p>\n<p><a class=\"doc\" title=\"pobierz plik\" href=\"https:\/\/pb.edu.pl\/via-carpatia\/wp-content\/uploads\/sites\/92\/2024\/05\/Zalacznik-nr-3-do-Regulaminu-Wzor-sprawozdania-koncowego-ze-stazu-badawczego-v2.docx\">Za\u0142\u0105cznik nr 3 do Regulaminu &#8211; Wz\u00f3r sprawozdania ko\u0144cowego ze sta\u017cu (DOCX, 234 KB)<\/a><br \/>\n&nbsp;<\/p>\n<div class=\"h2\">Sz\u00f3sta edycja konkursu \u201ePO S\u0104SIEDZKU \u2013 mi\u0119dzyuczelniane sta\u017ce badawcze\u201d<\/div>\n<p><a href=\"https:\/\/bip.pb.edu.pl\/index.php?event=informacja&amp;id=21983\">Zarz\u0105dzenie nr 17\/2025 Rektora Politechniki Bia\u0142ostockiej z dnia 3 marca 2025 roku w sprawie og\u0142oszenia terminu naboru wniosk\u00f3w do sz\u00f3stej edycji konkursu pn. \u201ePO S\u0104SIEDZKU \u2013 mi\u0119dzyuczelniane sta\u017ce badawcze&#8221;<\/a><\/p>\n<p><a title=\"\" href=\"https:\/\/pb.edu.pl\/via-carpatia\/wp-content\/uploads\/sites\/92\/2025\/03\/Regulamin_konkursu_PO_SASIEDZKU_tekst_ujednolicony.pdf\">Regulamin konkursu PO S\u0104SIEDZKU &#8211; Tekst ujednolicony z dnia 26 kwietnia 2024 zwieraj\u0105cy zmiany wprowadzone Zarz\u0105dzeniem Nr 59\/2023, 78\/2023, 41\/2024 (PDF, 384 KB, otworzy si\u0119 w nowej karcie)<\/a><\/p>\n<p><a class=\"doc\" title=\"pobierz plik\" href=\"https:\/\/pb.edu.pl\/via-carpatia\/wp-content\/uploads\/sites\/92\/2024\/05\/Zalacznik-nr-1-do-Regulaminu-Wzor-wniosku-na-staz-badawczy-v2.docx\">Za\u0142\u0105cznik nr 1 do Regulaminu &#8211; Wz\u00f3r wniosku na sta\u017c badawczy (DOCX, 239 KB)<\/a><\/p>\n<p><a class=\"doc\" title=\"pobierz plik\" href=\"https:\/\/pb.edu.pl\/via-carpatia\/wp-content\/uploads\/sites\/92\/2025\/04\/Zalacznik-nr-2-do-Regulaminu-Wzor-umowy-stazowej-3.docx\">Za\u0142\u0105cznik nr 2 do Regulaminu &#8211; Wz\u00f3r umowy sta\u017cowej (DOCX, 240 KB)<\/a><\/p>\n<p><a class=\"doc\" title=\"pobierz plik\" href=\"https:\/\/pb.edu.pl\/via-carpatia\/wp-content\/uploads\/sites\/92\/2025\/04\/Zalacznik-nr-3-do-Regulaminu-Wzor-sprawozdania-koncowego-ze-stazu.docx\">Za\u0142\u0105cznik nr 3 do Regulaminu &#8211; Wz\u00f3r sprawozdania ko\u0144cowego ze sta\u017cu (DOCX, 234 KB)<\/a><br \/>\n&nbsp;<\/p>\n<hr>\n<div class=\"h3\">Koordynator dzia\u0142ania projektowego<br \/>\nrealizowanego w Politechnice Bia\u0142ostockiej<\/div>\n<p>mgr in\u017c. Salwina Barbara Kieliszek<br \/>\n<i class=\"fal fa-envelope\"><\/i> <a href=\"#\" rel=\"nofollow\"  onclick=\"this.href='mailto:' + 'b.kieliszek' + '@' + 'pb.edu.pl'\">b.kieliszek [at] pb.edu.pl<\/a>\n","protected":false},"excerpt":{"rendered":"<p>Wsp\u00f3\u0142praca i wymiana do\u015bwiadcze\u0144 Dzi\u0119ki wsp\u00f3\u0142pracy z otoczeniem spo\u0142eczno-gospodarczym, realizacji pionierskich bada\u0144 naukowych i komercjalizacji \u2013 Politechniki tworz\u0105ce Politechniczn\u0105 Sie\u0107 Via Carpatia b\u0119d\u0105 mog\u0142y realizowa\u0107 misj\u0119 rozwoju Polski Wschodniej. Do osi\u0105gni\u0119cia tego celu niezb\u0119dne b\u0119dzie powo\u0142anie mi\u0119dzyuczelnianego, wielopoziomowego systemu, w ramach kt\u00f3rego b\u0119d\u0105 prowadzone: mi\u0119dzyuczelniane sta\u017ce badawcze, wizyty studyjne i wyk\u0142ady wybitnych naukowc\u00f3w. System ten [&hellip;]<\/p>\n","protected":false},"author":2,"featured_media":0,"parent":565,"menu_order":2,"comment_status":"closed","ping_status":"closed","template":"","meta":{"_acf_changed":false,"ngg_post_thumbnail":0,"footnotes":""},"class_list":["post-569","page","type-page","status-publish","hentry"],"acf":[],"_links":{"self":[{"href":"https:\/\/pb.edu.pl\/via-carpatia\/wp-json\/wp\/v2\/pages\/569","targetHints":{"allow":["GET"]}}],"collection":[{"href":"https:\/\/pb.edu.pl\/via-carpatia\/wp-json\/wp\/v2\/pages"}],"about":[{"href":"https:\/\/pb.edu.pl\/via-carpatia\/wp-json\/wp\/v2\/types\/page"}],"author":[{"embeddable":true,"href":"https:\/\/pb.edu.pl\/via-carpatia\/wp-json\/wp\/v2\/users\/2"}],"replies":[{"embeddable":true,"href":"https:\/\/pb.edu.pl\/via-carpatia\/wp-json\/wp\/v2\/comments?post=569"}],"version-history":[{"count":0,"href":"https:\/\/pb.edu.pl\/via-carpatia\/wp-json\/wp\/v2\/pages\/569\/revisions"}],"up":[{"embeddable":true,"href":"https:\/\/pb.edu.pl\/via-carpatia\/wp-json\/wp\/v2\/pages\/565"}],"wp:attachment":[{"href":"https:\/\/pb.edu.pl\/via-carpatia\/wp-json\/wp\/v2\/media?parent=569"}],"curies":[{"name":"wp","href":"https:\/\/api.w.org\/{rel}","templated":true}]}}