{"id":567,"date":"2022-12-22T00:10:08","date_gmt":"2022-12-21T23:10:08","guid":{"rendered":"https:\/\/pb.edu.pl\/via-carpatia\/?page_id=567"},"modified":"2024-04-29T08:24:59","modified_gmt":"2024-04-29T06:24:59","slug":"naukolatek","status":"publish","type":"page","link":"https:\/\/pb.edu.pl\/via-carpatia\/dzialania\/nauka\/naukolatek\/","title":{"rendered":"&#8222;NAUKOLATEK&#8221; &#8211; Nastoletni Naukowiec"},"content":{"rendered":"<div class=\"h2\">Wspieramy zdolnych uczni\u00f3w! Zapraszamy do wsp\u00f3\u0142pracy szko\u0142y ponadpodstawowe!<\/div>\n<p>Uczelnie tworz\u0105ce Politechniczn\u0105 Sie\u0107 Via Carpatia chc\u0105 wspiera\u0107 utalentowanych uczni\u00f3w, w\u0142\u0105czaj\u0105c ich w rozw\u00f3j polskiej nauki i wojew\u00f3dztw Polski Wschodniej.<\/p>\n<div id=\"more\" class=\"collapse\">\nChcemy ukierunkowa\u0107 zdolnych uczni\u00f3w na karier\u0119 naukow\u0105. Naszym celem jest przekona\u0107 m\u0142odzie\u017c, \u017ce mo\u017ce mie\u0107 wp\u0142yw na tworzenie rozwi\u0105za\u0144, kt\u00f3re zmieniaj\u0105 \u017cycie nas wszystkich.\n<\/div>\n<p><a class=\"link\" role=\"button\" href=\"#more\" data-bs-toggle=\"collapse\"><span class=\"more\">wi\u0119cej<\/span><span class=\"less\">mniej<\/span><\/a><\/p>\n<div class=\"h2\">Konkurs &#8222;NAUKOLATEK&#8221; &#8211; Nastoletni Naukowiec<\/div>\n<p>W ramach zaplanowanych dzia\u0142a\u0144 zosta\u0142 og\u0142oszony cykliczny konkurs dla uczni\u00f3w szk\u00f3\u0142 ponadpodstawowych z wojew\u00f3dztwa lubelskiego, podkarpackiego oraz podlaskiego.<\/p>\n<div id=\"more1\" class=\"collapse\">\nSzko\u0142y ponadpodstawowe b\u0119d\u0105 mog\u0142y wzi\u0105\u0107 udzia\u0142 w konkursie na \u201emini projekty badawcze\u201d.<\/p>\n<p>Nie mniej ni\u017c 60 takich projekt\u00f3w zostaje przekazanych do finansowania przez program Via Carpatia. Zako\u0144czeniem konkursu b\u0119dzie coroczna konferencja \u0142\u0105cz\u0105ca uczelnie Via Carpatia ze szko\u0142ami ponadpodstawowymi. Zostan\u0105 na niej zaprezentowane najlepsze projekty oraz przeprowadzony zostanie konkurs na najlepsze prace w kontek\u015bcie u\u017cyteczno\u015bci dla spo\u0142ecze\u0144stwa, tak aby od wczesnych lat edukacji wspiera\u0107 id\u0119 Nauki dla spo\u0142ecze\u0144stwa.\n<\/p><\/div>\n<p><a class=\"link\" role=\"button\" href=\"#more1\" data-bs-toggle=\"collapse\"><span class=\"more\">wi\u0119cej<\/span><span class=\"less\">mniej<\/span><\/a><\/p>\n<p>&nbsp;<\/p>\n<div class=\"row\">\n<div class=\"col-sm-4 text-center\">\n<a class=\"button text-center animated zoomIn lead font-500\" style=\"width:100%\" href=\"\/via-carpatia\/dzialania\/nauka\/naukolatek\/1-edycja-konkursu\/\">Pierwsza edycja konkursu<\/a>\n<\/div>\n<div class=\"col-sm-4 text-center\">\n<a class=\"button text-center animated zoomIn lead font-500\" style=\"width:100%\" href=\"\/via-carpatia\/dzialania\/nauka\/naukolatek\/2-edycja-konkursu\/\">Druga edycja konkursu<\/a>\n<\/div>\n<div class=\"col-sm-4 text-center\">\n<a class=\"button text-center animated zoomIn lead font-500\" style=\"width:100%\" href=\"\/via-carpatia\/dzialania\/nauka\/naukolatek\/3-edycja-konkursu\/\">Trzecia edycja konkursu<\/a>\n<\/div>\n<\/div>\n<p>&nbsp;<\/p>\n<p><img loading=\"lazy\" decoding=\"async\" class=\"aligncenter size-full wp-image-718\" style=\"margin: 28px 0\" src=\"https:\/\/pb.edu.pl\/via-carpatia\/wp-content\/uploads\/sites\/92\/2022\/12\/naukolatek-1200x800-1.jpg\" alt=\"Konkurs Naukolatek \u2013 nastoletni naukowiec\" width=\"1200\" height=\"808\" srcset=\"https:\/\/pb.edu.pl\/via-carpatia\/wp-content\/uploads\/sites\/92\/2022\/12\/naukolatek-1200x800-1.jpg 1200w, https:\/\/pb.edu.pl\/via-carpatia\/wp-content\/uploads\/sites\/92\/2022\/12\/naukolatek-1200x800-1-300x202.jpg 300w, https:\/\/pb.edu.pl\/via-carpatia\/wp-content\/uploads\/sites\/92\/2022\/12\/naukolatek-1200x800-1-1024x689.jpg 1024w, https:\/\/pb.edu.pl\/via-carpatia\/wp-content\/uploads\/sites\/92\/2022\/12\/naukolatek-1200x800-1-768x517.jpg 768w\" sizes=\"auto, (max-width: 1200px) 100vw, 1200px\" \/><\/p>\n<hr>\n<div class=\"h3\">Koordynator dzia\u0142ania projektowego<br \/>\nrealizowanego w Politechnice Bia\u0142ostockiej<\/div>\n<p>dr in\u017c. Anna Olszewska<br \/>\n<i class=\"fal fa-envelope\"><\/i> <a href=\"#\" rel=\"nofollow\"  onclick=\"this.href='mailto:' + 'a.olszewska' + '@' + 'pb.edu.pl'\">a.olszewska [at] pb.edu.pl<\/a>\n","protected":false},"excerpt":{"rendered":"<p>Wspieramy zdolnych uczni\u00f3w! Zapraszamy do wsp\u00f3\u0142pracy szko\u0142y ponadpodstawowe! Uczelnie tworz\u0105ce Politechniczn\u0105 Sie\u0107 Via Carpatia chc\u0105 wspiera\u0107 utalentowanych uczni\u00f3w, w\u0142\u0105czaj\u0105c ich w rozw\u00f3j polskiej nauki i wojew\u00f3dztw Polski Wschodniej. Chcemy ukierunkowa\u0107 zdolnych uczni\u00f3w na karier\u0119 naukow\u0105. Naszym celem jest przekona\u0107 m\u0142odzie\u017c, \u017ce mo\u017ce mie\u0107 wp\u0142yw na tworzenie rozwi\u0105za\u0144, kt\u00f3re zmieniaj\u0105 \u017cycie nas wszystkich. wi\u0119cejmniej Konkurs &#8222;NAUKOLATEK&#8221; [&hellip;]<\/p>\n","protected":false},"author":2,"featured_media":0,"parent":565,"menu_order":1,"comment_status":"closed","ping_status":"closed","template":"","meta":{"_acf_changed":false,"ngg_post_thumbnail":0,"footnotes":""},"class_list":["post-567","page","type-page","status-publish","hentry"],"acf":[],"_links":{"self":[{"href":"https:\/\/pb.edu.pl\/via-carpatia\/wp-json\/wp\/v2\/pages\/567","targetHints":{"allow":["GET"]}}],"collection":[{"href":"https:\/\/pb.edu.pl\/via-carpatia\/wp-json\/wp\/v2\/pages"}],"about":[{"href":"https:\/\/pb.edu.pl\/via-carpatia\/wp-json\/wp\/v2\/types\/page"}],"author":[{"embeddable":true,"href":"https:\/\/pb.edu.pl\/via-carpatia\/wp-json\/wp\/v2\/users\/2"}],"replies":[{"embeddable":true,"href":"https:\/\/pb.edu.pl\/via-carpatia\/wp-json\/wp\/v2\/comments?post=567"}],"version-history":[{"count":0,"href":"https:\/\/pb.edu.pl\/via-carpatia\/wp-json\/wp\/v2\/pages\/567\/revisions"}],"up":[{"embeddable":true,"href":"https:\/\/pb.edu.pl\/via-carpatia\/wp-json\/wp\/v2\/pages\/565"}],"wp:attachment":[{"href":"https:\/\/pb.edu.pl\/via-carpatia\/wp-json\/wp\/v2\/media?parent=567"}],"curies":[{"name":"wp","href":"https:\/\/api.w.org\/{rel}","templated":true}]}}