{"id":547,"date":"2022-12-21T20:38:20","date_gmt":"2022-12-21T19:38:20","guid":{"rendered":"https:\/\/pb.edu.pl\/via-carpatia\/?page_id=547"},"modified":"2022-12-27T21:43:57","modified_gmt":"2022-12-27T20:43:57","slug":"informacja-prasowa","status":"publish","type":"page","link":"https:\/\/pb.edu.pl\/via-carpatia\/dla-mediow\/informacja-prasowa\/","title":{"rendered":"Informacja prasowa"},"content":{"rendered":"<p><a href=\"https:\/\/pb.edu.pl\/2022\/04\/11\/politechnika-bialostocka-w-politechnicznej-sieci-via-carpatia-im-prezydenta-rp-lecha-kaczynskiego\/\">Politechnika Bia\u0142ostocka w Politechnicznej sieci Via Carpatia im. Prezydenta RP Lecha Kaczy\u0144skiego<\/a><\/p>\n<p><a href=\"https:\/\/pb.edu.pl\/2022\/12\/05\/politechnika-bialostocka-stworzyla-logo-i-ksiege-identyfikacji-wizualnej-politechnicznej-sieci-via-carpatia\/\">Politechnika Bia\u0142ostocka stworzy\u0142a logo i ksi\u0119g\u0119 identyfikacji wizualnej Politechnicznej Sieci Via Carpatia<\/a><br \/>\n&nbsp;<\/p>\n","protected":false},"excerpt":{"rendered":"<p>Politechnika Bia\u0142ostocka w Politechnicznej sieci Via Carpatia im. Prezydenta RP Lecha Kaczy\u0144skiego Politechnika Bia\u0142ostocka stworzy\u0142a logo i ksi\u0119g\u0119 identyfikacji wizualnej Politechnicznej Sieci Via Carpatia &nbsp;<\/p>\n","protected":false},"author":2,"featured_media":0,"parent":27,"menu_order":2,"comment_status":"closed","ping_status":"closed","template":"","meta":{"_acf_changed":false,"ngg_post_thumbnail":0,"footnotes":""},"class_list":["post-547","page","type-page","status-publish","hentry"],"acf":[],"_links":{"self":[{"href":"https:\/\/pb.edu.pl\/via-carpatia\/wp-json\/wp\/v2\/pages\/547","targetHints":{"allow":["GET"]}}],"collection":[{"href":"https:\/\/pb.edu.pl\/via-carpatia\/wp-json\/wp\/v2\/pages"}],"about":[{"href":"https:\/\/pb.edu.pl\/via-carpatia\/wp-json\/wp\/v2\/types\/page"}],"author":[{"embeddable":true,"href":"https:\/\/pb.edu.pl\/via-carpatia\/wp-json\/wp\/v2\/users\/2"}],"replies":[{"embeddable":true,"href":"https:\/\/pb.edu.pl\/via-carpatia\/wp-json\/wp\/v2\/comments?post=547"}],"version-history":[{"count":0,"href":"https:\/\/pb.edu.pl\/via-carpatia\/wp-json\/wp\/v2\/pages\/547\/revisions"}],"up":[{"embeddable":true,"href":"https:\/\/pb.edu.pl\/via-carpatia\/wp-json\/wp\/v2\/pages\/27"}],"wp:attachment":[{"href":"https:\/\/pb.edu.pl\/via-carpatia\/wp-json\/wp\/v2\/media?parent=547"}],"curies":[{"name":"wp","href":"https:\/\/api.w.org\/{rel}","templated":true}]}}