{"id":53,"date":"2021-09-02T20:58:35","date_gmt":"2021-09-02T18:58:35","guid":{"rendered":"https:\/\/pb.edu.pl\/via-carpatia\/?page_id=53"},"modified":"2022-12-19T18:11:00","modified_gmt":"2022-12-19T17:11:00","slug":"redakcja-serwisu-www","status":"publish","type":"page","link":"https:\/\/pb.edu.pl\/via-carpatia\/redakcja-serwisu-www\/","title":{"rendered":"Redakcja serwisu www"},"content":{"rendered":"<p>Uwagi dotycz\u0105ce funkcjonowania poszczeg\u00f3lnych stron www serwisu internetowego prosz\u0119 przysy\u0142a\u0107 na adres:<br \/>\n<i class=\"fa fa-envelope-o\" aria-hidden=\"true\"><\/i> t.huscio@pb.edu.pl.<\/p>\n","protected":false},"excerpt":{"rendered":"<p>Uwagi dotycz\u0105ce funkcjonowania poszczeg\u00f3lnych stron www serwisu internetowego prosz\u0119 przysy\u0142a\u0107 na adres: t.huscio@pb.edu.pl.<\/p>\n","protected":false},"author":2,"featured_media":0,"parent":0,"menu_order":18,"comment_status":"closed","ping_status":"closed","template":"","meta":{"_acf_changed":false,"ngg_post_thumbnail":0,"footnotes":""},"class_list":["post-53","page","type-page","status-publish","hentry"],"acf":[],"_links":{"self":[{"href":"https:\/\/pb.edu.pl\/via-carpatia\/wp-json\/wp\/v2\/pages\/53","targetHints":{"allow":["GET"]}}],"collection":[{"href":"https:\/\/pb.edu.pl\/via-carpatia\/wp-json\/wp\/v2\/pages"}],"about":[{"href":"https:\/\/pb.edu.pl\/via-carpatia\/wp-json\/wp\/v2\/types\/page"}],"author":[{"embeddable":true,"href":"https:\/\/pb.edu.pl\/via-carpatia\/wp-json\/wp\/v2\/users\/2"}],"replies":[{"embeddable":true,"href":"https:\/\/pb.edu.pl\/via-carpatia\/wp-json\/wp\/v2\/comments?post=53"}],"version-history":[{"count":0,"href":"https:\/\/pb.edu.pl\/via-carpatia\/wp-json\/wp\/v2\/pages\/53\/revisions"}],"wp:attachment":[{"href":"https:\/\/pb.edu.pl\/via-carpatia\/wp-json\/wp\/v2\/media?parent=53"}],"curies":[{"name":"wp","href":"https:\/\/api.w.org\/{rel}","templated":true}]}}