{"id":5084,"date":"2025-09-10T12:10:29","date_gmt":"2025-09-10T10:10:29","guid":{"rendered":"https:\/\/pb.edu.pl\/via-carpatia\/?page_id=5084"},"modified":"2025-09-24T18:48:50","modified_gmt":"2025-09-24T16:48:50","slug":"rejestracja","status":"publish","type":"page","link":"https:\/\/pb.edu.pl\/via-carpatia\/innowacje-w-praktyce\/rejestracja\/","title":{"rendered":"Rejestracja uczestnik\u00f3w"},"content":{"rendered":"<p>Rejestracja zako\u0144czona. <\/p>\n<p>Dzi\u0119kujemy za udzia\u0142 w wydarzeniu.<br \/>\n&nbsp;<br \/>\n&nbsp;<\/p>\n<p><img loading=\"lazy\" decoding=\"async\" src=\"https:\/\/pb.edu.pl\/via-carpatia\/wp-content\/uploads\/sites\/92\/2025\/09\/konferencja-stopka.png\" alt=\"loga pod konferencj\u0119\" width=\"740\" height=\"162\" class=\"aligncenter size-full wp-image-5145\" \/><\/p>\n","protected":false},"excerpt":{"rendered":"<p>Rejestracja zako\u0144czona. Dzi\u0119kujemy za udzia\u0142 w wydarzeniu. &nbsp; &nbsp;<\/p>\n","protected":false},"author":2,"featured_media":0,"parent":5071,"menu_order":2,"comment_status":"closed","ping_status":"closed","template":"","meta":{"_acf_changed":false,"ngg_post_thumbnail":0,"footnotes":""},"class_list":["post-5084","page","type-page","status-publish","hentry"],"acf":[],"_links":{"self":[{"href":"https:\/\/pb.edu.pl\/via-carpatia\/wp-json\/wp\/v2\/pages\/5084","targetHints":{"allow":["GET"]}}],"collection":[{"href":"https:\/\/pb.edu.pl\/via-carpatia\/wp-json\/wp\/v2\/pages"}],"about":[{"href":"https:\/\/pb.edu.pl\/via-carpatia\/wp-json\/wp\/v2\/types\/page"}],"author":[{"embeddable":true,"href":"https:\/\/pb.edu.pl\/via-carpatia\/wp-json\/wp\/v2\/users\/2"}],"replies":[{"embeddable":true,"href":"https:\/\/pb.edu.pl\/via-carpatia\/wp-json\/wp\/v2\/comments?post=5084"}],"version-history":[{"count":0,"href":"https:\/\/pb.edu.pl\/via-carpatia\/wp-json\/wp\/v2\/pages\/5084\/revisions"}],"up":[{"embeddable":true,"href":"https:\/\/pb.edu.pl\/via-carpatia\/wp-json\/wp\/v2\/pages\/5071"}],"wp:attachment":[{"href":"https:\/\/pb.edu.pl\/via-carpatia\/wp-json\/wp\/v2\/media?parent=5084"}],"curies":[{"name":"wp","href":"https:\/\/api.w.org\/{rel}","templated":true}]}}