{"id":5073,"date":"2025-09-10T12:00:18","date_gmt":"2025-09-10T10:00:18","guid":{"rendered":"https:\/\/pb.edu.pl\/via-carpatia\/?page_id=5073"},"modified":"2025-09-30T13:10:46","modified_gmt":"2025-09-30T11:10:46","slug":"program","status":"publish","type":"page","link":"https:\/\/pb.edu.pl\/via-carpatia\/innowacje-w-praktyce\/program\/","title":{"rendered":"Program konferencji"},"content":{"rendered":"<p><strong>9:00&nbsp;\u2013&nbsp;9:45 \u2013 Uroczyste otwarcie konferencji<\/strong><\/p>\n<ul>\n<li>Powitanie uczestnik\u00f3w przez w\u0142adze Uczelni<\/li>\n<li>Referat \u201eFundusz Rozwoju Technologii Prze\u0142omowych \u2013 inicjatywa Prezydenta RP\u201d \u2013 Kancelaria Prezydenta RP<\/li>\n<\/ul>\n<p><strong>9:45&nbsp;\u2013&nbsp;10:45 \u2013 Sesja 1: Prezentacja dokona\u0144 projektu \u201ePolitechniczna sie\u0107 via Carpatia\u201d (2022\u20132025)<\/strong><\/p>\n<ul>\n<li>Obszar \u201eKszta\u0142cenie\u201d<\/li>\n<li>Obszar \u201eNauka\u201d<\/li>\n<li>Obszar \u201eKomercjalizacja\u201d<\/li>\n<\/ul>\n<p><strong>10:45&nbsp;\u2013&nbsp;11:15 \u2013 Podpisanie porozumie\u0144 o wsp\u00f3\u0142pracy tr\u00f3jstronnej w celu komercjalizacji rezultat\u00f3w opracowanych w ramach 3 edycji Konkursu \u201eWschodz\u0105cy innowatorzy\u201d, po\u0142\u0105czone z prezentacj\u0105 zwyci\u0119skich zada\u0144<\/strong><\/p>\n<ul>\n<li>BeePilot &#8211; II Liceum Og\u00f3lnokszta\u0142c\u0105ce w Bia\u0142ymstoku, Incepton Sp. z o.o.<\/li>\n<li>EcoDonica \u2013 ekologiczne spoiwo do produkcji doniczki, kt\u00f3re znika w glebie &#8211; Zesp\u00f3\u0142 Szk\u00f3\u0142 Technicznych w Bia\u0142ymstoku, ADB Sp. z o.o.<\/li>\n<li>HIDE \u2013 biurowa zabawa w chowanego &#8211; Zesp\u00f3\u0142 Szk\u00f3\u0142 Technicznych w Bia\u0142ymstoku, TOBO Sp. z o.o.<\/li>\n<\/ul>\n<p><strong>11:15 \u2013 11:45 \u2013 Przerwa kawowa<\/strong><\/p>\n<p><strong>11:45 \u2013 13:00 \u2013 Sesja 2: Sukcesy obszaru \u201eKomercjalizacja\u201d<\/strong><\/p>\n<ul>\n<li>Rzesz\u00f3w Design Factory \u2013 przestrze\u0144, kt\u00f3ra \u0142\u0105czy nauk\u0119, biznes i kreatywno\u015b\u0107,<br \/>\nin\u017c. Daniel Kleczy\u0144ski, Politechnika Rzeszowska<\/li>\n<li>Matryca polimerowa na bazie hydroksylowej pochodnej dendrymeru PAMAM G3 przeznaczona do transdermalnego transportu lek\u00f3w przeciwnowotworowych, INNOSPIN,<br \/>\ndr hab. \u0141ukasz Uram, prof. PRz, Politechnika Rzeszowska<\/li>\n<li>Uniwersalna wysokosprawna topologia przekszta\u0142tnikowa w uk\u0142adzie hybrydowym Si-C-ANPC do szybkich stacji \u0142adowania, magazyn\u00f3w energii i falownik\u00f3w fotowoltaicznych,<br \/>\nmgr in\u017c. Maciej Rudawski oraz mgr in\u017c. Ernest Przychodzki, Politechnika Lubelska<\/li>\n<li>Demonstrator sto\u0142u probierczego do diagnostyki wst\u0119pnej wtryskiwaczy gazowych, w tym wodorowych, INNOSPIN I,<br \/>\ndr hab. in\u017c. Dariusz Szpica, prof. PB, Politechnika Bia\u0142ostocka<\/li>\n<li>Opracowanie kompleksowych innowacyjnych rozwi\u0105za\u0144 medycznych do przywracania funkcjonalno\u015bci ruchowej pacjent\u00f3w dotkni\u0119tych chorobami uk\u0142adu mi\u0119\u015bniowo-szkieletowego, PB&nbsp;Ekspres do Innowacji,<br \/>\ndr in\u017c. Piotr Borkowski, dr in\u017c. Roman Trochimczuk, Politechnika Bia\u0142ostocka<\/li>\n<li>Szerokopasmowe \u017ar\u00f3d\u0142o ASE pracuj\u0105ce w pa\u015bmie 2 \u03bcm, INNOSPIN II,<br \/>\nprof. dr hab. in\u017c. Marcin Kochanowicz, Politechnika Bia\u0142ostocka<\/li>\n<\/ul>\n<p><strong>13:00&nbsp;\u2013&nbsp;13:45 \u2013 Lunch \/ networking<\/strong><\/p>\n<p><strong>13:45&nbsp;\u2013&nbsp;14:45 \u2013 Sesja 3: Wsp\u00f3\u0142praca uczelni z biznesem<\/strong><\/p>\n<ul>\n<li>\u201ePomosty przysz\u0142o\u015bci\u201d i &#8222;Runda T&#8221; \u2013 Fundacja \u201eTechnotalenty\u201d<\/li>\n<li>\u201eInkubator Rozwoju\u201d \u2013 Instytut Innowacji i Technologii PB Sp. z o.o.<\/li>\n<li>Projekt \u201eDronizacja gmin\u201d \u2013 BIT Sp. z o.o.<\/li>\n<\/ul>\n<p><strong>14:45&nbsp;\u2013&nbsp;15:00 \u2013 Zamkni\u0119cie konferencji<\/strong><br \/>\n&nbsp;<br \/>\n&nbsp;<\/p>\n<p><img loading=\"lazy\" decoding=\"async\" src=\"https:\/\/pb.edu.pl\/via-carpatia\/wp-content\/uploads\/sites\/92\/2025\/09\/konferencja-stopka.png\" alt=\"loga pod konferencj\u0119\" width=\"740\" height=\"162\" class=\"aligncenter size-full wp-image-5145\" \/><\/p>\n","protected":false},"excerpt":{"rendered":"<p>9:00&nbsp;\u2013&nbsp;9:45 \u2013 Uroczyste otwarcie konferencji Powitanie uczestnik\u00f3w przez w\u0142adze Uczelni Referat \u201eFundusz Rozwoju Technologii Prze\u0142omowych \u2013 inicjatywa Prezydenta RP\u201d \u2013 Kancelaria Prezydenta RP 9:45&nbsp;\u2013&nbsp;10:45 \u2013 Sesja 1: Prezentacja dokona\u0144 projektu \u201ePolitechniczna sie\u0107 via Carpatia\u201d (2022\u20132025) Obszar \u201eKszta\u0142cenie\u201d Obszar \u201eNauka\u201d Obszar \u201eKomercjalizacja\u201d 10:45&nbsp;\u2013&nbsp;11:15 \u2013 Podpisanie porozumie\u0144 o wsp\u00f3\u0142pracy tr\u00f3jstronnej w celu komercjalizacji rezultat\u00f3w opracowanych w ramach [&hellip;]<\/p>\n","protected":false},"author":2,"featured_media":0,"parent":5071,"menu_order":1,"comment_status":"closed","ping_status":"closed","template":"","meta":{"_acf_changed":false,"ngg_post_thumbnail":0,"footnotes":""},"class_list":["post-5073","page","type-page","status-publish","hentry"],"acf":[],"_links":{"self":[{"href":"https:\/\/pb.edu.pl\/via-carpatia\/wp-json\/wp\/v2\/pages\/5073","targetHints":{"allow":["GET"]}}],"collection":[{"href":"https:\/\/pb.edu.pl\/via-carpatia\/wp-json\/wp\/v2\/pages"}],"about":[{"href":"https:\/\/pb.edu.pl\/via-carpatia\/wp-json\/wp\/v2\/types\/page"}],"author":[{"embeddable":true,"href":"https:\/\/pb.edu.pl\/via-carpatia\/wp-json\/wp\/v2\/users\/2"}],"replies":[{"embeddable":true,"href":"https:\/\/pb.edu.pl\/via-carpatia\/wp-json\/wp\/v2\/comments?post=5073"}],"version-history":[{"count":0,"href":"https:\/\/pb.edu.pl\/via-carpatia\/wp-json\/wp\/v2\/pages\/5073\/revisions"}],"up":[{"embeddable":true,"href":"https:\/\/pb.edu.pl\/via-carpatia\/wp-json\/wp\/v2\/pages\/5071"}],"wp:attachment":[{"href":"https:\/\/pb.edu.pl\/via-carpatia\/wp-json\/wp\/v2\/media?parent=5073"}],"curies":[{"name":"wp","href":"https:\/\/api.w.org\/{rel}","templated":true}]}}