{"id":5071,"date":"2025-09-10T11:57:09","date_gmt":"2025-09-10T09:57:09","guid":{"rendered":"https:\/\/pb.edu.pl\/via-carpatia\/?page_id=5071"},"modified":"2025-09-11T12:28:26","modified_gmt":"2025-09-11T10:28:26","slug":"innowacje-w-praktyce","status":"publish","type":"page","link":"https:\/\/pb.edu.pl\/via-carpatia\/innowacje-w-praktyce\/","title":{"rendered":"Konferencja Innowacje w Praktyce"},"content":{"rendered":"<h2>Komercjalizacja wynik\u00f3w projektu<br \/>\n\u201ePolitechniczna sie\u0107 VIA CARPATIA\u201d<\/h2>\n<p>&nbsp;<\/p>\n<h3 style=\"line-height: 1.5\">Konferencja odb\u0119dzie si\u0119 <strong>23 wrze\u015bnia 2025 r. o godzinie 9.00<\/strong><br \/>\nw <a href=\"https:\/\/pb.edu.pl\/uczelnia\/mapa-kampusu\/miasteczko-akademickie-plan-przestrzenny\/\">Centrum Nowoczesnego Kszta\u0142cenia Politechniki Bia\u0142ostockiej<\/a><br \/>\nprzy ul. Zwierzynieckiej 16 w Bia\u0142ymstoku<\/h3>\n<div style=\"clear: both\">&nbsp;<\/div>\n<h4><strong><span style=\"color: #333399\">Innowacje w Praktyce: Politechnika Bia\u0142ostocka gospodarzem konferencji<\/span><\/strong><\/h4>\n<p>Politechnika Bia\u0142ostocka zaprasza na konferencj\u0119 \u201eInnowacje w Praktyce \u2013 Komercjalizacja wynik\u00f3w projektu \u2018Politechniczna sie\u0107 VIA CARPATIA\u201d. Wydarzenie, kt\u00f3re odb\u0119dzie si\u0119 23 wrze\u015bnia 2025 r., b\u0119dzie platform\u0105 do prezentacji innowacyjnego potencja\u0142u projektu realizowanego przez trzy uczelnie partnerskie: Politechnik\u0119 Bia\u0142ostock\u0105, Politechnik\u0119 Lubelsk\u0105 i Politechnik\u0119 Rzeszowsk\u0105.<\/p>\n<p>Spotkanie otworzy referat przedstawiciela Kancelarii Prezydenta RP, kt\u00f3ry zaprezentuje za\u0142o\u017cenia inicjatywy: Fundusz Rozwoju Technologii Prze\u0142omowych. Celem projektu jest zatrzymanie utalentowanych specjalist\u00f3w w kraju i zacie\u015bnianie wsp\u00f3\u0142pracy mi\u0119dzy \u015brodowiskiem akademickim, przemys\u0142em oraz instytucjami publicznymi.<\/p>\n<p>G\u0142\u00f3wnym punktem konferencji b\u0119dzie prezentacja sukces\u00f3w projektu \u201ePolitechniczna sie\u0107 VIA CARPATIA\u201d w obszarze komercjalizacji, nauki i kszta\u0142cenia.<\/p>\n<h4><strong><span style=\"color: #333399\">Wschodz\u0105cy innowatorzy<\/span><\/strong><\/h4>\n<p>Po sesji prezentacyjnej zostan\u0105 podpisane tr\u00f3jstronne porozumienia dotycz\u0105ce komercjalizacji zwyci\u0119skich zada\u0144 z <a title=\"\" href=\"https:\/\/pb.edu.pl\/via-carpatia\/2025\/06\/30\/wschodzacy-innowatorzy-2025-wyniki-konkursu-dla-uczniow-szkol-ponadpodstawowych\/\">trzeciej edycji konkursu \u201eWschodz\u0105cy innowatorzy\u201d<\/a>. Zaprezentowane zostan\u0105 projekty takie jak \u201eBeePilot\u201d, \u201eEcoDonica\u201d oraz \u201eHIDE\u201d. S\u0105 to innowacje stworzone przez uczni\u00f3w bia\u0142ostockich szk\u00f3\u0142 ponadpodstawowych we wsp\u00f3\u0142pracy z lokalnymi przedsi\u0119biorstwami.<\/p>\n<p>Konferencja b\u0119dzie tak\u017ce okazj\u0105 do dyskusji na temat wsp\u00f3\u0142pracy uczelni z biznesem, m.in. na przyk\u0142adzie konkurs\u00f3w takich jak \u201eINNOSPIN\u201d, czy \u201ePB Ekspres do Innowacji\u201d.<\/p>\n<p>Obradom b\u0119dzie towarzyszy\u0142a ekspozycja projekt\u00f3w technologicznych pracownik\u00f3w i doktorant\u00f3w trzech uczelni, studenckich k\u00f3\u0142 naukowych Politechniki Bia\u0142ostockiej oraz pokaz wideo podsumowuj\u0105cy najwa\u017cniejsze osi\u0105gni\u0119cia projektu.<\/p>\n<h4><strong><span style=\"color: #333399\">Informacje praktyczne<\/span><\/strong><\/h4>\n<p>Konferencja rozpocznie si\u0119 23 wrze\u015bnia o godzinie 9:00 w auli Centrum Nowoczesnego Kszta\u0142cenia Politechniki Bia\u0142ostockiej. Po po\u0142udniu uczestnicy b\u0119d\u0105 mieli okazj\u0119 do nawi\u0105zania kontakt\u00f3w i wymiany do\u015bwiadcze\u0144 podczas lunchu i sesji networkingowej.<br \/>\n&nbsp;<br \/>\n&nbsp;<\/p>\n<p><img loading=\"lazy\" decoding=\"async\" src=\"https:\/\/pb.edu.pl\/via-carpatia\/wp-content\/uploads\/sites\/92\/2025\/09\/konferencja-stopka.png\" alt=\"loga pod konferencj\u0119\" width=\"740\" height=\"162\" class=\"aligncenter size-full wp-image-5145\" \/><\/p>\n","protected":false},"excerpt":{"rendered":"<p>Komercjalizacja wynik\u00f3w projektu \u201ePolitechniczna sie\u0107 VIA CARPATIA\u201d &nbsp; Konferencja odb\u0119dzie si\u0119 23 wrze\u015bnia 2025 r. o godzinie 9.00 w Centrum Nowoczesnego Kszta\u0142cenia Politechniki Bia\u0142ostockiej przy ul. Zwierzynieckiej 16 w Bia\u0142ymstoku &nbsp; Innowacje w Praktyce: Politechnika Bia\u0142ostocka gospodarzem konferencji Politechnika Bia\u0142ostocka zaprasza na konferencj\u0119 \u201eInnowacje w Praktyce \u2013 Komercjalizacja wynik\u00f3w projektu \u2018Politechniczna sie\u0107 VIA CARPATIA\u201d. Wydarzenie, [&hellip;]<\/p>\n","protected":false},"author":2,"featured_media":0,"parent":0,"menu_order":0,"comment_status":"closed","ping_status":"closed","template":"","meta":{"_acf_changed":false,"ngg_post_thumbnail":0,"footnotes":""},"class_list":["post-5071","page","type-page","status-publish","hentry"],"acf":[],"_links":{"self":[{"href":"https:\/\/pb.edu.pl\/via-carpatia\/wp-json\/wp\/v2\/pages\/5071","targetHints":{"allow":["GET"]}}],"collection":[{"href":"https:\/\/pb.edu.pl\/via-carpatia\/wp-json\/wp\/v2\/pages"}],"about":[{"href":"https:\/\/pb.edu.pl\/via-carpatia\/wp-json\/wp\/v2\/types\/page"}],"author":[{"embeddable":true,"href":"https:\/\/pb.edu.pl\/via-carpatia\/wp-json\/wp\/v2\/users\/2"}],"replies":[{"embeddable":true,"href":"https:\/\/pb.edu.pl\/via-carpatia\/wp-json\/wp\/v2\/comments?post=5071"}],"version-history":[{"count":0,"href":"https:\/\/pb.edu.pl\/via-carpatia\/wp-json\/wp\/v2\/pages\/5071\/revisions"}],"wp:attachment":[{"href":"https:\/\/pb.edu.pl\/via-carpatia\/wp-json\/wp\/v2\/media?parent=5071"}],"curies":[{"name":"wp","href":"https:\/\/api.w.org\/{rel}","templated":true}]}}