{"id":494,"date":"2022-12-21T18:06:55","date_gmt":"2022-12-21T17:06:55","guid":{"rendered":"https:\/\/pb.edu.pl\/via-carpatia\/?page_id=494"},"modified":"2025-05-15T20:33:11","modified_gmt":"2025-05-15T18:33:11","slug":"szkola-tworczego-dzialania","status":"publish","type":"page","link":"https:\/\/pb.edu.pl\/via-carpatia\/dzialania\/ksztalcenie\/szkola-tworczego-dzialania\/","title":{"rendered":"Szko\u0142a tw\u00f3rczego dzia\u0142ania"},"content":{"rendered":"<div class=\"h2\">Pomagamy realizowa\u0107 pasje i zainteresowania!<\/div>\n<p>Jak mo\u017cemy wspiera\u0107 ruch k\u00f3\u0142 naukowych? Poprzez integracj\u0119, wymian\u0119 do\u015bwiadcze\u0144, wizyty studyjne oraz wsp\u00f3lnie organizowane lokalnie przedsi\u0119wzi\u0119cia.<\/p>\n<p>Do dzia\u0142a\u0144 w tym zakresie nale\u017cy r\u00f3wnie\u017c organizacja konferencji studenckich, zako\u0144czonych wydaniem publikacji naukowych. Ka\u017cdego roku inna Uczelnia (w ramach sieci) b\u0119dzie organizatorem i gospodarzem konferencji. <\/p>\n<p>W ramach wsp\u00f3\u0142pracy studenci z k\u00f3\u0142 naukowych mogliby rozwija\u0107 swoj\u0105 dzia\u0142alno\u015b\u0107, kreatywno\u015b\u0107, a tak\u017ce wymienia\u0107 si\u0119 do\u015bwiadczeniami i tworzy\u0107 wsp\u00f3lne projekty ukazuj\u0105ce wsp\u00f3\u0142prac\u0119 sieci Uczelni z regionu wschodniego. Przyk\u0142adem mo\u017ce by\u0107 \u201eKola\u017c K\u00f3\u0142 Naukowych Via Carpatia\u201d \u2013 projekt na wz\u00f3r Lataj\u0105cego Uniwersytetu Drogowego.   <\/p>\n<div class=\"h2\">W\u0142\u0105czamy pracodawc\u00f3w w nasze przedsi\u0119wzi\u0119cia<\/div>\n<p>Celem dzia\u0142a\u0144 na rzecz m\u0142odych ludzi jest te\u017c zacie\u015bnienie relacji z regionalnym otoczeniem spo\u0142eczno-gospodarczym. <\/p>\n<p>Wsp\u00f3\u0142praca ta b\u0119dzie odbywa\u0107 si\u0119 w zakresie konsultowania proponowanych program\u00f3w kszta\u0142cenia oraz w\u0142\u0105czania pracodawc\u00f3w-praktyk\u00f3w w proces dydaktyczny w ramach realizacji zaj\u0119\u0107 o charakterze praktycznym. <\/p>\n<p>Kluczowe w tym obszarze jest pozyskanie dodatkowych \u015brodk\u00f3w, kt\u00f3re umo\u017cliwi\u0105 zwi\u0119kszenie wynagrodzenia dla przedsi\u0119biorc\u00f3w za realizacj\u0119 takich zaj\u0119\u0107. <\/p>\n<p>Dodatkow\u0105 korzy\u015bci\u0105 ze wsp\u00f3\u0142pracy z lokalnym biznesem, b\u0119dzie \u0142atwiejszy dost\u0119p student\u00f3w do praktyk zawodowych w najlepszych firmach regionu. <\/p>\n<hr>\n<p>&nbsp;<\/p>\n<div class=\"h2\">Dofinansowania studenckich k\u00f3\u0142 naukowych realizuj\u0105cych wsp\u00f3lne projekty badawcze w ramach Politechnicznej Sieci Via Carpatia im. Prezydenta RP Lecha Kaczy\u0144skiego &#8211; edycja 2025 rok<\/div>\n<p>O dofinansowanie w ramach dzia\u0142ania nr 4 mog\u0105 ubiega\u0107 si\u0119 <a href=\"https:\/\/pb.edu.pl\/kola-naukowe\/\">studenckie ko\u0142a naukowe dzia\u0142aj\u0105ce w&nbsp;Politechnice Bia\u0142ostockiej<\/a>, kt\u00f3re planuj\u0105 realizowa\u0107 wsp\u00f3lne projekty badawcze z ko\u0142ami naukowymi dzia\u0142aj\u0105cymi w Uczelniach zrzeszonych w ramach Politechnicznej Sieci Via Carpatia.<\/p>\n<p>Realizatorami zada\u0144 zaplanowanych do wykonania w ramach sk\u0142adanego wniosku badawczego powinni by\u0107 studenci dzia\u0142aj\u0105cy w ko\u0142ach naukowych Uczelni Sieci Via Carpatia. Wnioskodawc\u0105 musi by\u0107 aktywne studenckie ko\u0142o naukowe PB.<\/p>\n<p>Warunkiem otrzymania dofinansowania jest z\u0142o\u017cenie wniosku stanowi\u0105cego za\u0142\u0105cznik nr 1 do Regulaminu do <a href=\"https:\/\/pb.edu.pl\/brpm\/kontakt\/\">Biura ds. Rozwoju i Program\u00f3w Mi\u0119dzynarodowych<\/a>, <strong>pok\u00f3j nr. B1 w budynku Rektoratu w terminie do 23.05.2025 r.<\/strong><\/p>\n<p>Komisja Konkursowa dokona oceny z\u0142o\u017conych wniosk\u00f3w i przygotuje list\u0119 rankingow\u0105 wniosk\u00f3w rekomendowanych do dofinansowania.<\/p>\n<p><a  class=\"pdf\" href=\"https:\/\/pb.edu.pl\/via-carpatia\/wp-content\/uploads\/sites\/92\/2025\/05\/Regulamin-Dofinansowania-Kol-Naukowych-2025.pdf\" target=\"_blank\" data-id=\"4498\" >Regulamin dofinansowania k\u00f3\u0142 naukowych <span>(PDF, 524 KB, otworzy si\u0119 w nowej karcie)<\/span><\/a><\/p>\n<p><a  class=\"pdf\" href=\"https:\/\/pb.edu.pl\/via-carpatia\/wp-content\/uploads\/sites\/92\/2025\/05\/Zalacznik_SKN_nr1-2025.pdf\" target=\"_blank\" data-id=\"4499\" >Za\u0142\u0105cznik nr 1 <span>(PDF, 629 KB, otworzy si\u0119 w nowej karcie)<\/span><\/a><\/p>\n<p><a  class=\"pdf\" href=\"https:\/\/pb.edu.pl\/via-carpatia\/wp-content\/uploads\/sites\/92\/2025\/05\/Zalacznik_SKN_nr2-2025.pdf\" target=\"_blank\" data-id=\"4500\" >Za\u0142\u0105cznik nr 2 <span>(PDF, 560 KB, otworzy si\u0119 w nowej karcie)<\/span><\/a><\/p>\n<p><a  class=\"pdf\" href=\"https:\/\/pb.edu.pl\/via-carpatia\/wp-content\/uploads\/sites\/92\/2025\/05\/Zalacznik_SKN_nr3-2025.pdf\" target=\"_blank\" data-id=\"4501\" >Za\u0142\u0105cznik nr 3 <span>(PDF, 519 KB, otworzy si\u0119 w nowej karcie)<\/span><\/a><\/p>\n<hr>\n<p>&nbsp;<\/p>\n<div class=\"h2\">Dofinansowania studenckich k\u00f3\u0142 naukowych realizuj\u0105cych wsp\u00f3lne projekty badawcze w ramach Politechnicznej Sieci Via Carpatia im. Prezydenta RP Lecha Kaczy\u0144skiego &#8211; edycja 2023 rok<\/div>\n<p>O dofinansowanie w ramach dzia\u0142ania nr 4 mog\u0105 ubiega\u0107 si\u0119 <a href=\"https:\/\/pb.edu.pl\/kola-naukowe\/\">studenckie ko\u0142a naukowe dzia\u0142aj\u0105ce w Politechnice Bia\u0142ostockiej<\/a>, kt\u00f3re planuj\u0105 realizowa\u0107 wsp\u00f3lne projekty badawcze z ko\u0142ami naukowymi dzia\u0142aj\u0105cymi w Uczelniach zrzeszonych w ramach Politechnicznej Sieci Via Carpatia.<\/p>\n<p>Realizatorami zada\u0144 zaplanowanych do wykonania w ramach sk\u0142adanego wniosku badawczego powinni by\u0107 studenci dzia\u0142aj\u0105cy w ko\u0142ach naukowych Uczelni Sieci Via Carpatia. Wnioskodawc\u0105 musi by\u0107 aktywne studenckie ko\u0142o naukowe PB.<\/p>\n<p>Warunkiem otrzymania dofinansowania jest z\u0142o\u017cenie wniosku stanowi\u0105cego za\u0142\u0105cznik nr 1 do Regulaminu do <a href=\"https:\/\/pb.edu.pl\/cssdr\/kontakt\/\">Centrum Spraw Studenckich Dydaktyki i Rekrutacji<\/a> <strong>w terminie do 17.10.2023 r.<\/strong><\/p>\n<p>Komisja Konkursowa dokona oceny z\u0142o\u017conych wniosk\u00f3w i przygotuje list\u0119 rankingow\u0105 wniosk\u00f3w rekomendowanych do dofinansowania.<\/p>\n<p><a class=\"pdf\" href=\"https:\/\/pb.edu.pl\/via-carpatia\/wp-content\/uploads\/sites\/92\/2023\/10\/Regulamin-dofinansowania-kol-naukowych.pdf\" target=\"_blank\" data-id=\"2058\" rel=\"noopener\">Regulamin dofinansowania k\u00f3\u0142 naukowych <span>(PDF, 525 KB, otworzy si\u0119 w nowej karcie)<\/span><\/a><\/p>\n<p><a class=\"pdf\" href=\"https:\/\/pb.edu.pl\/via-carpatia\/wp-content\/uploads\/sites\/92\/2023\/10\/Zalacznik_SKN_nr1.pdf\" target=\"_blank\" data-id=\"2060\" rel=\"noopener\">Za\u0142\u0105cznik nr 1 <span>(PDF, 629 KB, otworzy si\u0119 w nowej karcie)<\/span><\/a><\/p>\n<p><a class=\"pdf\" href=\"https:\/\/pb.edu.pl\/via-carpatia\/wp-content\/uploads\/sites\/92\/2023\/10\/Zalacznik_SKN_nr2.pdf\" target=\"_blank\" data-id=\"2061\" rel=\"noopener\">Za\u0142\u0105cznik nr 2 <span>(PDF, 560 KB, otworzy si\u0119 w nowej karcie)<\/span><\/a><\/p>\n<p><a class=\"pdf\" href=\"https:\/\/pb.edu.pl\/via-carpatia\/wp-content\/uploads\/sites\/92\/2023\/10\/Zalacznik_SKN_nr3.pdf\" target=\"_blank\" data-id=\"2062\" rel=\"noopener\">Za\u0142\u0105cznik nr 3 <span>(PDF, 519 KB, otworzy si\u0119 w nowej karcie)<\/span><\/a><br \/>\n&nbsp;<\/p>\n<hr>\n<p>&nbsp;<\/p>\n<div class=\"h3\">Koordynator dzia\u0142ania projektowego<br \/>\nrealizowanego w Politechnice Bia\u0142ostockiej<\/div>\n<p>dr hab. in\u017c. Jaros\u0142aw Szusta, prof. PB<br \/>\n <i class=\"fal fa-envelope\"><\/i> <a href=\"#\" rel=\"nofollow\"  onclick=\"this.href='mailto:' + 'j.szusta' + '@' + 'pb.edu.pl'\">j.szusta [at] pb.edu.pl<\/a>\n","protected":false},"excerpt":{"rendered":"<p>Pomagamy realizowa\u0107 pasje i zainteresowania! Jak mo\u017cemy wspiera\u0107 ruch k\u00f3\u0142 naukowych? Poprzez integracj\u0119, wymian\u0119 do\u015bwiadcze\u0144, wizyty studyjne oraz wsp\u00f3lnie organizowane lokalnie przedsi\u0119wzi\u0119cia. Do dzia\u0142a\u0144 w tym zakresie nale\u017cy r\u00f3wnie\u017c organizacja konferencji studenckich, zako\u0144czonych wydaniem publikacji naukowych. Ka\u017cdego roku inna Uczelnia (w ramach sieci) b\u0119dzie organizatorem i gospodarzem konferencji. W ramach wsp\u00f3\u0142pracy studenci z k\u00f3\u0142 naukowych [&hellip;]<\/p>\n","protected":false},"author":2,"featured_media":0,"parent":475,"menu_order":4,"comment_status":"closed","ping_status":"closed","template":"","meta":{"_acf_changed":false,"ngg_post_thumbnail":0,"footnotes":""},"class_list":["post-494","page","type-page","status-publish","hentry"],"acf":[],"_links":{"self":[{"href":"https:\/\/pb.edu.pl\/via-carpatia\/wp-json\/wp\/v2\/pages\/494","targetHints":{"allow":["GET"]}}],"collection":[{"href":"https:\/\/pb.edu.pl\/via-carpatia\/wp-json\/wp\/v2\/pages"}],"about":[{"href":"https:\/\/pb.edu.pl\/via-carpatia\/wp-json\/wp\/v2\/types\/page"}],"author":[{"embeddable":true,"href":"https:\/\/pb.edu.pl\/via-carpatia\/wp-json\/wp\/v2\/users\/2"}],"replies":[{"embeddable":true,"href":"https:\/\/pb.edu.pl\/via-carpatia\/wp-json\/wp\/v2\/comments?post=494"}],"version-history":[{"count":0,"href":"https:\/\/pb.edu.pl\/via-carpatia\/wp-json\/wp\/v2\/pages\/494\/revisions"}],"up":[{"embeddable":true,"href":"https:\/\/pb.edu.pl\/via-carpatia\/wp-json\/wp\/v2\/pages\/475"}],"wp:attachment":[{"href":"https:\/\/pb.edu.pl\/via-carpatia\/wp-json\/wp\/v2\/media?parent=494"}],"curies":[{"name":"wp","href":"https:\/\/api.w.org\/{rel}","templated":true}]}}