{"id":482,"date":"2022-12-21T17:54:24","date_gmt":"2022-12-21T16:54:24","guid":{"rendered":"https:\/\/pb.edu.pl\/via-carpatia\/?page_id=482"},"modified":"2022-12-28T20:32:36","modified_gmt":"2022-12-28T19:32:36","slug":"wyrownac-szanse","status":"publish","type":"page","link":"https:\/\/pb.edu.pl\/via-carpatia\/dzialania\/ksztalcenie\/wyrownac-szanse\/","title":{"rendered":"Wyr\u00f3wna\u0107 szanse"},"content":{"rendered":"<div class=\"h2\">Dodatkowe zaj\u0119cia dla uczni\u00f3w!<\/div>\n<p>Przez nast\u0119pne 3 lata b\u0119dziemy kontynuowa\u0107 program dodatkowych zaj\u0119\u0107 wyr\u00f3wnawczych (nieobj\u0119tych programem studi\u00f3w). Dzia\u0142aniem obj\u0119ta zostanie r\u00f3wnie\u017c m\u0142odzie\u017c najbardziej nara\u017cona na skutki pandemii Covid-19, szczeg\u00f3lnie z region\u00f3w Polski Wschodniej. <\/p>\n<p>Zamierzamy zminimalizowa\u0107 straty, jakie pandemia zrodzi\u0142a w\u015br\u00f3d m\u0142odzie\u017cy kszta\u0142c\u0105cej si\u0119 w szko\u0142ach ponadpodstawowych.<\/p>\n<div class=\"h2\">Tematyka zaj\u0119\u0107<\/div>\n<p>Program zak\u0142ada merytoryczne wsparcie student\u00f3w z przedmiot\u00f3w, kt\u00f3re na studiach stanowi\u0105 kontynuacj\u0119 szko\u0142y ponadpodstawowej (\u015bredniej) w szczeg\u00f3lno\u015bci z zakresu matematyki, fizyki, chemii lub innych przedmiot\u00f3w kierunkowych.<\/p>\n<hr>\n<div class=\"h3\">Koordynator dzia\u0142ania projektowego<br \/>\nrealizowanego w Politechnice Bia\u0142ostockiej<\/div>\n<p>dr in\u017c. S\u0142awomir Kwie\u0107kowski<br \/>\n <i class=\"fal fa-envelope\"><\/i> <a href=\"#\" rel=\"nofollow\"  onclick=\"this.href='mailto:' + 's.kwieckowski' + '@' + 'pb.edu.pl'\">s.kwieckowski [at] pb.edu.pl<\/a>\n","protected":false},"excerpt":{"rendered":"<p>Dodatkowe zaj\u0119cia dla uczni\u00f3w! Przez nast\u0119pne 3 lata b\u0119dziemy kontynuowa\u0107 program dodatkowych zaj\u0119\u0107 wyr\u00f3wnawczych (nieobj\u0119tych programem studi\u00f3w). Dzia\u0142aniem obj\u0119ta zostanie r\u00f3wnie\u017c m\u0142odzie\u017c najbardziej nara\u017cona na skutki pandemii Covid-19, szczeg\u00f3lnie z region\u00f3w Polski Wschodniej. Zamierzamy zminimalizowa\u0107 straty, jakie pandemia zrodzi\u0142a w\u015br\u00f3d m\u0142odzie\u017cy kszta\u0142c\u0105cej si\u0119 w szko\u0142ach ponadpodstawowych. Tematyka zaj\u0119\u0107 Program zak\u0142ada merytoryczne wsparcie student\u00f3w z przedmiot\u00f3w, [&hellip;]<\/p>\n","protected":false},"author":2,"featured_media":0,"parent":475,"menu_order":2,"comment_status":"closed","ping_status":"closed","template":"","meta":{"_acf_changed":false,"ngg_post_thumbnail":0,"footnotes":""},"class_list":["post-482","page","type-page","status-publish","hentry"],"acf":[],"_links":{"self":[{"href":"https:\/\/pb.edu.pl\/via-carpatia\/wp-json\/wp\/v2\/pages\/482","targetHints":{"allow":["GET"]}}],"collection":[{"href":"https:\/\/pb.edu.pl\/via-carpatia\/wp-json\/wp\/v2\/pages"}],"about":[{"href":"https:\/\/pb.edu.pl\/via-carpatia\/wp-json\/wp\/v2\/types\/page"}],"author":[{"embeddable":true,"href":"https:\/\/pb.edu.pl\/via-carpatia\/wp-json\/wp\/v2\/users\/2"}],"replies":[{"embeddable":true,"href":"https:\/\/pb.edu.pl\/via-carpatia\/wp-json\/wp\/v2\/comments?post=482"}],"version-history":[{"count":0,"href":"https:\/\/pb.edu.pl\/via-carpatia\/wp-json\/wp\/v2\/pages\/482\/revisions"}],"up":[{"embeddable":true,"href":"https:\/\/pb.edu.pl\/via-carpatia\/wp-json\/wp\/v2\/pages\/475"}],"wp:attachment":[{"href":"https:\/\/pb.edu.pl\/via-carpatia\/wp-json\/wp\/v2\/media?parent=482"}],"curies":[{"name":"wp","href":"https:\/\/api.w.org\/{rel}","templated":true}]}}