{"id":477,"date":"2022-12-21T17:50:16","date_gmt":"2022-12-21T16:50:16","guid":{"rendered":"https:\/\/pb.edu.pl\/via-carpatia\/?page_id=477"},"modified":"2025-03-27T23:02:34","modified_gmt":"2025-03-27T22:02:34","slug":"z-technikum-na-politechniki","status":"publish","type":"page","link":"https:\/\/pb.edu.pl\/via-carpatia\/dzialania\/ksztalcenie\/z-technikum-na-politechniki\/","title":{"rendered":"Z technikum na Politechniki"},"content":{"rendered":"<div class=\"h2\">Razem mo\u017cemy wi\u0119cej!<\/div>\n<p>Naszym celem jest zacie\u015bnianie wsp\u00f3\u0142pracy z regionalnymi szko\u0142ami ponadpodstawowymi, w szczeg\u00f3lno\u015bci technikami. Uczelnie podejmuj\u0105 dzia\u0142ania wsp\u00f3lnie z Kuratorium O\u015bwiaty i organami prowadz\u0105cymi w ramach programu Zintegrowanej Strategii Umiej\u0119tno\u015bci. <\/p>\n<div class=\"h2\">Wsparcie szk\u00f3\u0142!<\/div>\n<p>Politechniki b\u0119d\u0105 zawiera\u0107 porozumienia ze szko\u0142ami, co pozwoli obj\u0105\u0107 patronatami klasy technik\u00f3w o profilach zgodnych z kierunkami kszta\u0142cenia prowadzonymi na Uczelni. <\/p>\n<p>Na dalszym etapie realizowane b\u0119d\u0105 szczeg\u00f3\u0142owe przedsi\u0119wzi\u0119cia, takie jak:<\/p>\n<ul>\n<li>dodatkowe zaj\u0119cia dla uczni\u00f3w technik\u00f3w oraz innych szk\u00f3\u0142 \u015brednich prowadzone przez pracownik\u00f3w Politechniki na terenie Politechniki lub Szko\u0142y,<\/li>\n<li>zaj\u0119cia dla uczni\u00f3w organizowane na Uczelni z dost\u0119pem do bazy laboratoryjnej Uczelni,<\/li>\n<li>opieka merytoryczna zapewniona przy dokonywaniu zmian w programach nauczania  oraz przy organizacji konkurs\u00f3w szkolnych,<\/li>\n<li>wsp\u00f3lne wydarzenia o charakterze popularno-naukowym, np. dni otwarte, warsztaty, pikniki, konferencje itd.<\/li>\n<\/ul>\n<p>&nbsp;<\/p>\n<div class=\"h3\" style=\"margin-bottom:10px\">Oferta zaj\u0119\u0107 dodatkowych &#8211; pierwsze p\u00f3\u0142rocze 2025 roku<\/div>\n<p><a  class=\"pdf\" href=\"https:\/\/pb.edu.pl\/via-carpatia\/wp-content\/uploads\/sites\/92\/2025\/03\/Oferta-zajec-Wydzialu-Budownictwa-i-Nauk-o-Srodowisku-pierwsze-polrocze-2025-r.pdf\" target=\"_blank\" data-id=\"4355\" >Oferta zaj\u0119\u0107 Wydzia\u0142u Budownictwa i Nauk o \u015arodowisku <span>(PDF, 609 KB, otworzy si\u0119 w nowej karcie)<\/span><\/a><\/p>\n<p><a  class=\"pdf\" href=\"https:\/\/pb.edu.pl\/via-carpatia\/wp-content\/uploads\/sites\/92\/2025\/03\/Oferta-zajec-Wydzialu-Elektrycznego-pierwsze-polrocze-2025-r.pdf\" target=\"_blank\" data-id=\"4356\" >Oferta zaj\u0119\u0107 Wydzia\u0142u Elektrycznego <span>(PDF, 449 KB, otworzy si\u0119 w nowej karcie)<\/span><\/a><\/p>\n<p><a  class=\"pdf\" href=\"https:\/\/pb.edu.pl\/via-carpatia\/wp-content\/uploads\/sites\/92\/2025\/03\/Oferta-zajec-Wydzialu-Inzynierii-Zarzadzania-pierwsze-polrocze-2025-r.pdf\" target=\"_blank\" data-id=\"4357\" >Oferta zaj\u0119\u0107 Wydzia\u0142u In\u017cynierii Zarz\u0105dzania <span>(PDF, 642 KB, otworzy si\u0119 w nowej karcie)<\/span><\/a><\/p>\n<p><a  class=\"pdf\" href=\"https:\/\/pb.edu.pl\/via-carpatia\/wp-content\/uploads\/sites\/92\/2025\/03\/Oferta-zajec-Wydzialu-Mechanicznego-pierwsze-polrocze-2025-r.pdf\" target=\"_blank\" data-id=\"4358\" >Oferta zaj\u0119\u0107 Wydzia\u0142u Mechanicznego <span>(PDF, 445 KB, otworzy si\u0119 w nowej karcie)<\/span><\/a><\/p>\n<p>&nbsp;<\/p>\n<div class=\"h3\" style=\"margin-bottom:10px\">Oferta zaj\u0119\u0107 dodatkowych \u2013 IV kwarta\u0142 2024 roku<\/div>\n<p><a class=\"pdf\" href=\"https:\/\/pb.edu.pl\/via-carpatia\/wp-content\/uploads\/sites\/92\/2024\/11\/WA_Oferta_Via-Carpatia_Z-technikum-na-Politechniki_-IV-kwartal-2024.pdf\" target=\"_blank\" data-id=\"3980\" rel=\"noopener\">Oferta zaj\u0119\u0107 Wydzia\u0142u Architektury <span>(PDF, 484 KB, otworzy si\u0119 w nowej karcie)<\/span><\/a><\/p>\n<p><a class=\"pdf\" href=\"https:\/\/pb.edu.pl\/via-carpatia\/wp-content\/uploads\/sites\/92\/2024\/11\/WBiNS_Oferta_Via-Carpatia_Z-technikum-na-Politechniki_-IV-kwartal-2024.pdf\" target=\"_blank\" data-id=\"3981\" rel=\"noopener\">Oferta zaj\u0119\u0107 Wydzia\u0142u Budownictwa i Nauk o \u015arodowisku <span>(PDF, 548 KB, otworzy si\u0119 w nowej karcie)<\/span><\/a><\/p>\n<p><a class=\"pdf\" href=\"https:\/\/pb.edu.pl\/via-carpatia\/wp-content\/uploads\/sites\/92\/2024\/11\/WE_Oferta_Via-Carpatia_Z-technikum-na-Politechniki_-IV-kwartal-2024.pdf\" target=\"_blank\" data-id=\"3982\" rel=\"noopener\">Oferta zaj\u0119\u0107 Wydzia\u0142u Elektrycznego <span>(PDF, 452 KB, otworzy si\u0119 w nowej karcie)<\/span><\/a><\/p>\n<p><a class=\"pdf\" href=\"https:\/\/pb.edu.pl\/via-carpatia\/wp-content\/uploads\/sites\/92\/2024\/11\/WI_Oferta_Via-Carpatia_Z-technikum-na-Politechniki_-IV-kwartal-2024.pdf\" target=\"_blank\" data-id=\"3983\" rel=\"noopener\">Oferta zaj\u0119\u0107 Wydzia\u0142u Informatyki <span>(PDF, 431 KB, otworzy si\u0119 w nowej karcie)<\/span><\/a><\/p>\n<p><a class=\"pdf\" href=\"https:\/\/pb.edu.pl\/via-carpatia\/wp-content\/uploads\/sites\/92\/2024\/11\/WIZ_Oferta_Via-Carpatia_Z-technikum-na-Politechniki_-IV-kwartal-2024.pdf\" target=\"_blank\" data-id=\"3984\" rel=\"noopener\">Oferta zaj\u0119\u0107 Wydzia\u0142u In\u017cynierii Zarz\u0105dzania <span>(PDF, 404 KB, otworzy si\u0119 w nowej karcie)<\/span><\/a><\/p>\n<p><a class=\"pdf\" href=\"https:\/\/pb.edu.pl\/via-carpatia\/wp-content\/uploads\/sites\/92\/2024\/11\/WM_Oferta-zajec_Z-technikum-na-Politechniki_IV-kwartal-2024.pdf\" target=\"_blank\" data-id=\"3985\" rel=\"noopener\">Oferta zaj\u0119\u0107 Wydzia\u0142u Mechanicznego <span>(PDF, 437 KB, otworzy si\u0119 w nowej karcie)<\/span><\/a><br \/>\n&nbsp;<\/p>\n<div class=\"h3\" style=\"margin-bottom:10px\">Oferta zaj\u0119\u0107 dodatkowych &#8211; pierwsze p\u00f3\u0142rocze 2024 roku<\/div>\n<p><a class=\"pdf\" href=\"https:\/\/pb.edu.pl\/via-carpatia\/wp-content\/uploads\/sites\/92\/2024\/05\/Wydzial-Architektury_Oferta_Via-Carpatia_Z-technikum-na-Politechniki_-pierwsze-polrocze-2024.pdf\" target=\"_blank\" rel=\"noopener\">Oferta zaj\u0119\u0107 Wydzia\u0142u Architektury (PDF, 493 KB, otworzy si\u0119 w nowej karcie)<\/a><\/p>\n<p><a class=\"pdf\" href=\"https:\/\/pb.edu.pl\/via-carpatia\/wp-content\/uploads\/sites\/92\/2024\/05\/Wydzial-Budownictwa-i-Nauk-o-Srodowisku_Oferta_Via-Carpatia_Z-technikum-na-Politechniki_-pierwsze-polrocze-2024.pdf\" target=\"_blank\" rel=\"noopener\">Oferta zaj\u0119\u0107 Wydzia\u0142u Budownictwa i Nauk o \u015arodowisku (PDF, 523 KB, otworzy si\u0119 w nowej karcie)<\/a><\/p>\n<p><a class=\"pdf\" href=\"https:\/\/pb.edu.pl\/via-carpatia\/wp-content\/uploads\/sites\/92\/2024\/05\/Wydzial-Elektryczny_Oferta_Via-Carpatia_Z-technikum-na-Politechniki_-pierwsze-polrocze-2024.pdf\" target=\"_blank\" rel=\"noopener\">Oferta zaj\u0119\u0107 Wydzia\u0142u Elektrycznego (PDF, 431 KB, otworzy si\u0119 w nowej karcie)<\/a><\/p>\n<p><a class=\"pdf\" href=\"https:\/\/pb.edu.pl\/via-carpatia\/wp-content\/uploads\/sites\/92\/2024\/05\/Wydzial-Informatyki_Oferta_Via-Carpatia_Z-technikum-na-Politechniki_-pierwsze-polrocze-2024.pdf\" target=\"_blank\" rel=\"noopener\">Oferta zaj\u0119\u0107 Wydzia\u0142u Informatyki (PDF, 427 KB, otworzy si\u0119 w nowej karcie)<\/a><\/p>\n<p><a class=\"pdf\" href=\"https:\/\/pb.edu.pl\/via-carpatia\/wp-content\/uploads\/sites\/92\/2024\/05\/Wydzial-Inzynierii-Zarzadzania_Oferta_Via-Carpatia_Z-technikum-na-Politechniki_-pierwsze-polrocze-2024.pdf\" target=\"_blank\" rel=\"noopener\">Oferta zaj\u0119\u0107 Wydzia\u0142u In\u017cynierii Zarz\u0105dzania (PDF, 430 KB, otworzy si\u0119 w nowej karcie)<\/a><\/p>\n<p><a class=\"pdf\" href=\"https:\/\/pb.edu.pl\/via-carpatia\/wp-content\/uploads\/sites\/92\/2024\/05\/Wydzial-Mechaniczny_Oferta_Via-Carpatia_Z-technikum-na-Politechniki_-pierwsze-polrocze-2024.pdf\" target=\"_blank\" rel=\"noopener\">Oferta zaj\u0119\u0107 Wydzia\u0142u Mechanicznego (PDF, 423 KB, otworzy si\u0119 w nowej karcie)<\/a><br \/>\n<a href=\"https:\/\/wm.pb.edu.pl\/wspolpraca\/oferta-dla-szkol\/\">Wydzia\u0142 Mechaniczny &#8211; szczeg\u00f3\u0142owa oferta zaj\u0119\u0107 dla szk\u00f3\u0142 <\/a><br \/>\n&nbsp;<\/p>\n<div class=\"h3\" style=\"margin-bottom:10px\">Oferta zaj\u0119\u0107 dodatkowych &#8211; IV kwarta\u0142 2023 roku<\/div>\n<p><a class=\"pdf\" href=\"https:\/\/pb.edu.pl\/via-carpatia\/wp-content\/uploads\/sites\/92\/2023\/10\/Wydzial-Architektury-PB-IV-kwartal-2023.pdf\" target=\"_blank\" rel=\"noopener\">Oferta zaj\u0119\u0107 Wydzia\u0142u Architektury (PDF, 491 KB, otworzy si\u0119 w nowej karcie)<\/a><\/p>\n<p><a class=\"pdf\" href=\"https:\/\/pb.edu.pl\/via-carpatia\/wp-content\/uploads\/sites\/92\/2023\/10\/Wydzial-Budownictwa-i-Nauk-o-Srodowisku-PB-IV-kwartal-2023.pdf\" target=\"_blank\" rel=\"noopener\">Oferta zaj\u0119\u0107 Wydzia\u0142u Budownictwa i Nauk o \u015arodowisku (PDF, 504 KB, otworzy si\u0119 w nowej karcie)<\/a><\/p>\n<p><a class=\"pdf\" href=\"https:\/\/pb.edu.pl\/via-carpatia\/wp-content\/uploads\/sites\/92\/2023\/10\/Wydzial-Elektryczny-PB-IV-kwartal-2023.pdf\" target=\"_blank\" rel=\"noopener\">Oferta zaj\u0119\u0107 Wydzia\u0142u Elektrycznego (PDF, 447 KB, otworzy si\u0119 w nowej karcie)<\/a><\/p>\n<p><a class=\"pdf\" href=\"https:\/\/pb.edu.pl\/via-carpatia\/wp-content\/uploads\/sites\/92\/2023\/10\/Wydzial-Inzynierii-Zarzadzania-PB-IV-kwartal-2023.pdf\" target=\"_blank\" rel=\"noopener\">Oferta zaj\u0119\u0107 Wydzia\u0142u In\u017cynierii Zarz\u0105dzania (PDF, 625 KB, otworzy si\u0119 w nowej karcie)<\/a><\/p>\n<p><a class=\"pdf\" href=\"https:\/\/pb.edu.pl\/via-carpatia\/wp-content\/uploads\/sites\/92\/2023\/10\/Wydzial-Mechaniczny-PB-IV-kwartal-2023.pdf\" target=\"_blank\" rel=\"noopener\">Oferta zaj\u0119\u0107 Wydzia\u0142u Mechanicznego (PDF, 78 KB, otworzy si\u0119 w nowej karcie)<\/a><br \/>\n<a href=\"https:\/\/wm.pb.edu.pl\/wspolpraca\/oferta-dla-szkol\/\">Wydzia\u0142 Mechaniczny &#8211; szczeg\u00f3\u0142owa oferta zaj\u0119\u0107 dla szk\u00f3\u0142 <\/a><br \/>\n&nbsp;<\/p>\n<hr>\n<div class=\"h3\">Koordynator dzia\u0142ania projektowego<br \/>\nrealizowanego w Politechnice Bia\u0142ostockiej<\/div>\n<p>dr in\u017c. Ma\u0142gorzata Lelusz<br \/>\n <i class=\"fal fa-envelope\"><\/i> <a href=\"#\" rel=\"nofollow\"  onclick=\"this.href='mailto:' + 'm.lelusz' + '@' + 'pb.edu.pl'\">m.lelusz [at] pb.edu.pl<\/a>\n","protected":false},"excerpt":{"rendered":"<p>Razem mo\u017cemy wi\u0119cej! Naszym celem jest zacie\u015bnianie wsp\u00f3\u0142pracy z regionalnymi szko\u0142ami ponadpodstawowymi, w szczeg\u00f3lno\u015bci technikami. Uczelnie podejmuj\u0105 dzia\u0142ania wsp\u00f3lnie z Kuratorium O\u015bwiaty i organami prowadz\u0105cymi w ramach programu Zintegrowanej Strategii Umiej\u0119tno\u015bci. Wsparcie szk\u00f3\u0142! Politechniki b\u0119d\u0105 zawiera\u0107 porozumienia ze szko\u0142ami, co pozwoli obj\u0105\u0107 patronatami klasy technik\u00f3w o profilach zgodnych z kierunkami kszta\u0142cenia prowadzonymi na Uczelni. Na [&hellip;]<\/p>\n","protected":false},"author":2,"featured_media":0,"parent":475,"menu_order":1,"comment_status":"closed","ping_status":"closed","template":"","meta":{"_acf_changed":false,"ngg_post_thumbnail":0,"footnotes":""},"class_list":["post-477","page","type-page","status-publish","hentry"],"acf":[],"_links":{"self":[{"href":"https:\/\/pb.edu.pl\/via-carpatia\/wp-json\/wp\/v2\/pages\/477","targetHints":{"allow":["GET"]}}],"collection":[{"href":"https:\/\/pb.edu.pl\/via-carpatia\/wp-json\/wp\/v2\/pages"}],"about":[{"href":"https:\/\/pb.edu.pl\/via-carpatia\/wp-json\/wp\/v2\/types\/page"}],"author":[{"embeddable":true,"href":"https:\/\/pb.edu.pl\/via-carpatia\/wp-json\/wp\/v2\/users\/2"}],"replies":[{"embeddable":true,"href":"https:\/\/pb.edu.pl\/via-carpatia\/wp-json\/wp\/v2\/comments?post=477"}],"version-history":[{"count":0,"href":"https:\/\/pb.edu.pl\/via-carpatia\/wp-json\/wp\/v2\/pages\/477\/revisions"}],"up":[{"embeddable":true,"href":"https:\/\/pb.edu.pl\/via-carpatia\/wp-json\/wp\/v2\/pages\/475"}],"wp:attachment":[{"href":"https:\/\/pb.edu.pl\/via-carpatia\/wp-json\/wp\/v2\/media?parent=477"}],"curies":[{"name":"wp","href":"https:\/\/api.w.org\/{rel}","templated":true}]}}