{"id":43,"date":"2021-09-02T20:53:15","date_gmt":"2021-09-02T18:53:15","guid":{"rendered":"https:\/\/pb.edu.pl\/via-carpatia\/?page_id=43"},"modified":"2022-12-21T17:33:09","modified_gmt":"2022-12-21T16:33:09","slug":"grupy-docelowe","status":"publish","type":"page","link":"https:\/\/pb.edu.pl\/via-carpatia\/grupy-docelowe\/","title":{"rendered":"Grupy docelowe"},"content":{"rendered":"<div class=\"h2\">Via Carpatia jest dla Was!<\/div>\n<p>Dzia\u0142ania realizowane przez Sie\u0107 Politechniczn\u0105 s\u0105 skierowane do szerokiego grona odbiorc\u00f3w \u2013 zar\u00f3wno uczni\u00f3w szk\u00f3\u0142 ponadpodstawowych, student\u00f3w, pracownik\u00f3w naukowych i dydaktycznych uczelni, jak i otoczenia spo\u0142eczno-gospodarczego.<br \/>\n&nbsp;<\/p>\n<div class=\"h2\">Kto jest odbiorc\u0105 projektu? Mo\u017cemy wyr\u00f3\u017cni\u0107 4 grupy:<\/div>\n<p><strong class=\"h4 niebieski\">Spo\u0142ecze\u0144stwo<\/strong> \u2013 podniesienie jako\u015bci kszta\u0142cenia, prowadzenie pionierskich bada\u0144 naukowych, \u015bcis\u0142a wsp\u00f3\u0142praca z biznesem oznaczaj\u0105 rozw\u00f3j. Dzi\u0119ki wsp\u00f3\u0142pracy polskich uczelni mo\u017cliwe b\u0119dzie podniesienie jako\u015bci \u017cycia mieszka\u0144c\u00f3w. Innowacyjne rozwi\u0105zania IT, nowatorskie technologie przemys\u0142owe, nowe metody leczenia \u2013 to wszystko jest w zasi\u0119gu r\u0119ki!<br \/>\n&nbsp;<\/p>\n<p><strong class=\"h4 niebieski\">Gospodarka polska<\/strong> \u2013 przep\u0142yw wiedzy oraz indywidualne podej\u015bcie do wyzwa\u0144 technologicznych stawianych przez przedsi\u0119biorstwa zaowocuj\u0105 rozwojem gospodarki. Skorzystaj\u0105 na tym wszyscy.<br \/>\n&nbsp;<\/p>\n<p><strong class=\"h4 niebieski\">System edukacji<\/strong> \u2013 poprzez systemowe podej\u015bcie do wsp\u00f3\u0142pracy ze szko\u0142ami ponadpodstawowymi, jednostki odpowiedzialne za edukacj\u0119 na poszczeg\u00f3lnych poziomach zbuduj\u0105 system wzajemnego wsparcia. Dzi\u0119ki temu b\u0119dziemy skuteczniej odkrywa\u0107 i rozwija\u0107 m\u0142ode talenty!<br \/>\n&nbsp;<\/p>\n<p><strong class=\"h4 niebieski\">Nauka polska<\/strong> \u2013 wsp\u00f3lne dzia\u0142ania przyczyni\u0105 si\u0119 do zwi\u0119kszenia konkurencyjno\u015bci oraz rozpoznawalno\u015bci nauki polskiej. Realizacja prac badawczych polskich zespo\u0142\u00f3w na poziomie prezentowanym przez wiod\u0105ce o\u015brodki zagraniczne \u2013 pozwoli na prowadzenie kluczowych i prze\u0142omowych bada\u0144 naukowych.<\/p>\n","protected":false},"excerpt":{"rendered":"<p>Via Carpatia jest dla Was! Dzia\u0142ania realizowane przez Sie\u0107 Politechniczn\u0105 s\u0105 skierowane do szerokiego grona odbiorc\u00f3w \u2013 zar\u00f3wno uczni\u00f3w szk\u00f3\u0142 ponadpodstawowych, student\u00f3w, pracownik\u00f3w naukowych i dydaktycznych uczelni, jak i otoczenia spo\u0142eczno-gospodarczego. &nbsp; Kto jest odbiorc\u0105 projektu? Mo\u017cemy wyr\u00f3\u017cni\u0107 4 grupy: Spo\u0142ecze\u0144stwo \u2013 podniesienie jako\u015bci kszta\u0142cenia, prowadzenie pionierskich bada\u0144 naukowych, \u015bcis\u0142a wsp\u00f3\u0142praca z biznesem oznaczaj\u0105 rozw\u00f3j. [&hellip;]<\/p>\n","protected":false},"author":2,"featured_media":0,"parent":0,"menu_order":5,"comment_status":"closed","ping_status":"closed","template":"","meta":{"_acf_changed":false,"ngg_post_thumbnail":0,"footnotes":""},"class_list":["post-43","page","type-page","status-publish","hentry"],"acf":[],"_links":{"self":[{"href":"https:\/\/pb.edu.pl\/via-carpatia\/wp-json\/wp\/v2\/pages\/43","targetHints":{"allow":["GET"]}}],"collection":[{"href":"https:\/\/pb.edu.pl\/via-carpatia\/wp-json\/wp\/v2\/pages"}],"about":[{"href":"https:\/\/pb.edu.pl\/via-carpatia\/wp-json\/wp\/v2\/types\/page"}],"author":[{"embeddable":true,"href":"https:\/\/pb.edu.pl\/via-carpatia\/wp-json\/wp\/v2\/users\/2"}],"replies":[{"embeddable":true,"href":"https:\/\/pb.edu.pl\/via-carpatia\/wp-json\/wp\/v2\/comments?post=43"}],"version-history":[{"count":0,"href":"https:\/\/pb.edu.pl\/via-carpatia\/wp-json\/wp\/v2\/pages\/43\/revisions"}],"wp:attachment":[{"href":"https:\/\/pb.edu.pl\/via-carpatia\/wp-json\/wp\/v2\/media?parent=43"}],"curies":[{"name":"wp","href":"https:\/\/api.w.org\/{rel}","templated":true}]}}